{"id":17797,"date":"2019-03-18T15:59:25","date_gmt":"2019-03-18T14:59:25","guid":{"rendered":"https:\/\/arteconstructo.com\/unilit-membrane\/"},"modified":"2019-06-26T15:58:08","modified_gmt":"2019-06-26T14:58:08","slug":"unilit-membrane","status":"publish","type":"page","link":"https:\/\/arteconstructo.com\/fr\/unilit-membrane\/","title":{"rendered":"Unilit Membrane"},"content":{"rendered":"<div class=\"wpb-content-wrapper\"><p>[vc_row][vc_column][vc_column_text]<\/p>\n<h2><b>Unilit Membrane<\/b><\/h2>\n<p>&nbsp;<\/p>\n<p><strong>Description<\/strong><\/p>\n<p>UNILIT MEMBRANE est une membrane \u00e9tanche et perm\u00e9able \u00e0 la vapeur qui est sp\u00e9cialement con\u00e7ue pour des toitures inclin\u00e9es, mais peut \u00e9galement \u00eatre appliqu\u00e9e comme une couche de protection \u00e0 l\u2019eau derri\u00e8re des panneaux de fa\u00e7ade ou en combinaison avec un syst\u00e8me d\u2019enduit \u00e0 la chaux.<br \/>\nUNILIT MEMBRANE est un assemblage quadri-couches ultra r\u00e9sistant, dont deux couches de polypropyl\u00e8ne \u00e0 l\u2019ext\u00e9rieur, un film microporeux et un renforcement en polypropyl\u00e8ne.<br \/>\nUNILIT MEMBRANE peut \u00eatre appliqu\u00e9e directement sur le support ou sur une structure.<\/p>\n<p>&nbsp;<\/p>\n<p><a href=\"https:\/\/arteconstructo.com\/wp-content\/uploads\/2019\/03\/FICHE-TECHNIQUE-Unilit-Membrane.pdf\"><strong>T\u00e9l\u00e9charger la version PDF<\/strong><\/a>[\/vc_column_text][\/vc_column][\/vc_row]<\/p>\n<\/div>","protected":false},"excerpt":{"rendered":"<p>[vc_row][vc_column][vc_column_text] Unilit Membrane &nbsp; Description UNILIT MEMBRANE est une membrane \u00e9tanche et perm\u00e9able \u00e0 la vapeur qui est sp\u00e9cialement con\u00e7ue pour des toitures inclin\u00e9es, mais peut \u00e9galement \u00eatre appliqu\u00e9e comme une couche de protection \u00e0 l\u2019eau derri\u00e8re des panneaux de fa\u00e7ade ou en combinaison avec un syst\u00e8me d\u2019enduit \u00e0 la chaux. UNILIT MEMBRANE est un&hellip;<\/p>\n","protected":false},"author":8,"featured_media":0,"parent":0,"menu_order":0,"comment_status":"closed","ping_status":"closed","template":"","meta":{"footnotes":""},"class_list":["post-17797","page","type-page","status-publish","hentry","description-off"],"_links":{"self":[{"href":"https:\/\/arteconstructo.com\/fr\/wp-json\/wp\/v2\/pages\/17797","targetHints":{"allow":["GET"]}}],"collection":[{"href":"https:\/\/arteconstructo.com\/fr\/wp-json\/wp\/v2\/pages"}],"about":[{"href":"https:\/\/arteconstructo.com\/fr\/wp-json\/wp\/v2\/types\/page"}],"author":[{"embeddable":true,"href":"https:\/\/arteconstructo.com\/fr\/wp-json\/wp\/v2\/users\/8"}],"replies":[{"embeddable":true,"href":"https:\/\/arteconstructo.com\/fr\/wp-json\/wp\/v2\/comments?post=17797"}],"version-history":[{"count":0,"href":"https:\/\/arteconstructo.com\/fr\/wp-json\/wp\/v2\/pages\/17797\/revisions"}],"wp:attachment":[{"href":"https:\/\/arteconstructo.com\/fr\/wp-json\/wp\/v2\/media?parent=17797"}],"curies":[{"name":"wp","href":"https:\/\/api.w.org\/{rel}","templated":true}]}}