{"id":17795,"date":"2019-03-18T15:58:51","date_gmt":"2019-03-18T14:58:51","guid":{"rendered":"https:\/\/arteconstructo.com\/treillis-ceramique\/"},"modified":"2019-06-26T15:57:06","modified_gmt":"2019-06-26T14:57:06","slug":"treillis-ceramique","status":"publish","type":"page","link":"https:\/\/arteconstructo.com\/fr\/treillis-ceramique\/","title":{"rendered":"Treillis C\u00e9ramique"},"content":{"rendered":"<div class=\"wpb-content-wrapper\"><p>[vc_row][vc_column][vc_column_text]<\/p>\n<h2><b>TREILLIS CERAMIQUE<\/b><\/h2>\n<p>&nbsp;<\/p>\n<p><b>Description<\/b><\/p>\n<p>Le treillis c\u00e9ramique est un support d\u2019enduit form\u00e9 d\u2019un treillis sur lequel ont \u00e9t\u00e9 press\u00e9es des croix de terre cuite.<\/p>\n<p>&nbsp;<\/p>\n<p><a href=\"https:\/\/arteconstructo.com\/wp-content\/uploads\/2019\/03\/TREILLIS-CERAMIQUE-fiche-tech.pdf\"><strong>T\u00e9l\u00e9charger la version PDF<\/strong><\/a>[\/vc_column_text][\/vc_column][\/vc_row]<\/p>\n<\/div>","protected":false},"excerpt":{"rendered":"<p>[vc_row][vc_column][vc_column_text] TREILLIS CERAMIQUE &nbsp; Description Le treillis c\u00e9ramique est un support d\u2019enduit form\u00e9 d\u2019un treillis sur lequel ont \u00e9t\u00e9 press\u00e9es des croix de terre cuite. &nbsp; T\u00e9l\u00e9charger la version PDF[\/vc_column_text][\/vc_column][\/vc_row]<\/p>\n","protected":false},"author":8,"featured_media":0,"parent":0,"menu_order":0,"comment_status":"closed","ping_status":"closed","template":"","meta":{"footnotes":""},"class_list":["post-17795","page","type-page","status-publish","hentry","description-off"],"_links":{"self":[{"href":"https:\/\/arteconstructo.com\/fr\/wp-json\/wp\/v2\/pages\/17795","targetHints":{"allow":["GET"]}}],"collection":[{"href":"https:\/\/arteconstructo.com\/fr\/wp-json\/wp\/v2\/pages"}],"about":[{"href":"https:\/\/arteconstructo.com\/fr\/wp-json\/wp\/v2\/types\/page"}],"author":[{"embeddable":true,"href":"https:\/\/arteconstructo.com\/fr\/wp-json\/wp\/v2\/users\/8"}],"replies":[{"embeddable":true,"href":"https:\/\/arteconstructo.com\/fr\/wp-json\/wp\/v2\/comments?post=17795"}],"version-history":[{"count":0,"href":"https:\/\/arteconstructo.com\/fr\/wp-json\/wp\/v2\/pages\/17795\/revisions"}],"wp:attachment":[{"href":"https:\/\/arteconstructo.com\/fr\/wp-json\/wp\/v2\/media?parent=17795"}],"curies":[{"name":"wp","href":"https:\/\/api.w.org\/{rel}","templated":true}]}}