{"id":17793,"date":"2019-03-18T15:58:03","date_gmt":"2019-03-18T14:58:03","guid":{"rendered":"https:\/\/arteconstructo.com\/ecologic-wax\/"},"modified":"2019-06-26T15:56:11","modified_gmt":"2019-06-26T14:56:11","slug":"ecologic-wax","status":"publish","type":"page","link":"https:\/\/arteconstructo.com\/fr\/ecologic-wax\/","title":{"rendered":"ECOlogic Wax"},"content":{"rendered":"<div class=\"wpb-content-wrapper\"><p>[vc_row][vc_column][vc_column_text]<\/p>\n<h2><b>ECOlogic Wax<\/b><\/h2>\n<p>CIRE D&#8217;ABEILLE ECOLOGIQUE<\/p>\n<p>&nbsp;<\/p>\n<p><b>Description<\/b><\/p>\n<p>ECOlogic Wax est une cire pour l\u2019entretien des surfaces en bois et de nature min\u00e9rale.<br \/>\nECOlogic Wax est fabriqu\u00e9e selon des m\u00e9thodes traditionnelles, sur la base d\u2019une recette de plus de 60 ans. La combinaison de cires naturelles d\u2019abeilles et de carnauba donne un aspect soyeux et une couleur unique. ECOlogic Wax cr\u00e9e une couche protectrice et estompe les imperfections. Cette cire est ainsi le produit le plus appropri\u00e9 pour le traitement des meubles et des sols, mais aussi comme une couche de finition, par exemple pour des peintures \u00e0 la chaux.<br \/>\nECOlogic Wax nettoie, prot\u00e8ge et pr\u00e9serve tous les supports bois. Un traitement avec cette cire permet de redonner de l\u2019authenticit\u00e9 et de masquer les rayures superficielles.<\/p>\n<p>&nbsp;<\/p>\n<p><a href=\"https:\/\/arteconstructo.com\/wp-content\/uploads\/2019\/03\/ECOlogic-Wax-fiche-technique-1.pdf\"><strong>T\u00e9l\u00e9charger la version PDF<\/strong><\/a>[\/vc_column_text][\/vc_column][\/vc_row]<\/p>\n<\/div>","protected":false},"excerpt":{"rendered":"<p>[vc_row][vc_column][vc_column_text] ECOlogic Wax CIRE D&#8217;ABEILLE ECOLOGIQUE &nbsp; Description ECOlogic Wax est une cire pour l\u2019entretien des surfaces en bois et de nature min\u00e9rale. ECOlogic Wax est fabriqu\u00e9e selon des m\u00e9thodes traditionnelles, sur la base d\u2019une recette de plus de 60 ans. La combinaison de cires naturelles d\u2019abeilles et de carnauba donne un aspect soyeux et&hellip;<\/p>\n","protected":false},"author":8,"featured_media":0,"parent":0,"menu_order":0,"comment_status":"closed","ping_status":"closed","template":"","meta":{"footnotes":""},"class_list":["post-17793","page","type-page","status-publish","hentry","description-off"],"_links":{"self":[{"href":"https:\/\/arteconstructo.com\/fr\/wp-json\/wp\/v2\/pages\/17793","targetHints":{"allow":["GET"]}}],"collection":[{"href":"https:\/\/arteconstructo.com\/fr\/wp-json\/wp\/v2\/pages"}],"about":[{"href":"https:\/\/arteconstructo.com\/fr\/wp-json\/wp\/v2\/types\/page"}],"author":[{"embeddable":true,"href":"https:\/\/arteconstructo.com\/fr\/wp-json\/wp\/v2\/users\/8"}],"replies":[{"embeddable":true,"href":"https:\/\/arteconstructo.com\/fr\/wp-json\/wp\/v2\/comments?post=17793"}],"version-history":[{"count":0,"href":"https:\/\/arteconstructo.com\/fr\/wp-json\/wp\/v2\/pages\/17793\/revisions"}],"wp:attachment":[{"href":"https:\/\/arteconstructo.com\/fr\/wp-json\/wp\/v2\/media?parent=17793"}],"curies":[{"name":"wp","href":"https:\/\/api.w.org\/{rel}","templated":true}]}}