{"id":17791,"date":"2019-03-18T15:57:44","date_gmt":"2019-03-18T14:57:44","guid":{"rendered":"https:\/\/arteconstructo.com\/ecologic-remover\/"},"modified":"2019-06-26T15:54:58","modified_gmt":"2019-06-26T14:54:58","slug":"ecologic-remover","status":"publish","type":"page","link":"https:\/\/arteconstructo.com\/fr\/ecologic-remover\/","title":{"rendered":"ECOlogic Remover"},"content":{"rendered":"<div class=\"wpb-content-wrapper\"><p>[vc_row][vc_column][vc_column_text]<\/p>\n<h2><b>ECOlogic Remover<\/b><\/h2>\n<p>DECAPANT<\/p>\n<p>&nbsp;<\/p>\n<p><b>Description<\/b><\/p>\n<p>ECOlogic Remover est un d\u00e9capant g\u00e9lifi\u00e9\/liquide d\u2019une nouvelle g\u00e9n\u00e9ration, \u00e9cologiquement s\u00fbr. ECOlogic Remover ne contient ni solvants chlor\u00e9s. Il est sans acide, ni soude, ni potasse, sans solvants dangereux comme N.M.P, ne contient pas de D-Limon\u00e8ne et est sans conservateur. Son PH est neutre et il ne contient pas de paraffine.<\/p>\n<p>&nbsp;<\/p>\n<p><strong>Application<\/strong><\/p>\n<p>ECOlogic Remover d\u00e9cape rapidement et ais\u00e9ment la plupart des peintures et vernis, y compris: pliolite, acryl, cr\u00e9pi rustique, imper I1, I2, etc.<br \/>\nGr\u00e2ce \u00e0 une tr\u00e8s faible teneur en C.O.V. (3,4%, moins de 38 g\/L), ECOlogic Remover s\u2019utilise aussi bien \u00e0 l\u2019ext\u00e9rieur qu\u2019\u00e0 l\u2019int\u00e9rieur.<br \/>\nECOlogic Remover d\u00e9cape sans d\u00e9t\u00e9riorer le support tel que le bois, le plastique, les m\u00e9taux ferreux et non ferreux, pl\u00e2tre, cr\u00e9pi ma\u00e7on, brique, pierre et autre support min\u00e9ral tel que le marbre.<strong><br \/>\n<\/strong><\/p>\n<p>&nbsp;<\/p>\n<p><a href=\"https:\/\/arteconstructo.com\/wp-content\/uploads\/2019\/03\/Fiche-tech-ECOlogic-Remover.pdf\"><strong>T\u00e9l\u00e9charger la version PDF<\/strong><\/a>[\/vc_column_text][\/vc_column][\/vc_row]<\/p>\n<\/div>","protected":false},"excerpt":{"rendered":"<p>[vc_row][vc_column][vc_column_text] ECOlogic Remover DECAPANT &nbsp; Description ECOlogic Remover est un d\u00e9capant g\u00e9lifi\u00e9\/liquide d\u2019une nouvelle g\u00e9n\u00e9ration, \u00e9cologiquement s\u00fbr. ECOlogic Remover ne contient ni solvants chlor\u00e9s. Il est sans acide, ni soude, ni potasse, sans solvants dangereux comme N.M.P, ne contient pas de D-Limon\u00e8ne et est sans conservateur. Son PH est neutre et il ne contient pas&hellip;<\/p>\n","protected":false},"author":8,"featured_media":0,"parent":0,"menu_order":0,"comment_status":"closed","ping_status":"closed","template":"","meta":{"footnotes":""},"class_list":["post-17791","page","type-page","status-publish","hentry","description-off"],"_links":{"self":[{"href":"https:\/\/arteconstructo.com\/fr\/wp-json\/wp\/v2\/pages\/17791","targetHints":{"allow":["GET"]}}],"collection":[{"href":"https:\/\/arteconstructo.com\/fr\/wp-json\/wp\/v2\/pages"}],"about":[{"href":"https:\/\/arteconstructo.com\/fr\/wp-json\/wp\/v2\/types\/page"}],"author":[{"embeddable":true,"href":"https:\/\/arteconstructo.com\/fr\/wp-json\/wp\/v2\/users\/8"}],"replies":[{"embeddable":true,"href":"https:\/\/arteconstructo.com\/fr\/wp-json\/wp\/v2\/comments?post=17791"}],"version-history":[{"count":0,"href":"https:\/\/arteconstructo.com\/fr\/wp-json\/wp\/v2\/pages\/17791\/revisions"}],"wp:attachment":[{"href":"https:\/\/arteconstructo.com\/fr\/wp-json\/wp\/v2\/media?parent=17791"}],"curies":[{"name":"wp","href":"https:\/\/api.w.org\/{rel}","templated":true}]}}