{"id":17789,"date":"2019-03-18T15:57:22","date_gmt":"2019-03-18T14:57:22","guid":{"rendered":"https:\/\/arteconstructo.com\/ecologic-cleaner\/"},"modified":"2019-06-26T15:53:52","modified_gmt":"2019-06-26T14:53:52","slug":"ecologic-cleaner","status":"publish","type":"page","link":"https:\/\/arteconstructo.com\/fr\/ecologic-cleaner\/","title":{"rendered":"ECOlogic Cleaner"},"content":{"rendered":"<div class=\"wpb-content-wrapper\"><p>[vc_row][vc_column][vc_column_text]<\/p>\n<h2><b>ECOlogic Cleaner<\/b><\/h2>\n<p>Produit de nettoyage \u00e0 base d\u2019enzymes pour \u00e9liminer les taches de pollution, d\u2019algues et de mousses sur toitures, murs, terrasses etc.<\/p>\n<p><strong>Domaine d&#8217;application<\/strong><br \/>\nECOLOGIC CLEANER est utilisable sur les tuiles, les ardoises, la ma\u00e7onnerie, les enduits, les pav\u00e9s, le b\u00e9ton, bois, m\u00e9tal, roofing etc. afin de supprimer les algues et mousses.<\/p>\n<p><strong>Les avantages<\/strong><br \/>\n&#8211; Le support est nettoy\u00e9 de fa\u00e7on biologique, et donc \u00e9cologique.<br \/>\n&#8211; Gr\u00e2ce \u00e0 l\u2019absence de composants chimiques il n\u2019y a pas de d\u00e9gradation\/pollution de surface ou d\u2019eau souterraine.<br \/>\n&#8211; Il n\u2019y a aucune influence corrosive sur les supports min\u00e9raux.<br \/>\n&#8211; Le produit est pr\u00eat-\u00e0-l\u2019emploi.<\/p>\n<p>&nbsp;<\/p>\n<p><a href=\"https:\/\/arteconstructo.com\/wp-content\/uploads\/2019\/03\/ECOlogic-Cleaner-Fiche-technique.pdf\"><strong>T\u00e9l\u00e9charger la version PDF<\/strong><\/a>[\/vc_column_text][\/vc_column][\/vc_row]<\/p>\n<\/div>","protected":false},"excerpt":{"rendered":"<p>[vc_row][vc_column][vc_column_text] ECOlogic Cleaner Produit de nettoyage \u00e0 base d\u2019enzymes pour \u00e9liminer les taches de pollution, d\u2019algues et de mousses sur toitures, murs, terrasses etc. Domaine d&#8217;application ECOLOGIC CLEANER est utilisable sur les tuiles, les ardoises, la ma\u00e7onnerie, les enduits, les pav\u00e9s, le b\u00e9ton, bois, m\u00e9tal, roofing etc. afin de supprimer les algues et mousses. Les&hellip;<\/p>\n","protected":false},"author":8,"featured_media":0,"parent":0,"menu_order":0,"comment_status":"closed","ping_status":"closed","template":"","meta":{"footnotes":""},"class_list":["post-17789","page","type-page","status-publish","hentry","description-off"],"_links":{"self":[{"href":"https:\/\/arteconstructo.com\/fr\/wp-json\/wp\/v2\/pages\/17789","targetHints":{"allow":["GET"]}}],"collection":[{"href":"https:\/\/arteconstructo.com\/fr\/wp-json\/wp\/v2\/pages"}],"about":[{"href":"https:\/\/arteconstructo.com\/fr\/wp-json\/wp\/v2\/types\/page"}],"author":[{"embeddable":true,"href":"https:\/\/arteconstructo.com\/fr\/wp-json\/wp\/v2\/users\/8"}],"replies":[{"embeddable":true,"href":"https:\/\/arteconstructo.com\/fr\/wp-json\/wp\/v2\/comments?post=17789"}],"version-history":[{"count":0,"href":"https:\/\/arteconstructo.com\/fr\/wp-json\/wp\/v2\/pages\/17789\/revisions"}],"wp:attachment":[{"href":"https:\/\/arteconstructo.com\/fr\/wp-json\/wp\/v2\/media?parent=17789"}],"curies":[{"name":"wp","href":"https:\/\/api.w.org\/{rel}","templated":true}]}}