{"id":17787,"date":"2019-03-18T15:56:53","date_gmt":"2019-03-18T14:56:53","guid":{"rendered":"https:\/\/arteconstructo.com\/ecoimpregno\/"},"modified":"2019-06-26T15:52:34","modified_gmt":"2019-06-26T14:52:34","slug":"ecoimpregno","status":"publish","type":"page","link":"https:\/\/arteconstructo.com\/fr\/ecoimpregno\/","title":{"rendered":"ECOimpregno"},"content":{"rendered":"<div class=\"wpb-content-wrapper\"><p>[vc_row][vc_column][vc_column_text]<\/p>\n<h2><b>ECOimpregno<\/b><\/h2>\n<p>HUILE POUR SURFACES \u00e0 LA CHAUX<\/p>\n<p><strong>Description<\/strong><\/p>\n<p>ECOimpregno est un produit d\u2019impr\u00e9gnation \u00e0 base d\u2019huile de lin et de t\u00e9r\u00e9benthine. Il a sp\u00e9cialement \u00e9t\u00e9 con\u00e7u pour le traitement de sols \u00e0 la chaux. La t\u00e9r\u00e9benthine permettra \u00e0 l\u2019huile de s\u2019impr\u00e9gner plus profond\u00e9ment dans la structure ouverte du mortier \u00e0 la chaux. Etant suffisamment respirable le produit ne g\u00eanera pas la carbonatation du mortier fra\u00eechement appliqu\u00e9.<\/p>\n<p><strong>Domaine d&#8217;application<\/strong><\/p>\n<p>ECOimpregno s\u2019utilise pour augmenter la durabilit\u00e9 des sols (int\u00e9rieurs) compos\u00e9s de chaux hydraulique naturelle.<\/p>\n<p>&nbsp;<\/p>\n<p><a href=\"https:\/\/arteconstructo.com\/wp-content\/uploads\/2019\/03\/ECOimpregno-fiche-technique-1.pdf\"><strong>T\u00e9l\u00e9charger la version PDF<\/strong><\/a>[\/vc_column_text][\/vc_column][\/vc_row]<\/p>\n<\/div>","protected":false},"excerpt":{"rendered":"<p>[vc_row][vc_column][vc_column_text] ECOimpregno HUILE POUR SURFACES \u00e0 LA CHAUX Description ECOimpregno est un produit d\u2019impr\u00e9gnation \u00e0 base d\u2019huile de lin et de t\u00e9r\u00e9benthine. Il a sp\u00e9cialement \u00e9t\u00e9 con\u00e7u pour le traitement de sols \u00e0 la chaux. La t\u00e9r\u00e9benthine permettra \u00e0 l\u2019huile de s\u2019impr\u00e9gner plus profond\u00e9ment dans la structure ouverte du mortier \u00e0 la chaux. Etant suffisamment&hellip;<\/p>\n","protected":false},"author":8,"featured_media":0,"parent":0,"menu_order":0,"comment_status":"closed","ping_status":"closed","template":"","meta":{"footnotes":""},"class_list":["post-17787","page","type-page","status-publish","hentry","description-off"],"_links":{"self":[{"href":"https:\/\/arteconstructo.com\/fr\/wp-json\/wp\/v2\/pages\/17787","targetHints":{"allow":["GET"]}}],"collection":[{"href":"https:\/\/arteconstructo.com\/fr\/wp-json\/wp\/v2\/pages"}],"about":[{"href":"https:\/\/arteconstructo.com\/fr\/wp-json\/wp\/v2\/types\/page"}],"author":[{"embeddable":true,"href":"https:\/\/arteconstructo.com\/fr\/wp-json\/wp\/v2\/users\/8"}],"replies":[{"embeddable":true,"href":"https:\/\/arteconstructo.com\/fr\/wp-json\/wp\/v2\/comments?post=17787"}],"version-history":[{"count":0,"href":"https:\/\/arteconstructo.com\/fr\/wp-json\/wp\/v2\/pages\/17787\/revisions"}],"wp:attachment":[{"href":"https:\/\/arteconstructo.com\/fr\/wp-json\/wp\/v2\/media?parent=17787"}],"curies":[{"name":"wp","href":"https:\/\/api.w.org\/{rel}","templated":true}]}}