{"id":17218,"date":"2018-08-01T18:08:47","date_gmt":"2018-08-01T17:08:47","guid":{"rendered":"https:\/\/arteconstructo.com\/lime-primer-fondo-uniforcalce\/"},"modified":"2020-05-04T14:22:09","modified_gmt":"2020-05-04T13:22:09","slug":"lime-primer-fondo-uniforcalce","status":"publish","type":"page","link":"https:\/\/arteconstructo.com\/fr\/lime-primer-fondo-uniforcalce\/","title":{"rendered":"LIME PRIMER (Fondo Uniforcalce)"},"content":{"rendered":"<div class=\"wpb-content-wrapper\"><p>[vc_row][vc_column][vc_column_text]<\/p>\n<h2><strong>LIME PRIMER (Fondo Uniforcalce)<\/strong><\/h2>\n<p><strong>COUCHE D\u2019ACCROCHE POLYVALENTE LEGEREMENT GRANULEUX (0.10, 0.25 ou 0.50 mm)<\/strong><\/p>\n<p><strong>Description<\/strong><\/p>\n<p>Lime Primer est une couche d\u2019accroche pour supports instables ou synth\u00e9tiques.\u00a0 Le produit ne contient que des composants naturels, pures et qualitatifs\u00a0: chaux grasse, additifs sableux naturels et quartz.<\/p>\n<p>Lime Primer r\u00e9gule l\u2019absorption du support.\u00a0 Il est tr\u00e8s respirant \u00e0 la vapeur d\u2019eau.\u00a0 Les finitions possibles sont des peintures de type min\u00e9rale et\/ou des mortiers \u00e0 la chaux fins.<\/p>\n<p>Lime Primer r\u00e9siste aux alcalins.<\/p>\n<p>&nbsp;<\/p>\n<p><strong>Domaine <\/strong><strong>d\u2019utilisation<\/strong><\/p>\n<p>Lime Primer est particuli\u00e8rement adapt\u00e9 comme couche de fond pour des surfaces dans des b\u00e2timents existants et des restaurations.\u00a0 Le produit peut \u00eatre appliqu\u00e9 sur des enduits lisses et rugueux, des peintures existantes, des pierres poreux et sur tout type de ma\u00e7onnerie \u00e0 condition que celle-ci soit parfaitement s\u00e8che.<\/p>\n<p>&nbsp;<\/p>\n<p><strong>Pr\u00e9paration\u00a0<\/strong><strong>du support<\/strong><\/p>\n<p>Le support doit \u00eatre sec, lisse, nettoy\u00e9, d\u00e9poussi\u00e9r\u00e9 et d\u00e9graiss\u00e9.\u00a0Les couches non ou peu adh\u00e9rentes des peintures existantes doivent \u00eatre d\u00e9cap\u00e9es.\u00a0 Si certaines r\u00e9parations doivent \u00eatre effectu\u00e9es il est fortement conseill\u00e9 de ne qu\u2019utiliser des produits \u00e0 base de chaux.<\/p>\n<p>&nbsp;<\/p>\n<p><strong>Application<\/strong><\/p>\n<p>Lime Primer est un produit pr\u00eat \u00e0 l\u2019emploi, mais peut \u00e9ventuellement aussi \u00eatre dilu\u00e9 \u00e0 l\u2019eau (5%).\u00a0 Il est appliqu\u00e9 en une couche au rouleau ou \u00e0 la brosse.\u00a0 Dans le cas o\u00f9 une seconde couche est d\u00e9sirable, il faut laisser suffisamment de temps \u00e0 la premi\u00e8re couche de bien s\u00e9cher.<\/p>\n<p>&nbsp;<\/p>\n<p><strong>Emballage et <\/strong><strong>consommation<\/strong><\/p>\n<p>Seaux en plastique de 5 et 25 kg.<\/p>\n<p>Le produit reste stable au moins pendant 12 mois lorsqu\u2019il est conserv\u00e9 dans des r\u00e9cipients herm\u00e9tiquement ferm\u00e9s \u00e0 temp\u00e9rature ambiante.\u00a0 Conserver dans un lieu frais et sec, \u00e0 l\u2019abri du gel et du soleil.\u00a0 Prot\u00e9ger des sources de chaleur et des rayons de soleil.<\/p>\n<p>Consommation indicative : 200 g\/m\u00b2 (0,10mm)\u00a0 &#8211;\u00a0 250 g\/m\u00b2 (0,25mm)\u00a0 &#8211;\u00a0 350 g\/m\u00b2 (0.50mm)<\/p>\n<p><a href=\"https:\/\/arteconstructo.com\/wp-content\/uploads\/2020\/05\/Fiche-tech-LIME-PRIMER.pdf\">T\u00e9l\u00e9chargez la version PDF<\/a><\/p>\n<p>[\/vc_column_text][\/vc_column][\/vc_row]<\/p>\n<\/div>","protected":false},"excerpt":{"rendered":"<p>[vc_row][vc_column][vc_column_text] LIME PRIMER (Fondo Uniforcalce) COUCHE D\u2019ACCROCHE POLYVALENTE LEGEREMENT GRANULEUX (0.10, 0.25 ou 0.50 mm) Description Lime Primer est une couche d\u2019accroche pour supports instables ou synth\u00e9tiques.\u00a0 Le produit ne contient que des composants naturels, pures et qualitatifs\u00a0: chaux grasse, additifs sableux naturels et quartz. Lime Primer r\u00e9gule l\u2019absorption du support.\u00a0 Il est tr\u00e8s respirant&hellip;<\/p>\n","protected":false},"author":8,"featured_media":0,"parent":0,"menu_order":0,"comment_status":"closed","ping_status":"closed","template":"","meta":{"footnotes":""},"class_list":["post-17218","page","type-page","status-publish","hentry","description-off"],"_links":{"self":[{"href":"https:\/\/arteconstructo.com\/fr\/wp-json\/wp\/v2\/pages\/17218","targetHints":{"allow":["GET"]}}],"collection":[{"href":"https:\/\/arteconstructo.com\/fr\/wp-json\/wp\/v2\/pages"}],"about":[{"href":"https:\/\/arteconstructo.com\/fr\/wp-json\/wp\/v2\/types\/page"}],"author":[{"embeddable":true,"href":"https:\/\/arteconstructo.com\/fr\/wp-json\/wp\/v2\/users\/8"}],"replies":[{"embeddable":true,"href":"https:\/\/arteconstructo.com\/fr\/wp-json\/wp\/v2\/comments?post=17218"}],"version-history":[{"count":0,"href":"https:\/\/arteconstructo.com\/fr\/wp-json\/wp\/v2\/pages\/17218\/revisions"}],"wp:attachment":[{"href":"https:\/\/arteconstructo.com\/fr\/wp-json\/wp\/v2\/media?parent=17218"}],"curies":[{"name":"wp","href":"https:\/\/api.w.org\/{rel}","templated":true}]}}