{"id":17214,"date":"2018-08-01T17:59:01","date_gmt":"2018-08-01T16:59:01","guid":{"rendered":"https:\/\/arteconstructo.com\/ecocera\/"},"modified":"2018-08-02T16:30:25","modified_gmt":"2018-08-02T15:30:25","slug":"ecocera","status":"publish","type":"page","link":"https:\/\/arteconstructo.com\/fr\/ecocera\/","title":{"rendered":"ECOCERA"},"content":{"rendered":"<h2><strong>ECOCERA<\/strong><\/h2>\n<p><strong>EMULSION DE CIRE NATURELLE ET SAVON DE MARSEILLE<\/strong><\/p>\n<p>&nbsp;<\/p>\n<p><strong>Description<\/strong><\/p>\n<p>Ecocera est une cr\u00e8me naturelle qui est employ\u00e9 comme couche protectrice pour prot\u00e9ger les surfaces de l\u2019encrassement et pour les rendre \u00e9tanche \u00e0 l\u2019eau.\u00a0 Ecocera est compos\u00e9e de cire d&#8217;abeilles blanchie tr\u00e8s pure, exempte de solvants, et au savon de Marseille \u00e9mulsionn\u00e9 chaud, selon la technique d\u2019autrefois.<\/p>\n<p>&nbsp;<\/p>\n<p><strong>Domaine d\u2019utilisation<\/strong><\/p>\n<p>Ecocera est appliqu\u00e9e comme couche protectrice des murs int\u00e9rieurs.\u00a0 Il peut \u00eatre appliqu\u00e9 sur tout support lisse (nouveau tant que vieux) tels que badigeon \u00e0 la chaux, peinture au silicate, enduit marbr\u00e9 genre Coristil, Decorlux,Venestuk et autres \u2026<\/p>\n<p>Ecocera est utilis\u00e9e pour uniformiser et augmenter l\u2019aspect brillant naturel et l\u2019aspect de velours de la ligne d\u00e9corative Coridecor, sans avoir un effet jaunissant.<\/p>\n<p>Ecocera est particuli\u00e8rement int\u00e9ressante pour prot\u00e9ger les surfaces de l\u2019encrassement dans des endroits avec beaucoup de passage, comme des escaliers, des bars et des r\u00e9ceptions, ainsi que pour prot\u00e9ger les surfaces de l\u2019humidit\u00e9, comme des cuisines et des salles de bains.<\/p>\n<p>&nbsp;<\/p>\n<p><strong>Pr\u00e9paration du support<\/strong><\/p>\n<p>Le support doit \u00eatre stable, propre et sec.<\/p>\n<p>&nbsp;<\/p>\n<p><strong>Application<\/strong><\/p>\n<p>Ecocera est un produit pr\u00eat \u00e0 l\u2019emploi, et ne demande qu\u2019\u00e0 \u00eatre m\u00e9lang\u00e9 soigneusement avant son application.\u00a0 Au cas o\u00f9 la cr\u00e8me est trop dure vue que la temp\u00e9rature est trop basse, r\u00e9chauffer le produit jusqu\u2019\u00e0 environ 30\u00b0C.<\/p>\n<p>La cire s\u2019applique r\u00e9guli\u00e8rement avec un chiffon souple, une \u00e9ponge ou un pinceau \u00e0 fin d\u2019obtenir une distribution uniforme du produit.\u00a0 Apr\u00e8s le s\u00e9chage compl\u00e8t de la cire, l\u2019effet brillant est obtenu en frottant \u00e9nergiquement la surface avec un chiffon sec et propre.<\/p>\n<p>&nbsp;<\/p>\n<p><strong>Emballage et consommation<\/strong><\/p>\n<p>Seaux en plastique de 0,75 l, 2,5 l et 5 l.<\/p>\n<p>Le produit reste stable au moins pendant 12 mois lorsqu\u2019il est conserv\u00e9 dans des r\u00e9cipients herm\u00e9tiquement ferm\u00e9s \u00e0 temp\u00e9rature entre +5\u00b0C et +35\u00b0C.\u00a0 Conserver dans un lieu frais et sec, \u00e0 l\u2019abri du gel et du soleil.\u00a0 Prot\u00e9ger des sources de chaleur.<\/p>\n<p>Consommation\u00a0: 30 &#8211; 40 m\u00b2\/l par couche<\/p>\n<p><a href=\"https:\/\/arteconstructo.com\/wp-content\/uploads\/2018\/08\/Fiche-tech-ECOCERA.pdf\">T\u00e9l\u00e9chargez la version PDF<\/a><\/p>\n","protected":false},"excerpt":{"rendered":"<p>ECOCERA EMULSION DE CIRE NATURELLE ET SAVON DE MARSEILLE &nbsp; Description Ecocera est une cr\u00e8me naturelle qui est employ\u00e9 comme couche protectrice pour prot\u00e9ger les surfaces de l\u2019encrassement et pour les rendre \u00e9tanche \u00e0 l\u2019eau.\u00a0 Ecocera est compos\u00e9e de cire d&#8217;abeilles blanchie tr\u00e8s pure, exempte de solvants, et au savon de Marseille \u00e9mulsionn\u00e9 chaud, selon&hellip;<\/p>\n","protected":false},"author":8,"featured_media":0,"parent":0,"menu_order":0,"comment_status":"closed","ping_status":"closed","template":"","meta":{"footnotes":""},"class_list":["post-17214","page","type-page","status-publish","hentry","description-off"],"_links":{"self":[{"href":"https:\/\/arteconstructo.com\/fr\/wp-json\/wp\/v2\/pages\/17214","targetHints":{"allow":["GET"]}}],"collection":[{"href":"https:\/\/arteconstructo.com\/fr\/wp-json\/wp\/v2\/pages"}],"about":[{"href":"https:\/\/arteconstructo.com\/fr\/wp-json\/wp\/v2\/types\/page"}],"author":[{"embeddable":true,"href":"https:\/\/arteconstructo.com\/fr\/wp-json\/wp\/v2\/users\/8"}],"replies":[{"embeddable":true,"href":"https:\/\/arteconstructo.com\/fr\/wp-json\/wp\/v2\/comments?post=17214"}],"version-history":[{"count":0,"href":"https:\/\/arteconstructo.com\/fr\/wp-json\/wp\/v2\/pages\/17214\/revisions"}],"wp:attachment":[{"href":"https:\/\/arteconstructo.com\/fr\/wp-json\/wp\/v2\/media?parent=17214"}],"curies":[{"name":"wp","href":"https:\/\/api.w.org\/{rel}","templated":true}]}}