{"id":16848,"date":"2018-07-20T10:54:45","date_gmt":"2018-07-20T09:54:45","guid":{"rendered":"https:\/\/arteconstructo.com\/fiches-techiques\/uula\/uula-lasure\/"},"modified":"2018-07-20T13:01:07","modified_gmt":"2018-07-20T12:01:07","slug":"uula-lasure","status":"publish","type":"page","link":"https:\/\/arteconstructo.com\/fr\/uula-lasure\/","title":{"rendered":"UULA LASURE"},"content":{"rendered":"<p>UULA LASURE<\/p>\n<p><b>PROTECTION TRANSLUCIDE POUR BOIS<\/b><\/p>\n<p><b>Description<\/b><\/p>\n<p>UULA LASURE est une peinture naturelle \u00e0 base d&#8217;huile de lin et de r\u00e9sines naturelles.<span class=\"Apple-converted-space\">\u00a0 <\/span>La couleur est obtenue \u00e0 l&#8217;aide de pigments de couleurs de terre (comme p.ex. de l&#8217;ocre) et de blanc de titane.<span class=\"Apple-converted-space\">\u00a0 <\/span>Lasure contient un solvant aromatique (max. 300 g\/l).<span class=\"Apple-converted-space\">\u00a0 <\/span>Il est possible de diluer avec de la t\u00e9r\u00e9benthine. <span class=\"Apple-converted-space\">\u00a0<\/span><\/p>\n<p><b>Application<\/b><\/p>\n<p>Nettoyer le bois et enlever tout ce qui n&#8217;est pas stable.<span class=\"Apple-converted-space\">\u00a0 <\/span>Ensuite appliquer une, deux ou trois couches, d\u00e9pendant de la couleur et du degr\u00e9 de transparance d\u00e9sir\u00e9.<span class=\"Apple-converted-space\">\u00a0 <\/span>Poncer la premi\u00e8re couche afin de pouvoir enlever les fibres qui se d\u00e9collent.<span class=\"Apple-converted-space\">\u00a0 <\/span>Ne pas poncer (ou presque pas) entre la deuxi\u00e8me et la troisi\u00e8me couche.<\/p>\n<p><b>Consommation indicative<\/b><\/p>\n<p>9 \u2013 15 m\u00b2\/l<span class=\"Apple-converted-space\">\u00a0<\/span><\/p>\n<p><b>Conditionnement<\/b><\/p>\n<p>0,9 l, 2,7 l, 9 l (translucide)<\/p>\n<p>1 l, 3 l, 10 l (teint\u00e9)<span class=\"Apple-converted-space\">\u00a0<\/span><\/p>\n<p><a href=\"https:\/\/arteconstructo.com\/wp-content\/uploads\/2016\/03\/Fiche-Tech-UULA-Lasure.pdf\">T\u00e9l\u00e9chargez la version PDF<\/a><\/p>\n","protected":false},"excerpt":{"rendered":"<p>UULA LASURE PROTECTION TRANSLUCIDE POUR BOIS Description UULA LASURE est une peinture naturelle \u00e0 base d&#8217;huile de lin et de r\u00e9sines naturelles.\u00a0 La couleur est obtenue \u00e0 l&#8217;aide de pigments de couleurs de terre (comme p.ex. de l&#8217;ocre) et de blanc de titane.\u00a0 Lasure contient un solvant aromatique (max. 300 g\/l).\u00a0 Il est possible de&hellip;<\/p>\n","protected":false},"author":8,"featured_media":0,"parent":0,"menu_order":0,"comment_status":"closed","ping_status":"closed","template":"","meta":{"footnotes":""},"class_list":["post-16848","page","type-page","status-publish","hentry","description-off"],"_links":{"self":[{"href":"https:\/\/arteconstructo.com\/fr\/wp-json\/wp\/v2\/pages\/16848","targetHints":{"allow":["GET"]}}],"collection":[{"href":"https:\/\/arteconstructo.com\/fr\/wp-json\/wp\/v2\/pages"}],"about":[{"href":"https:\/\/arteconstructo.com\/fr\/wp-json\/wp\/v2\/types\/page"}],"author":[{"embeddable":true,"href":"https:\/\/arteconstructo.com\/fr\/wp-json\/wp\/v2\/users\/8"}],"replies":[{"embeddable":true,"href":"https:\/\/arteconstructo.com\/fr\/wp-json\/wp\/v2\/comments?post=16848"}],"version-history":[{"count":0,"href":"https:\/\/arteconstructo.com\/fr\/wp-json\/wp\/v2\/pages\/16848\/revisions"}],"wp:attachment":[{"href":"https:\/\/arteconstructo.com\/fr\/wp-json\/wp\/v2\/media?parent=16848"}],"curies":[{"name":"wp","href":"https:\/\/api.w.org\/{rel}","templated":true}]}}