{"id":16847,"date":"2018-07-20T10:53:20","date_gmt":"2018-07-20T09:53:20","guid":{"rendered":"https:\/\/arteconstructo.com\/fiches-techiques\/uula\/uula-nordique\/"},"modified":"2020-05-05T15:03:57","modified_gmt":"2020-05-05T14:03:57","slug":"uula-exterior-primer","status":"publish","type":"page","link":"https:\/\/arteconstructo.com\/fr\/uula-exterior-primer\/","title":{"rendered":"UULA Exterior Primer"},"content":{"rendered":"<p><b>UULA Exterior Primer<\/b><\/p>\n<p><b>Description<\/b><\/p>\n<p>UULA EXTERIOR PRIMER est un primaire pour ext\u00e9rieur sans solvant, perm\u00e9able \u00e0 la vapeur et respectueux de l\u2019environnement. Le liant est constitu\u00e9 d\u2019huiles naturelles renouvelables.<\/p>\n<p><b>Application<\/b><\/p>\n<p>Avec brosse, rouleau ou spray (nozzle : 0.28mm).<\/p>\n<p><b>Conditionnement<\/b><\/p>\n<p>Seaux de 0.9 litre, 2.7 litres et 9 litres.<\/p>\n<p><a href=\"https:\/\/arteconstructo.com\/fr\/fiche-tech-uula-exterior-primer-2\/\">T\u00e9l\u00e9chargez la version PDF<\/a><\/p>\n","protected":false},"excerpt":{"rendered":"<p>UULA Exterior Primer Description UULA EXTERIOR PRIMER est un primaire pour ext\u00e9rieur sans solvant, perm\u00e9able \u00e0 la vapeur et respectueux de l\u2019environnement. Le liant est constitu\u00e9 d\u2019huiles naturelles renouvelables. Application Avec brosse, rouleau ou spray (nozzle : 0.28mm). Conditionnement Seaux de 0.9 litre, 2.7 litres et 9 litres. T\u00e9l\u00e9chargez la version PDF<\/p>\n","protected":false},"author":8,"featured_media":0,"parent":0,"menu_order":0,"comment_status":"closed","ping_status":"closed","template":"","meta":{"footnotes":""},"class_list":["post-16847","page","type-page","status-publish","hentry","description-off"],"_links":{"self":[{"href":"https:\/\/arteconstructo.com\/fr\/wp-json\/wp\/v2\/pages\/16847","targetHints":{"allow":["GET"]}}],"collection":[{"href":"https:\/\/arteconstructo.com\/fr\/wp-json\/wp\/v2\/pages"}],"about":[{"href":"https:\/\/arteconstructo.com\/fr\/wp-json\/wp\/v2\/types\/page"}],"author":[{"embeddable":true,"href":"https:\/\/arteconstructo.com\/fr\/wp-json\/wp\/v2\/users\/8"}],"replies":[{"embeddable":true,"href":"https:\/\/arteconstructo.com\/fr\/wp-json\/wp\/v2\/comments?post=16847"}],"version-history":[{"count":0,"href":"https:\/\/arteconstructo.com\/fr\/wp-json\/wp\/v2\/pages\/16847\/revisions"}],"wp:attachment":[{"href":"https:\/\/arteconstructo.com\/fr\/wp-json\/wp\/v2\/media?parent=16847"}],"curies":[{"name":"wp","href":"https:\/\/api.w.org\/{rel}","templated":true}]}}