{"id":16846,"date":"2018-07-20T10:50:57","date_gmt":"2018-07-20T09:50:57","guid":{"rendered":"https:\/\/arteconstructo.com\/fiches-techiques\/uula\/uula-into\/"},"modified":"2018-07-20T13:01:07","modified_gmt":"2018-07-20T12:01:07","slug":"uula-into","status":"publish","type":"page","link":"https:\/\/arteconstructo.com\/fr\/uula-into\/","title":{"rendered":"UULA INTO"},"content":{"rendered":"<p><b>UULA INTO<\/b><\/p>\n<p><b>PEINTURE INTERIEURE A L\u2019HUILE DE LIN<\/b><\/p>\n<p><b>Caract\u00e9ristiques<\/b><\/p>\n<p>Uula Into est une peinture pour int\u00e9rieur sans latex ni solvant.<span class=\"Apple-converted-space\">\u00a0 <\/span>Uula Into est \u00e9cologique et facile en application.<span class=\"Apple-converted-space\">\u00a0 <\/span>Les liants sont des huiles naturelles recyclables.<span class=\"Apple-converted-space\">\u00a0 <\/span>Il n\u2019y a pas de composants synth\u00e9tiques. <span class=\"Apple-converted-space\">\u00a0<\/span><\/p>\n<p>Supports ad\u00e9quats :<\/p>\n<p>Toutes les surfaces int\u00e9rieures en bois, telles que : panneaux agglom\u00e9r\u00e9s non trait\u00e9s, panneaux de fibres, meubles, portes et ch\u00e2ssis de fen\u00eatre.<span class=\"Apple-converted-space\">\u00a0 <\/span>Ainsi que toutes les surfaces peintes \u00e0 la peinture acrylique.<span class=\"Apple-converted-space\">\u00a0 \u00a0<\/span><\/p>\n<p><b>Mode d\u2019emploi<\/b><\/p>\n<p>Bien m\u00e9langer avant utilisation.<\/p>\n<p>Le bois non trait\u00e9\u00a0: poncer le bois et d\u00e9poussi\u00e9rer, appliquer 1 \u00e0 2 couches de Uula Into Primer.<span class=\"Apple-converted-space\">\u00a0 <\/span>\u00c9ventuellement poncer entre les couches.<span class=\"Apple-converted-space\">\u00a0 <\/span>Ensuite appliquer 1 \u00e0 2 couches de Uula Into.<\/p>\n<p>Le bois d\u00e9j\u00e0 trait\u00e9 : d\u00e9caper les anciennes couches mal adh\u00e9rentes.<span class=\"Apple-converted-space\">\u00a0 <\/span>Nettoyer en poncer les couches qui adh\u00e8rent toujours.<span class=\"Apple-converted-space\">\u00a0 <\/span>Ensuite appliquer 1 \u00e0 2 couches de Uula Into.<\/p>\n<p>Conditions au moment de l\u2019application\u00a0: La surface \u00e0 peindre doit \u00eatre propre et s\u00e8che.<span class=\"Apple-converted-space\">\u00a0 <\/span>Humidit\u00e9 relative\u00a0: &lt; 80%.<span class=\"Apple-converted-space\">\u00a0 <\/span>Temp\u00e9rature minimale\u00a0: + 5\u00b0C. <span class=\"Apple-converted-space\">\u00a0<\/span><\/p>\n<p>Application : Avec brosse ou rouleau<span class=\"Apple-converted-space\">\u00a0 \u00a0 \u00a0 \u00a0 \u00a0 \u00a0 \u00a0 \u00a0 \u00a0 \u00a0 \u00a0 \u00a0 \u00a0<\/span><\/p>\n<p>Appliquer suffisamment de peinture sur toute la surface afin d\u2019\u00e9viter de trop grandes diff\u00e9rences de couleur.<span class=\"Apple-converted-space\">\u00a0 <\/span>Traiter avec prudence la surface \u00e0 traiter pendant les 4 premi\u00e8res semaines.<span class=\"Apple-converted-space\">\u00a0<\/span><\/p>\n<p><b>Entretien<\/b><\/p>\n<p>UULA INTO peut facilement \u00eatre nettoy\u00e9 \u00e0 l\u2019eau et au savon de Marseille.<\/p>\n<p>Les seaux vides et secs peuvent \u00eatre jet\u00e9s avec les d\u00e9chets traditionnels.<span class=\"Apple-converted-space\">\u00a0 <\/span>Les restants liquides de peinture doivent \u00eatre d\u00e9pos\u00e9s aupr\u00e8s des d\u00e9chets chimiques.<span class=\"Apple-converted-space\">\u00a0<\/span><\/p>\n<p><b>Consommation indicative<\/b><\/p>\n<p>Env. 7 m\u00b2\/l<\/p>\n<p><b>Conditionnement<\/b><\/p>\n<p>0,9 l, 2,7 l, 9 l<\/p>\n<p><a href=\"https:\/\/arteconstructo.com\/wp-content\/uploads\/2016\/03\/Fiche-Tech-UULA-Into.pdf\">T\u00e9l\u00e9chargez la version PDF<\/a><\/p>\n","protected":false},"excerpt":{"rendered":"<p>UULA INTO PEINTURE INTERIEURE A L\u2019HUILE DE LIN Caract\u00e9ristiques Uula Into est une peinture pour int\u00e9rieur sans latex ni solvant.\u00a0 Uula Into est \u00e9cologique et facile en application.\u00a0 Les liants sont des huiles naturelles recyclables.\u00a0 Il n\u2019y a pas de composants synth\u00e9tiques. \u00a0 Supports ad\u00e9quats : Toutes les surfaces int\u00e9rieures en bois, telles que :&hellip;<\/p>\n","protected":false},"author":8,"featured_media":0,"parent":0,"menu_order":0,"comment_status":"closed","ping_status":"closed","template":"","meta":{"footnotes":""},"class_list":["post-16846","page","type-page","status-publish","hentry","description-off"],"_links":{"self":[{"href":"https:\/\/arteconstructo.com\/fr\/wp-json\/wp\/v2\/pages\/16846","targetHints":{"allow":["GET"]}}],"collection":[{"href":"https:\/\/arteconstructo.com\/fr\/wp-json\/wp\/v2\/pages"}],"about":[{"href":"https:\/\/arteconstructo.com\/fr\/wp-json\/wp\/v2\/types\/page"}],"author":[{"embeddable":true,"href":"https:\/\/arteconstructo.com\/fr\/wp-json\/wp\/v2\/users\/8"}],"replies":[{"embeddable":true,"href":"https:\/\/arteconstructo.com\/fr\/wp-json\/wp\/v2\/comments?post=16846"}],"version-history":[{"count":0,"href":"https:\/\/arteconstructo.com\/fr\/wp-json\/wp\/v2\/pages\/16846\/revisions"}],"wp:attachment":[{"href":"https:\/\/arteconstructo.com\/fr\/wp-json\/wp\/v2\/media?parent=16846"}],"curies":[{"name":"wp","href":"https:\/\/api.w.org\/{rel}","templated":true}]}}