{"id":16845,"date":"2018-07-20T10:50:01","date_gmt":"2018-07-20T09:50:01","guid":{"rendered":"https:\/\/arteconstructo.com\/fiches-techiques\/uula\/lineco\/"},"modified":"2020-05-05T14:46:11","modified_gmt":"2020-05-05T13:46:11","slug":"uula-lineco","status":"publish","type":"page","link":"https:\/\/arteconstructo.com\/fr\/uula-lineco\/","title":{"rendered":"UULA LINECO"},"content":{"rendered":"<div class=\"wpb-content-wrapper\"><p>[vc_row][vc_column][vc_column_text]<\/p>\n<p><b>LINECO<\/b><\/p>\n<p><b>PEINTURE COUVRANTE POUR BOIS INTERIEUR ET EXTERIEUR<\/b><\/p>\n<p><b>Caract\u00e9ristiques<\/b><\/p>\n<p>Uula lineco est une peinture naturelle sans solvants pour emploi int\u00e9rieur et ext\u00e9rieur. Le solvant est de l\u2019huile de lin cuite. Du siccatif est ajout\u00e9 comme agent de s\u00e9chage. De la t\u00e9r\u00e9benthine peut \u00eatre utilis\u00e9e comme diluant.<span class=\"Apple-converted-space\">\u00a0<\/span><\/p>\n<p>La peinture \u00e0 l\u2019huile de lin est en osmose parfaite avec la surface en bois<span class=\"Apple-converted-space\">\u00a0<\/span><\/p>\n<p>Un support peint \u00e0 la peinture \u00e0 l\u2019huile de lin Uula peut respirer, et de cette fa\u00e7on demeure sain. Il est toujours facile de repeindre une surface d\u00e9j\u00e0 peinte \u00e0 la peinture \u00e0 l\u2019huile de lin, car ne n\u00e9cessitant ni d\u00e9capage ni pon\u00e7age ou tout autre travail technique pr\u00e9paratoire. Nous vous conseillons par ailleurs, d\u2019appliquer une sous-couche, telle que le blanc de zinc Uula, sur le bois ou autre support instable \u00e0 peindre, couche d\u2019appr\u00eat qui servira de support \u00e0 la couche de finition. Une fois le blanc de zinc pos\u00e9, le support est pr\u00eat \u00e0 \u00eatre peint. L\u2019application de la peinture \u00e0 l\u2019huile de lin Uula se fait en deux temps. Dans un premier temps, on passe une couche interm\u00e9diaire de peinture \u00e0 l\u2019huile de lin dilu\u00e9e, puis une couche de finition de la m\u00eame peinture non dilu\u00e9e.<span class=\"Apple-converted-space\">\u00a0<\/span><\/p>\n<p><b>Mode d\u2019emploi<\/b><\/p>\n<p>Bien m\u00e9langer avant usage. Le support doit \u00eatre propre, sec, et d\u00e9graiss\u00e9. De pr\u00e9f\u00e9rence par temps sec et entre 5 et 35 \u00b0C. <\/p>\n<p>Appliquer une premi\u00e8re couche de primer et apr\u00e8s 24 heures une deuxi\u00e8me. Apr\u00e8s s\u00e9chage de celle-ci, appliquer avec la peinture UULA LINECO non-dilu\u00e9e. <\/p>\n<p>Toujours appliquer en fines couches pour \u00e9viter des pelures d\u2019orange . <\/p>\n<p><b>Entretien<\/b><\/p>\n<p>Uula Lineco peut \u00eatre nettoy\u00e9 avec des produits de nettoyage courant. Apr\u00e8s avoir d\u00e9graiss\u00e9 et ponc\u00e9, une nouvelle couche peut \u00eatre appliqu\u00e9e (voir sous<span class=\"Apple-converted-space\">\u00a0 <\/span>travail existant<span class=\"Apple-converted-space\">\u00a0 <\/span>).<span class=\"Apple-converted-space\">\u00a0<\/span><\/p>\n<p><b>Consommation indicative<\/b><\/p>\n<p>8 \u2013 12 m\u00b2\/l pour les bois sci\u00e9s<\/p>\n<p>10 \u2013 15 m\u00b2\/l pour les bois rabot\u00e9s<\/p>\n<p><b>Conditionnement<\/b><\/p>\n<p>1 l, 3 l, 10 l<\/p>\n<p><a href=\"https:\/\/arteconstructo.com\/wp-content\/uploads\/2019\/09\/Fiche-Tech-Uula-Lineco.pdf\">T\u00e9l\u00e9chargez la version PDF<\/a><\/p>\n<p>[\/vc_column_text][\/vc_column][\/vc_row]<\/p>\n<\/div>","protected":false},"excerpt":{"rendered":"<p>[vc_row][vc_column][vc_column_text] LINECO PEINTURE COUVRANTE POUR BOIS INTERIEUR ET EXTERIEUR Caract\u00e9ristiques Uula lineco est une peinture naturelle sans solvants pour emploi int\u00e9rieur et ext\u00e9rieur. Le solvant est de l\u2019huile de lin cuite. Du siccatif est ajout\u00e9 comme agent de s\u00e9chage. De la t\u00e9r\u00e9benthine peut \u00eatre utilis\u00e9e comme diluant.\u00a0 La peinture \u00e0 l\u2019huile de lin est en&hellip;<\/p>\n","protected":false},"author":8,"featured_media":0,"parent":0,"menu_order":0,"comment_status":"closed","ping_status":"closed","template":"","meta":{"footnotes":""},"class_list":["post-16845","page","type-page","status-publish","hentry","description-off"],"_links":{"self":[{"href":"https:\/\/arteconstructo.com\/fr\/wp-json\/wp\/v2\/pages\/16845","targetHints":{"allow":["GET"]}}],"collection":[{"href":"https:\/\/arteconstructo.com\/fr\/wp-json\/wp\/v2\/pages"}],"about":[{"href":"https:\/\/arteconstructo.com\/fr\/wp-json\/wp\/v2\/types\/page"}],"author":[{"embeddable":true,"href":"https:\/\/arteconstructo.com\/fr\/wp-json\/wp\/v2\/users\/8"}],"replies":[{"embeddable":true,"href":"https:\/\/arteconstructo.com\/fr\/wp-json\/wp\/v2\/comments?post=16845"}],"version-history":[{"count":0,"href":"https:\/\/arteconstructo.com\/fr\/wp-json\/wp\/v2\/pages\/16845\/revisions"}],"wp:attachment":[{"href":"https:\/\/arteconstructo.com\/fr\/wp-json\/wp\/v2\/media?parent=16845"}],"curies":[{"name":"wp","href":"https:\/\/api.w.org\/{rel}","templated":true}]}}