{"id":16844,"date":"2018-07-20T10:49:10","date_gmt":"2018-07-20T09:49:10","guid":{"rendered":"https:\/\/arteconstructo.com\/fiches-techiques\/coridecor\/rasadecor\/"},"modified":"2018-07-20T13:00:10","modified_gmt":"2018-07-20T12:00:10","slug":"rasadecor","status":"publish","type":"page","link":"https:\/\/arteconstructo.com\/fr\/rasadecor\/","title":{"rendered":"RASADECOR"},"content":{"rendered":"<p><b>RASADECOR<\/b><\/p>\n<p><b>Description<\/b><\/p>\n<p>Rasadecor est un rev\u00eatement min\u00e9ral qui est employ\u00e9 comme enduit mince d\u2019\u00e9galisation et de pr\u00e9paration.<span class=\"Apple-converted-space\">\u00a0 <\/span>Rasadecor est compos\u00e9 de chaux grasse, de poudres de marbre s\u00e9lectionn\u00e9es et d\u2019adjuvants appropri\u00e9s pour garantir une bonne adh\u00e9rence.<span class=\"Apple-converted-space\">\u00a0<\/span><\/p>\n<p><b>Domaine d\u2019utilisation<\/b><\/p>\n<p>Rasadecor est appliqu\u00e9 &#8211; autant \u00e0 l\u2019int\u00e9rieur qu\u2019\u00e0 l\u2019ext\u00e9rieur &#8211; pour uniformiser et planifier le support. <span class=\"Apple-converted-space\">\u00a0<\/span><\/p>\n<p>Il peut \u00eatre appliqu\u00e9 sur tout support lisse (nouveau tant que vieux).<span class=\"Apple-converted-space\">\u00a0<\/span><\/p>\n<p>L\u2019on obtiendra ainsi un support lisse et absorbant pr\u00eat \u00e0 recevoir tout genre de finitions tels que badigeon \u00e0 la chaux, peinture au silicate, enduits marbr\u00e9s Decorlux, Venestuk et autres\u2026<span class=\"Apple-converted-space\">\u00a0<\/span><\/p>\n<p><b>Pr\u00e9paration du support<\/b><\/p>\n<p>Le support doit \u00eatre stable et soigneusement pr\u00e9par\u00e9 selon sa nature.<span class=\"Apple-converted-space\">\u00a0 <\/span>Enlever les couches de finition friables ou les nettoyer et poncer l\u00e9g\u00e8rement quand elles sont encore un bon \u00e9tat, et cela avec un nettoyant adapt\u00e9.<span class=\"Apple-converted-space\">\u00a0 <\/span>Les r\u00e9parations des pierres, le rejointoyage, les r\u00e9parations d\u2019une ma\u00e7onnerie d\u00e9grad\u00e9e et\/ou d\u2019enduits friables d\u00e9passant une \u00e9paisseur de 1 \u00e0 2\u00a0mm sont r\u00e9alis\u00e9es de pr\u00e9f\u00e9rence par moyen de mortiers \u00e0 la chaux hydraulique naturelle Unilit ou l\u2019enduit mince \u00e0 la chaux grasse Start.<\/p>\n<p>Les finitions synth\u00e9tiques seront de pr\u00e9f\u00e9rence \u00e9limin\u00e9es, certainement en cas d\u2019application \u00e0 l\u2019ext\u00e9rieur.<span class=\"Apple-converted-space\">\u00a0 <\/span>Si elles sont maintenues, les couches de finition &#8211; encore en bon \u00e9tat &#8211; sont nettoy\u00e9es avec une solution d\u2019eau ammoniaqu\u00e9e (2 \u00e0 5%) et ensuite l\u00e9g\u00e8rement ponc\u00e9es.<span class=\"Apple-converted-space\">\u00a0 <\/span>Une couche d\u2019accroche Corifondo, dilu\u00e9 \u00e0 l\u2019eau \u00e0 1 volume sur 3, est appliqu\u00e9e sur la finition existante.<\/p>\n<p>Ne jamais appliquer le Corifondo \u00e0 l\u2019ext\u00e9rieur sur des murs monolithiques.<\/p>\n<p><b>Application<\/b><\/p>\n<p>Lorsque la surface \u00e0 traiter est s\u00e8che et que la temp\u00e9rature est \u00e9lev\u00e9e, il est conseill\u00e9 de l\u00e9g\u00e8rement arroser le support avant de passer la premi\u00e8re couche.<span class=\"Apple-converted-space\">\u00a0 <\/span>Une saturation du support n\u2019est pas d\u00e9sir\u00e9 afin de ne pas compromettre la bonne adh\u00e9rence et le bon r\u00e9sultat esth\u00e9tique.<\/p>\n<p>Rasadecor est un produit pr\u00eat \u00e0 l\u2019emploi, et ne demande qu\u2019\u00e0 \u00eatre m\u00e9lang\u00e9 soigneusement avant son application.<span class=\"Apple-converted-space\">\u00a0 <\/span>L\u2019enduit s\u2019applique avec une taloche en inox en une ou deux couches en une \u00e9paisseur totale de 1\u00a0mm au maximum.<span class=\"Apple-converted-space\">\u00a0 <\/span>L\u2019enduit est \u00e9galis\u00e9 avec la taloche avant s\u00e9chage compl\u00e8te du produit.<\/p>\n<p>L\u2019enduit ne peut pas \u00eatre appliqu\u00e9 \u00e0 des temp\u00e9ratures inf\u00e9rieures \u00e0 +5\u00b0C.<span class=\"Apple-converted-space\">\u00a0 <\/span>Ne jamais appliquer sur un support gel\u00e9, ni pendant un brouillard dense.<span class=\"Apple-converted-space\">\u00a0 <\/span>En \u00e9t\u00e9, prendre toutes les pr\u00e9cautions n\u00e9cessaires afin d\u2019\u00e9viter un ass\u00e8chement trop rapide de l\u2019enduit.<span class=\"Apple-converted-space\">\u00a0 <\/span>L\u2019enduit doit \u00eatre prot\u00e9g\u00e9 du gel pendant 48 \u00e0 72h apr\u00e8s l\u2019application.<\/p>\n<p><b>Emballage et conservation<\/b><\/p>\n<p>Seaux en plastique de 1 kg, 5 kg ou de 25 kg.<\/p>\n<p>Le produit reste stable au moins pendant 6 mois lorsqu\u2019il est conserv\u00e9 dans des r\u00e9cipients herm\u00e9tiquement ferm\u00e9s \u00e0 temp\u00e9rature ambiante.<span class=\"Apple-converted-space\">\u00a0 <\/span>Conserver dans un lieu frais et sec, \u00e0 l\u2019abri du gel et du soleil.<span class=\"Apple-converted-space\">\u00a0 <\/span>Prot\u00e9ger des sources de chaleur.<\/p>\n<p><a href=\"https:\/\/arteconstructo.com\/wp-content\/uploads\/2016\/03\/Fiche-tech-RASADECOR.pdf\">T\u00e9l\u00e9chargez la version PDF<\/a><\/p>\n","protected":false},"excerpt":{"rendered":"<p>RASADECOR Description Rasadecor est un rev\u00eatement min\u00e9ral qui est employ\u00e9 comme enduit mince d\u2019\u00e9galisation et de pr\u00e9paration.\u00a0 Rasadecor est compos\u00e9 de chaux grasse, de poudres de marbre s\u00e9lectionn\u00e9es et d\u2019adjuvants appropri\u00e9s pour garantir une bonne adh\u00e9rence.\u00a0 Domaine d\u2019utilisation Rasadecor est appliqu\u00e9 &#8211; autant \u00e0 l\u2019int\u00e9rieur qu\u2019\u00e0 l\u2019ext\u00e9rieur &#8211; pour uniformiser et planifier le support. \u00a0&hellip;<\/p>\n","protected":false},"author":8,"featured_media":0,"parent":0,"menu_order":0,"comment_status":"closed","ping_status":"closed","template":"","meta":{"footnotes":""},"class_list":["post-16844","page","type-page","status-publish","hentry","description-off"],"_links":{"self":[{"href":"https:\/\/arteconstructo.com\/fr\/wp-json\/wp\/v2\/pages\/16844","targetHints":{"allow":["GET"]}}],"collection":[{"href":"https:\/\/arteconstructo.com\/fr\/wp-json\/wp\/v2\/pages"}],"about":[{"href":"https:\/\/arteconstructo.com\/fr\/wp-json\/wp\/v2\/types\/page"}],"author":[{"embeddable":true,"href":"https:\/\/arteconstructo.com\/fr\/wp-json\/wp\/v2\/users\/8"}],"replies":[{"embeddable":true,"href":"https:\/\/arteconstructo.com\/fr\/wp-json\/wp\/v2\/comments?post=16844"}],"version-history":[{"count":0,"href":"https:\/\/arteconstructo.com\/fr\/wp-json\/wp\/v2\/pages\/16844\/revisions"}],"wp:attachment":[{"href":"https:\/\/arteconstructo.com\/fr\/wp-json\/wp\/v2\/media?parent=16844"}],"curies":[{"name":"wp","href":"https:\/\/api.w.org\/{rel}","templated":true}]}}