{"id":16843,"date":"2018-07-20T10:48:13","date_gmt":"2018-07-20T09:48:13","guid":{"rendered":"https:\/\/arteconstructo.com\/fiches-techiques\/coridecor\/rasocal\/"},"modified":"2018-07-20T13:00:11","modified_gmt":"2018-07-20T12:00:11","slug":"rasocal","status":"publish","type":"page","link":"https:\/\/arteconstructo.com\/fr\/rasocal\/","title":{"rendered":"RASOCAL"},"content":{"rendered":"<p><b>RASOCAL<\/b><\/p>\n<p><b>Composition<\/b><\/p>\n<p>Compos\u00e9 de chaux grasse<\/p>\n<p><b>Caract\u00e9ristiques Techniques<\/b><\/p>\n<p>Chaux \u00e9teinte pure, s\u00e9lectionn\u00e9e, sans aucune impuret\u00e9.<\/p>\n<p>R\u00e9siste \u00e0 la chaleur.<\/p>\n<p><b>Domaine d\u2019utilisation<\/b><\/p>\n<p>R\u00e9parations. <span class=\"Apple-converted-space\">\u00a0 <\/span>Finition pour peintures et d\u00e9corations.<\/p>\n<p>Pour obtenir un effet poivre et sel sur les cr\u00e9pis fins \u00e0 la chaux.<\/p>\n<p><b>Nature des supports int\u00e9rieurs et ext\u00e9rieurs<\/b><\/p>\n<p>Rasocal peut \u00eatre appliqu\u00e9 sur: des cr\u00e9pis bruts et des cr\u00e9pis neufs<\/p>\n<p><b>Modalit\u00e9s d\u2019application<\/b><\/p>\n<p>Humidifier le support si n\u00e9cessaire.<\/p>\n<p>S&#8217;assurer que les surfaces \u00e0 traiter sont exemptes de poussi\u00e8res, d&#8217;huiles, de graisses, de substances polluantes et de parties qui s&#8217;effritent.<\/p>\n<p>\u00c9viter d&#8217;appliquer lorsque la temp\u00e9rature est inf\u00e9rieure \u00e0 +5\u00b0C ou sup\u00e9rieure \u00e0 +35\u00b0C.<\/p>\n<p>Appliquer en deux couches \u00e0 la truelle ou \u00e0 la taloche pour obtenir une surface r\u00e9guli\u00e8re.<\/p>\n<p>Finissage \u00e0 la taloche ou \u00e0 la spatule, en humidifiant si n\u00e9cessaire.<\/p>\n<p><b>Emballage et conservation<\/b><\/p>\n<p>Seaux en plastique de 22 kg<\/p>\n<p>Conserver dans un endroit frais et sec, \u00e0 l&#8217;abri du gel et du soleil.<\/p>\n<p><a href=\"https:\/\/arteconstructo.com\/wp-content\/uploads\/2016\/03\/Fiche-tech-RASOCAL.pdf\">T\u00e9l\u00e9chargez la version PDF<\/a><\/p>\n","protected":false},"excerpt":{"rendered":"<p>RASOCAL Composition Compos\u00e9 de chaux grasse Caract\u00e9ristiques Techniques Chaux \u00e9teinte pure, s\u00e9lectionn\u00e9e, sans aucune impuret\u00e9. R\u00e9siste \u00e0 la chaleur. Domaine d\u2019utilisation R\u00e9parations. \u00a0 Finition pour peintures et d\u00e9corations. Pour obtenir un effet poivre et sel sur les cr\u00e9pis fins \u00e0 la chaux. Nature des supports int\u00e9rieurs et ext\u00e9rieurs Rasocal peut \u00eatre appliqu\u00e9 sur: des cr\u00e9pis&hellip;<\/p>\n","protected":false},"author":8,"featured_media":0,"parent":0,"menu_order":0,"comment_status":"closed","ping_status":"closed","template":"","meta":{"footnotes":""},"class_list":["post-16843","page","type-page","status-publish","hentry","description-off"],"_links":{"self":[{"href":"https:\/\/arteconstructo.com\/fr\/wp-json\/wp\/v2\/pages\/16843","targetHints":{"allow":["GET"]}}],"collection":[{"href":"https:\/\/arteconstructo.com\/fr\/wp-json\/wp\/v2\/pages"}],"about":[{"href":"https:\/\/arteconstructo.com\/fr\/wp-json\/wp\/v2\/types\/page"}],"author":[{"embeddable":true,"href":"https:\/\/arteconstructo.com\/fr\/wp-json\/wp\/v2\/users\/8"}],"replies":[{"embeddable":true,"href":"https:\/\/arteconstructo.com\/fr\/wp-json\/wp\/v2\/comments?post=16843"}],"version-history":[{"count":0,"href":"https:\/\/arteconstructo.com\/fr\/wp-json\/wp\/v2\/pages\/16843\/revisions"}],"wp:attachment":[{"href":"https:\/\/arteconstructo.com\/fr\/wp-json\/wp\/v2\/media?parent=16843"}],"curies":[{"name":"wp","href":"https:\/\/api.w.org\/{rel}","templated":true}]}}