{"id":16842,"date":"2018-07-20T10:47:13","date_gmt":"2018-07-20T09:47:13","guid":{"rendered":"https:\/\/arteconstructo.com\/fiches-techiques\/coridecor\/plastelux\/"},"modified":"2018-07-20T13:00:09","modified_gmt":"2018-07-20T12:00:09","slug":"plastelux","status":"publish","type":"page","link":"https:\/\/arteconstructo.com\/fr\/plastelux\/","title":{"rendered":"PLASTELUX"},"content":{"rendered":"<p><b>PLASTELUX<\/b><\/p>\n<p><b>Description<\/b><\/p>\n<p>Plastelux se compose de r\u00e9sines et de min\u00e9raux de premi\u00e8re qualit\u00e9, ainsi que de pigments et d&#8217;oxydes (d\u2019additifs). Plastelux donne aux plafonds et aux murs un aspect tr\u00e8s esth\u00e9tique &#8211; gr\u00e2ce \u00e0 la technique de finition d\u00e9corative &#8211; cr\u00e9ant une ambiance \u00e9l\u00e9gante et raffin\u00e9e. La surface, lisse, brillante et tr\u00e8s d\u00e9corative est riche en structures, en nuances et en jeux de lumi\u00e8re.<\/p>\n<p>L&#8217;utilisation de Stucco Lucido (chef d&#8217;\u0153uvre) remonte \u00e0 des temps tr\u00e8s anciens mais a connu son apog\u00e9e \u00e0 la Renaissance et \u00e0 l&#8217;\u00e9poque baroque, notamment dans la r\u00e9gion de Venise. Plastelux est le brillant r\u00e9sultat de l&#8217;art des ma\u00eetres pl\u00e2triers de jadis. Les techniques de production modernes ont permis de perfectionner encore les propri\u00e9t\u00e9s particuli\u00e8res du Stucco.<\/p>\n<p><b>Application<\/b><\/p>\n<p>R\u00e9sistant \u00e0 l&#8217;eau et lavable, le produit convient \u00e0 tous les types d&#8217;int\u00e9rieurs, y compris aux locaux humides.<\/p>\n<p><b>Consommation<\/b><\/p>\n<p>De 0,3 \u00e0 1,0\u00a0kg\/m\u00b2 selon le support.<\/p>\n<p><b>Coloris<\/b><\/p>\n<p>Le produit est fourni en blanc, pr\u00eat \u00e0 l&#8217;emploi. La coloration s&#8217;obtient par addition de colorants concentr\u00e9s Stabiilcori, m\u00e9lang\u00e9s au moyen d&#8217;une spatule. Le produit existe par ailleurs en 8 teintes pr\u00eates \u00e0 l&#8217;emploi. Des coloris sp\u00e9ciaux peuvent \u00eatre fabriqu\u00e9s en usine d&#8217;apr\u00e8s \u00e9chantillon.<\/p>\n<p><b>Mise en \u0153uvre<\/b><\/p>\n<p>Apr\u00e8s une pr\u00e9paration appropri\u00e9e, Plastelux s&#8217;utilise sans difficult\u00e9 sur presque tous les supports, tels que l\u2019enduit frais ou peint, le b\u00e9ton, les Placoplatre (les plaques de pl\u00e2tre) et agglom\u00e9r\u00e9 (et le bois). L&#8217;application sur mati\u00e8re synth\u00e9tique ou sur m\u00e9tal n\u00e9cessite l&#8217;emploi d&#8217;une couche de fond Corifondo (sp\u00e9ciale).<\/p>\n<p>Les supports fra\u00eechement enduits ne requi\u00e8rent aucun traitement pr\u00e9alable. Si l&#8217;enduit contient du pl\u00e2tre ou s&#8217;il est peint, il faut appliquer une couche de fond Corifondo. Si le support n&#8217;est pas<span class=\"Apple-converted-space\">\u00a0<\/span><\/p>\n<p>robuste ou se compose de plusieurs couches de peinture, \u00e0 la chaux ou lavable, il faut le poncer. Apr\u00e8s \u00e9limination de tous les restes, appliquer une couche de fond Corifondo. Les supports en bois ou agglom\u00e9r\u00e9 seront trait\u00e9s au moyen d&#8217;une impr\u00e9gnation Corifondo.<\/p>\n<p>Selon l&#8217;\u00e9tat du support, Plastelux s&#8217;applique en 2 ou en 3 couches \u00e0 la taloche (au platoir) sp\u00e9ciale en acier souple, jusqu&#8217;\u00e0 ce que la surface soit parfaitement plane et homog\u00e8ne. Ensuite, on donne \u00e0 la surface la structure souhait\u00e9e au moyen de cette taloche (pl\u00e2troir) souple ou d&#8217;une spatule. Pour donner l&#8217;effet caract\u00e9ristique et typique du cr\u00e9pi v\u00e9nitien Stucco Lucido, il faut r\u00e9p\u00e9ter l&#8217;application jusqu&#8217;\u00e0 obtenir une surface dense et parfaitement brillante. Pour polir les surfaces, on peut utiliser les m\u00eames outils que pour l&#8217;application, ou des chiffons en coton. Si vous utilisez Plastelux en guise de finition, la premi\u00e8re couche peut \u00eatre r\u00e9alis\u00e9e en Venestuk.<\/p>\n<p>Si la finition du Venestuk se fait au Plastelux, il est inutile de la cirer. Lavable et r\u00e9sistant aux taches, Plastelux peut \u00eatre trait\u00e9 comme une surface \u00e9maill\u00e9e. Le traitement \u00e0 la cire des surfaces de Stucco limite les possibilit\u00e9s de r\u00e9paration. Non cir\u00e9, Plastelux se r\u00e9pare et se restaure sans probl\u00e8me et sans laisser de traces.<\/p>\n<p><b>Emballage et conservation<\/b><\/p>\n<p>Seaux de 5\u00a0kg et de 25\u00a0kg.<\/p>\n<p><a href=\"https:\/\/arteconstructo.com\/wp-content\/uploads\/2016\/03\/Fiche-tech-PLASTELUX.pdf\">T\u00e9l\u00e9chargez la version PDF<\/a><\/p>\n","protected":false},"excerpt":{"rendered":"<p>PLASTELUX Description Plastelux se compose de r\u00e9sines et de min\u00e9raux de premi\u00e8re qualit\u00e9, ainsi que de pigments et d&#8217;oxydes (d\u2019additifs). Plastelux donne aux plafonds et aux murs un aspect tr\u00e8s esth\u00e9tique &#8211; gr\u00e2ce \u00e0 la technique de finition d\u00e9corative &#8211; cr\u00e9ant une ambiance \u00e9l\u00e9gante et raffin\u00e9e. La surface, lisse, brillante et tr\u00e8s d\u00e9corative est riche&hellip;<\/p>\n","protected":false},"author":8,"featured_media":0,"parent":0,"menu_order":0,"comment_status":"closed","ping_status":"closed","template":"","meta":{"footnotes":""},"class_list":["post-16842","page","type-page","status-publish","hentry","description-off"],"_links":{"self":[{"href":"https:\/\/arteconstructo.com\/fr\/wp-json\/wp\/v2\/pages\/16842","targetHints":{"allow":["GET"]}}],"collection":[{"href":"https:\/\/arteconstructo.com\/fr\/wp-json\/wp\/v2\/pages"}],"about":[{"href":"https:\/\/arteconstructo.com\/fr\/wp-json\/wp\/v2\/types\/page"}],"author":[{"embeddable":true,"href":"https:\/\/arteconstructo.com\/fr\/wp-json\/wp\/v2\/users\/8"}],"replies":[{"embeddable":true,"href":"https:\/\/arteconstructo.com\/fr\/wp-json\/wp\/v2\/comments?post=16842"}],"version-history":[{"count":0,"href":"https:\/\/arteconstructo.com\/fr\/wp-json\/wp\/v2\/pages\/16842\/revisions"}],"wp:attachment":[{"href":"https:\/\/arteconstructo.com\/fr\/wp-json\/wp\/v2\/media?parent=16842"}],"curies":[{"name":"wp","href":"https:\/\/api.w.org\/{rel}","templated":true}]}}