{"id":16841,"date":"2018-07-20T10:45:39","date_gmt":"2018-07-20T09:45:39","guid":{"rendered":"https:\/\/arteconstructo.com\/fiches-techiques\/coridecor\/venestuk\/"},"modified":"2018-07-20T13:00:12","modified_gmt":"2018-07-20T12:00:12","slug":"venestuk","status":"publish","type":"page","link":"https:\/\/arteconstructo.com\/fr\/venestuk\/","title":{"rendered":"VENESTUK"},"content":{"rendered":"<p><b>VENESTUK<\/b><\/p>\n<p><b>Description<\/b><\/p>\n<p>L\u2019emploi de Stucco Lucido remonte \u00e0 des temps anciens mais a connu son apog\u00e9e \u00e0 la Renaissance et \u00e0 l\u2019\u00e9poque baroque, notamment dans la r\u00e9gion de Venise.<\/p>\n<p>Venestuk est le brillant r\u00e9sultat de l\u2019art des ma\u00eetres pl\u00e2triers de jadis. Les techniques de production modernes ont permis de perfectionner encore les propri\u00e9t\u00e9s particuli\u00e8res du Stucco.<\/p>\n<p>Venestuk se compose d&#8217;\u00e9l\u00e9ments v\u00e9g\u00e9taux de premi\u00e8re qualit\u00e9, de chaux grasse, de carbonates, de pigments min\u00e9raux et de plusieurs additifs qui facilitent la mise en \u0153uvre.<span class=\"Apple-converted-space\">\u00a0<\/span><\/p>\n<p>Venestuk donne aux plafonds et aux murs un aspect tr\u00e8s esth\u00e9tique &#8211; gr\u00e2ce \u00e0 la technique de finition d\u00e9corative &#8211; cr\u00e9ant une ambiance \u00e9l\u00e9gante et raffin\u00e9e. La surface, lisse, brillante et tr\u00e8s d\u00e9corative est riche en structures, en nuances et en jeux de lumi\u00e8re. Venestuk s\u2019utilise \u00e0 l\u2019int\u00e9rieur.<\/p>\n<p>L&#8217;emploi de Stucco Lucido remonte \u00e0 des temps anciens mais a connu son apog\u00e9e \u00e0 la Renaissance et \u00e0 l&#8217;\u00e9poque baroque, notamment dans la r\u00e9gion de Venise.<span class=\"Apple-converted-space\">\u00a0<\/span><\/p>\n<p><b>Coloris<\/b><\/p>\n<p>Le produit est fourni en blanc, pr\u00eat \u00e0 l&#8217;emploi. La coloration s&#8217;obtient par addition des colorants concentr\u00e9s Stabilcori, m\u00e9lang\u00e9s au moyen d&#8217;une spatule. Par ailleurs, le produit existe en 8 teintes pr\u00eates \u00e0 l&#8217;emploi. Il est aussi possible de recr\u00e9er les teintes du nuancier Corical.<\/p>\n<p><b>Mise en \u0153uvre<\/b><\/p>\n<p>Apr\u00e8s une pr\u00e9paration appropri\u00e9e, Venestuk s&#8217;utilise sans difficult\u00e9 sur presque tous les supports, tels qu\u2019enduit frais ou peint, b\u00e9ton, Placoplatre et agglom\u00e9r\u00e9. L&#8217;application sur une mati\u00e8re synth\u00e9tique n\u00e9cessite l&#8217;emploi de la couche de fond Corifondo.<\/p>\n<p>Les supports fra\u00eechement enduits \u00e0 la chaux ne n\u00e9cessitent aucun traitement pr\u00e9alable. Si l&#8217;enduit contient du pl\u00e2tre ou s&#8217;il est peint, il faut appliquer une couche de fond Corifondo. Si le support n&#8217;est pas robuste ou se compose de plusieurs couches de peinture, \u00e0 la chaux ou lavable, il faut le poncer. Apr\u00e8s \u00e9limination de tous les restes, appliquer une couche de fond Corifondo. Les supports en bois seront trait\u00e9s au moyen d&#8217;une impr\u00e9gnation Corifondo.<\/p>\n<p>Selon l&#8217;\u00e9tat du support, Venestuk s&#8217;applique en 2 ou en 3 couches \u00e0 la spatule sp\u00e9ciale en acier souple, jusqu&#8217;\u00e0 ce que la surface soit parfaitement plane et homog\u00e8ne. Pour la premi\u00e8re couche, il est pr\u00e9f\u00e9rable de pr\u00e9voir un lissage \u00e0 la taloche pour uniformiser la totalit\u00e9 du support.<\/p>\n<p>Ensuite, avec la seconde et la troisi\u00e8me couche, on donne \u00e0 la surface la structure souhait\u00e9e au moyen d&#8217;une spatule souple.<span class=\"Apple-converted-space\">\u00a0<\/span><\/p>\n<p>Pour donner l&#8217;effet caract\u00e9ristique et typique de l\u2019enduit v\u00e9nitien ou Stucco Lucido, il faut r\u00e9p\u00e9ter l&#8217;application jusqu&#8217;\u00e0 obtenir une surface dense et parfaitement brillante. Pour polir les surfaces, on peut utiliser les m\u00eames outils qu\u2019\u00e0 l&#8217;application, ou des chiffons en coton.<span class=\"Apple-converted-space\">\u00a0<\/span><\/p>\n<p>Si l\u2019on veut rendre le stucco lucido lavable, il suffit de terminer l\u2019enduit marbr\u00e9 avec une derni\u00e8re couche de Plastelux, celle-ci teint\u00e9e dans la couleur souhait\u00e9e. Ceci rendra le produit parfaitement \u00e9tanche \u00e0 l\u2019eau et lui donnera une brillance et profondeur encore plus soutenue.<\/p>\n<p>Une couche de cire d\u2019abeilles prot\u00e8ge Venestuk de tout encrassement et le rend lavable. La cire ne peut \u00eatre appliqu\u00e9e sur les surfaces en Venestuk que 10 jours apr\u00e8s leur r\u00e9alisation. Les possibilit\u00e9s de r\u00e9paration d&#8217;une surface de Stucco cir\u00e9e sont limit\u00e9es. Non cir\u00e9, Venestuk se r\u00e9pare et se restaure sans probl\u00e8me et sans laisser de traces.<\/p>\n<p><b>Conditionnement<\/b><\/p>\n<p>Seaux de 5\u00a0kg et de 25\u00a0kg.<\/p>\n<p><a href=\"https:\/\/arteconstructo.com\/wp-content\/uploads\/2016\/03\/Fiche-tech-VENESTUK.pdf\">T\u00e9l\u00e9chargez la version PDF<\/a><\/p>\n","protected":false},"excerpt":{"rendered":"<p>VENESTUK Description L\u2019emploi de Stucco Lucido remonte \u00e0 des temps anciens mais a connu son apog\u00e9e \u00e0 la Renaissance et \u00e0 l\u2019\u00e9poque baroque, notamment dans la r\u00e9gion de Venise. Venestuk est le brillant r\u00e9sultat de l\u2019art des ma\u00eetres pl\u00e2triers de jadis. Les techniques de production modernes ont permis de perfectionner encore les propri\u00e9t\u00e9s particuli\u00e8res du&hellip;<\/p>\n","protected":false},"author":8,"featured_media":0,"parent":0,"menu_order":0,"comment_status":"closed","ping_status":"closed","template":"","meta":{"footnotes":""},"class_list":["post-16841","page","type-page","status-publish","hentry","description-off"],"_links":{"self":[{"href":"https:\/\/arteconstructo.com\/fr\/wp-json\/wp\/v2\/pages\/16841","targetHints":{"allow":["GET"]}}],"collection":[{"href":"https:\/\/arteconstructo.com\/fr\/wp-json\/wp\/v2\/pages"}],"about":[{"href":"https:\/\/arteconstructo.com\/fr\/wp-json\/wp\/v2\/types\/page"}],"author":[{"embeddable":true,"href":"https:\/\/arteconstructo.com\/fr\/wp-json\/wp\/v2\/users\/8"}],"replies":[{"embeddable":true,"href":"https:\/\/arteconstructo.com\/fr\/wp-json\/wp\/v2\/comments?post=16841"}],"version-history":[{"count":0,"href":"https:\/\/arteconstructo.com\/fr\/wp-json\/wp\/v2\/pages\/16841\/revisions"}],"wp:attachment":[{"href":"https:\/\/arteconstructo.com\/fr\/wp-json\/wp\/v2\/media?parent=16841"}],"curies":[{"name":"wp","href":"https:\/\/api.w.org\/{rel}","templated":true}]}}