{"id":16840,"date":"2018-07-20T10:44:24","date_gmt":"2018-07-20T09:44:24","guid":{"rendered":"https:\/\/arteconstructo.com\/fiches-techiques\/coridecor\/decorlux\/"},"modified":"2018-07-20T13:00:07","modified_gmt":"2018-07-20T12:00:07","slug":"decorlux","status":"publish","type":"page","link":"https:\/\/arteconstructo.com\/fr\/decorlux\/","title":{"rendered":"DECORLUX"},"content":{"rendered":"<p><b>DECORLUX<\/b><\/p>\n<p><b>Description<\/b><\/p>\n<p>Decorlux est un enduit marbr\u00e9 pr\u00eat \u00e0 l&#8217;emploi, destin\u00e9 \u00e0 la d\u00e9coration int\u00e9rieure, \u00e0 l\u2019aspect lisse et lumineux, plein d\u2019effets de profondeur et de couleur d\u00e9pendant du mode d\u2019application. Il se pr\u00eate \u00e0 des effets cr\u00e9atifs et personnalis\u00e9s.<\/p>\n<p>Il s&#8217;agit d&#8217;un produit purement min\u00e9ral, \u00e0 base de chaux grasse, compos\u00e9e de mati\u00e8res s\u00e9lectionn\u00e9es avec soin et entrepos\u00e9es pendant une longue p\u00e9riode, et de pigments naturels.<\/p>\n<p><b>Coloris<\/b><\/p>\n<p>Le produit est disponible en blanc nature et en 45 coloris pr\u00eats \u00e0 l&#8217;emploi (voir carte de teintes Decorlux). Les colorants concentr\u00e9s Stabilcori permettent de varier les tons \u00e0 volont\u00e9.<\/p>\n<p>Decorlux est \u00e9galement disponible en tous les tons de la carte de teinte Corical.<\/p>\n<p><b>Mise en oeuvre<\/b><\/p>\n<p>Pr\u00e9paration<\/p>\n<p>Appliquer toujours Decorlux sur une couche de fond Corifondo. Ce fond est un primer sp\u00e9cialement con\u00e7u pour les produits Coridecor. Gr\u00e2ce \u00e0 cette couche de fond, le support absorbe uniform\u00e9ment le Decorlux et en assure la bonne adh\u00e9rence, tout en gardant ses propri\u00e9t\u00e9s de diffusion de la vapeur d&#8217;eau. Corifondo se dilue \u00e0 l&#8217;eau (de 20 \u00e0 50%) en fonction de la porosit\u00e9 du support. Corifondo peut \u00e9galement \u00eatre teint\u00e9 au moyen de colorants concentr\u00e9s et constituer ainsi une premi\u00e8re couche de couleur.<\/p>\n<p>Uniquement sur un support fin \u00e0 la chaux on peut appliquer le Decorlux sans couche de fond.<\/p>\n<p>Types de support<\/p>\n<p>Mortier de chaux, mortier b\u00e2tard, ciment et b\u00e9ton<\/p>\n<p>Si ces support ne sont pas planes et lisses, tout d\u2018abord aplanir les rugosit\u00e9s en l&#8217;enduisant au Coridecor Start. Appliquer ensuite la couche de Decorlux.<span class=\"Apple-converted-space\">\u00a0 <\/span>Si par contre le mortier de chaux ou mortier b\u00e2tard sont r\u00e9guliers et lisses, appliquer directement le Decorlux.<span class=\"Apple-converted-space\">\u00a0 <\/span>Pour le ciment et le b\u00e9ton lisses, il est indispensable de pr\u00e9voir une couche de Corifondo avant application du Decorlux.<\/p>\n<p>Pl\u00e2tre<\/p>\n<p>Si le support n\u2019est pas lisse, appliquer l\u2019enduit Coridecor Start et ensuite le Decorlux. Si le pl\u00e2tre est bien liss\u00e9 : appliquer directement les Corifondo et ensuite les couches de Decorlux.<\/p>\n<p>Placoplatre et agglom\u00e9r\u00e9<\/p>\n<p>Mettre une couche d\u2019enduit Coridecor Start, ensuite les couches de Decorlux.<\/p>\n<p>Avant d&#8217;appliquer les couches de fond, le support doit \u00eatre parfaitement sec et r\u00e9sistant. Enlever tout reste de vieille peinture, colle ou papier peint.<\/p>\n<p>Laisser s\u00e9cher le Corifondo ou le Coridecor Start pendant 12 heures avant d\u2019appliquer le Decorlux.<\/p>\n<p>Mise en oeuvre de Decorlux<\/p>\n<p>Decorlux s\u2019applique avec une taloche inox en deux ou trois passes superpos\u00e9es. L\u2019avant-derni\u00e8re ou la derni\u00e8re couche s\u2019applique avec la petite taloche de 80 x 200 mm.<\/p>\n<p>D\u00e8s que la surface est parfaite, on peut commencer \u00e0 la polir. A cet effet, il est tr\u00e8s important d&#8217;employer des outils propres. Poncer la taloche flexible au papier abrasif de granulom\u00e9trie 300.<\/p>\n<p>On peut cirer les surfaces Decorlux si on souhaite un effet de brillance plus accentu\u00e9. La cire proscrirait un traitement de r\u00e9paration ult\u00e9rieur.<span class=\"Apple-converted-space\">\u00a0<\/span><\/p>\n<p><b>Conditionnement<\/b><\/p>\n<p>Seaux de 5 kg et de 25 kg<\/p>\n<p><a href=\"https:\/\/arteconstructo.com\/wp-content\/uploads\/2016\/03\/Fiche-tech-DECORLUX.pdf\">T\u00e9l\u00e9chargez la version PDF<\/a><\/p>\n","protected":false},"excerpt":{"rendered":"<p>DECORLUX Description Decorlux est un enduit marbr\u00e9 pr\u00eat \u00e0 l&#8217;emploi, destin\u00e9 \u00e0 la d\u00e9coration int\u00e9rieure, \u00e0 l\u2019aspect lisse et lumineux, plein d\u2019effets de profondeur et de couleur d\u00e9pendant du mode d\u2019application. Il se pr\u00eate \u00e0 des effets cr\u00e9atifs et personnalis\u00e9s. Il s&#8217;agit d&#8217;un produit purement min\u00e9ral, \u00e0 base de chaux grasse, compos\u00e9e de mati\u00e8res s\u00e9lectionn\u00e9es&hellip;<\/p>\n","protected":false},"author":8,"featured_media":0,"parent":0,"menu_order":0,"comment_status":"closed","ping_status":"closed","template":"","meta":{"footnotes":""},"class_list":["post-16840","page","type-page","status-publish","hentry","description-off"],"_links":{"self":[{"href":"https:\/\/arteconstructo.com\/fr\/wp-json\/wp\/v2\/pages\/16840","targetHints":{"allow":["GET"]}}],"collection":[{"href":"https:\/\/arteconstructo.com\/fr\/wp-json\/wp\/v2\/pages"}],"about":[{"href":"https:\/\/arteconstructo.com\/fr\/wp-json\/wp\/v2\/types\/page"}],"author":[{"embeddable":true,"href":"https:\/\/arteconstructo.com\/fr\/wp-json\/wp\/v2\/users\/8"}],"replies":[{"embeddable":true,"href":"https:\/\/arteconstructo.com\/fr\/wp-json\/wp\/v2\/comments?post=16840"}],"version-history":[{"count":0,"href":"https:\/\/arteconstructo.com\/fr\/wp-json\/wp\/v2\/pages\/16840\/revisions"}],"wp:attachment":[{"href":"https:\/\/arteconstructo.com\/fr\/wp-json\/wp\/v2\/media?parent=16840"}],"curies":[{"name":"wp","href":"https:\/\/api.w.org\/{rel}","templated":true}]}}