{"id":16839,"date":"2018-07-20T10:43:23","date_gmt":"2018-07-20T09:43:23","guid":{"rendered":"https:\/\/arteconstructo.com\/fiches-techiques\/coridecor\/start\/"},"modified":"2018-07-20T13:00:11","modified_gmt":"2018-07-20T12:00:11","slug":"start","status":"publish","type":"page","link":"https:\/\/arteconstructo.com\/fr\/start\/","title":{"rendered":"START"},"content":{"rendered":"<p><b>START<\/b><\/p>\n<p><b>Description<\/b><\/p>\n<p>Start est un enduit naturel blanc pr\u00eat \u00e0 l\u2019emploi.<span class=\"Apple-converted-space\">\u00a0 <\/span>Il est compos\u00e9 de chaux grasse, poudre de marbre, silices s\u00e9lectionn\u00e9es, et additifs choisis pour am\u00e9liorer l\u2019adh\u00e9rence et la maniabilit\u00e9 du produit.<\/p>\n<p>D\u00fb \u00e0 sa forte perm\u00e9abilit\u00e9, typique \u00e0 la chaux, le produit permet de recevoir une finition qui pourra \u00eatre marbr\u00e9e sans aucune difficult\u00e9.<span class=\"Apple-converted-space\">\u00a0 <\/span>Aussi, Start est une couche de fond id\u00e9ale pour mettre en valeur toute peinture min\u00e9rale. <span class=\"Apple-converted-space\">\u00a0<\/span><\/p>\n<p>Start se travaille facilement et att\u00e9nuera toute forme de reprises.<\/p>\n<p>Sa forte adh\u00e9sion lui permet d\u2019\u00eatre appliqu\u00e9 sur toute sorte de support. <span class=\"Apple-converted-space\">\u00a0<\/span><\/p>\n<p>L\u2019enduit Start a une prise rapide et une r\u00e9sistance m\u00e9canique importante, il donne une surface r\u00e9guli\u00e8re et uniforme. <span class=\"Apple-converted-space\">\u00a0<\/span><\/p>\n<p>Start r\u00e9siste \u00e0 la chaleur. <span class=\"Apple-converted-space\">\u00a0<\/span><\/p>\n<p>Start s\u2019utilise pour des restaurations et des r\u00e9habilitations.<span class=\"Apple-converted-space\">\u00a0 <\/span>Il sert \u00e9galement de couche de fond pour peintures et enduit d\u00e9coratifs.<span class=\"Apple-converted-space\">\u00a0 <\/span>Start corrige les d\u00e9fauts du corps d\u2019enduit.<span class=\"Apple-converted-space\">\u00a0<\/span><\/p>\n<p><b>Application<\/b> <span class=\"Apple-converted-space\">\u00a0<\/span><\/p>\n<p>Start est une couche d\u2019accroche ou une couche de fond \u00e0 utiliser sur tout support synth\u00e9tique, placopl\u00e2tre ou enduit min\u00e9ral irr\u00e9gulier et ciment, pour pr\u00e9parer une peinture ou un enduit d\u00e9coratif \u00e0 la chaux.<\/p>\n<p>Start peut \u00eatre appliqu\u00e9 \u00e0 l\u2019int\u00e9rieur et \u00e0 l\u2019ext\u00e9rieur.<\/p>\n<p>Le support doit \u00eatre propre et d\u00e9gag\u00e9 de toutes traces de poussi\u00e8re, d\u2019huile ou de graisse.<span class=\"Apple-converted-space\">\u00a0 <\/span>Lorsque le support a \u00e9t\u00e9 trait\u00e9 avec un produit d\u2019impr\u00e9gnation (silicones ou similaires), veuillez consulter notre service technique.<\/p>\n<p>Coridecor Start est applicable \u00e0 des temp\u00e9ratures entre 5\u00b0C et 35\u00b0C. <span class=\"Apple-converted-space\">\u00a0<\/span><\/p>\n<p>Coridecor Start doit \u00eatre appliqu\u00e9 en deux passes avec une taloche, jusqu\u2019\u00e0 ce que le support soit bien lisse.<span class=\"Apple-converted-space\">\u00a0 <\/span>Epaisseur totale de la couche\u00a0: 1 \u00e0 3 mm. <span class=\"Apple-converted-space\">\u00a0<\/span><\/p>\n<p>Humidifier si n\u00e9cessaire et ensuite finir \u00e0 la taloche ou \u00e0 l\u2019\u00e9ponge. <span class=\"Apple-converted-space\">\u00a0<\/span><\/p>\n<p><b>Conditionnement<\/b><\/p>\n<p>Seaux de 5 kg ou 30 kg<\/p>\n<p><b>Remarques<\/b><\/p>\n<p>Les produits Coridecor sont irritants pour les yeux et la peau. <span class=\"Apple-converted-space\">\u00a0 <\/span>En cas de contact avec les produits, laver imm\u00e9diatement et abondamment avec de l\u2019eau et consulter un m\u00e9decin. <span class=\"Apple-converted-space\">\u00a0 <\/span>Tenir hors de port\u00e9e des enfants. <span class=\"Apple-converted-space\">\u00a0<\/span><\/p>\n<p><a href=\"https:\/\/arteconstructo.com\/wp-content\/uploads\/2016\/03\/Fiche-tech-START.pdf\">T\u00e9l\u00e9chargez la version PDF<\/a><\/p>\n","protected":false},"excerpt":{"rendered":"<p>START Description Start est un enduit naturel blanc pr\u00eat \u00e0 l\u2019emploi.\u00a0 Il est compos\u00e9 de chaux grasse, poudre de marbre, silices s\u00e9lectionn\u00e9es, et additifs choisis pour am\u00e9liorer l\u2019adh\u00e9rence et la maniabilit\u00e9 du produit. D\u00fb \u00e0 sa forte perm\u00e9abilit\u00e9, typique \u00e0 la chaux, le produit permet de recevoir une finition qui pourra \u00eatre marbr\u00e9e sans aucune&hellip;<\/p>\n","protected":false},"author":8,"featured_media":0,"parent":0,"menu_order":0,"comment_status":"closed","ping_status":"closed","template":"","meta":{"footnotes":""},"class_list":["post-16839","page","type-page","status-publish","hentry","description-off"],"_links":{"self":[{"href":"https:\/\/arteconstructo.com\/fr\/wp-json\/wp\/v2\/pages\/16839","targetHints":{"allow":["GET"]}}],"collection":[{"href":"https:\/\/arteconstructo.com\/fr\/wp-json\/wp\/v2\/pages"}],"about":[{"href":"https:\/\/arteconstructo.com\/fr\/wp-json\/wp\/v2\/types\/page"}],"author":[{"embeddable":true,"href":"https:\/\/arteconstructo.com\/fr\/wp-json\/wp\/v2\/users\/8"}],"replies":[{"embeddable":true,"href":"https:\/\/arteconstructo.com\/fr\/wp-json\/wp\/v2\/comments?post=16839"}],"version-history":[{"count":0,"href":"https:\/\/arteconstructo.com\/fr\/wp-json\/wp\/v2\/pages\/16839\/revisions"}],"wp:attachment":[{"href":"https:\/\/arteconstructo.com\/fr\/wp-json\/wp\/v2\/media?parent=16839"}],"curies":[{"name":"wp","href":"https:\/\/api.w.org\/{rel}","templated":true}]}}