{"id":16838,"date":"2018-07-20T10:42:23","date_gmt":"2018-07-20T09:42:23","guid":{"rendered":"https:\/\/arteconstructo.com\/fiches-techiques\/coridecor\/coristil\/"},"modified":"2018-07-20T13:00:07","modified_gmt":"2018-07-20T12:00:07","slug":"coristil","status":"publish","type":"page","link":"https:\/\/arteconstructo.com\/fr\/coristil\/","title":{"rendered":"CORISTIL"},"content":{"rendered":"<p><b>CORISTIL<\/b><\/p>\n<p><b>Description<\/b><\/p>\n<p>Coristil est une finition marbr\u00e9e pour l\u2019ext\u00e9rieur et l\u2019int\u00e9rieur, d\u2019un aspect lisse, velout\u00e9 et satin\u00e9, suivant le mode de finition.<span class=\"Apple-converted-space\">\u00a0<\/span><\/p>\n<p>Coristil se compose de chaux grasse, poudre de marbre s\u00e9lectionn\u00e9e, fibres sp\u00e9ciales et adjuvants permettant au produit de mieux adh\u00e9rer.<\/p>\n<p>L\u2019emploi d\u2019une fibre sp\u00e9ciale lui conf\u00e8re une structure arm\u00e9e particuli\u00e8re qui assure une durabilit\u00e9 et une inalt\u00e9rabilit\u00e9 parfaite dans le temps. En raison de ses caract\u00e9ristiques esth\u00e9tiques et de ses propri\u00e9t\u00e9s, Coristil s\u2019utilise surtout pour les travaux de restauration et de r\u00e9habilitation, mais il se pr\u00eate parfaitement \u00e9galement au neuf.<\/p>\n<p>Coristil est un produit transpirant, qui poss\u00e8de \u00e9galement une bonne perm\u00e9abilit\u00e9 \u00e0 la vapeur d\u2019eau.<\/p>\n<p><b>Mise en \u0153uvre<span class=\"Apple-converted-space\">\u00a0<\/span><\/b><\/p>\n<p>Coristil s\u2019applique de pr\u00e9f\u00e9rence sur les enduits neufs \u00e0 la chaux, qui n\u2019ont subi aucun traitement pr\u00e9alable, mais il peut \u00e9galement \u00eatre pos\u00e9 sur des fonds d\u00e9j\u00e0 peints avec une peinture \u00e0 l\u2019eau (type peinture \u00e0 la chaux), \u00e0 condition que la peinture soit bien fix\u00e9e et qu\u2019elle soit assez poreuse et plut\u00f4t rugueuse.<span class=\"Apple-converted-space\">\u00a0<\/span><\/p>\n<p>Si Coristil doit \u00eatre appliqu\u00e9 sur plusieurs couches de peinture existantes, ayant une \u00e9paisseur trop importante, il est conseill\u00e9 de poncer soigneusement le support au pr\u00e9alable.<\/p>\n<p>Sur des supports friables, tr\u00e8s absorbants ou synth\u00e9tiques, il sera n\u00e9cessaire d\u2019appliquer au pr\u00e9alable une couche de Corifondo ou Coridecor Start.<\/p>\n<p>Coristil est un produit livr\u00e9 pr\u00eat \u00e0 l\u2019emploi; il suffit de le m\u00e9langer soigneusement. Le produit s\u2019applique sur un support l\u00e9g\u00e8rement humide, \u00e0 des temp\u00e9ratures entre 5\u00b0C et 35\u00b0C.<span class=\"Apple-converted-space\">\u00a0<\/span><\/p>\n<p>Coristil s\u2019applique \u00e0 l\u2019aide d\u2019une taloche m\u00e9tallique en acier inoxydable, et doit \u00eatre r\u00e9parti de mani\u00e8re uniforme. La deuxi\u00e8me couche s\u2019applique d\u2019une main ferme, aussit\u00f4t que la premi\u00e8re couche sera s\u00e8che.<span class=\"Apple-converted-space\">\u00a0<\/span><\/p>\n<p>Pendant la p\u00e9riode de s\u00e9chage de la deuxi\u00e8me couche, repasser avec la taloche par petites surfaces afin d\u2019assurer une finition parfaite. Terminer par un lissage par pression avec le dos de la m\u00eame taloche .<\/p>\n<p><b>Couleurs<span class=\"Apple-converted-space\">\u00a0<\/span><\/b><\/p>\n<p>Blanc + 36 couleurs (voir carte de teintes)<\/p>\n<p><b>Conditionnement<\/b><\/p>\n<p>Seaux de 5 kg ou 25 kg<\/p>\n<p><a href=\"https:\/\/arteconstructo.com\/wp-content\/uploads\/2016\/03\/Fiche-tech-CORISTIL.pdf\">T\u00e9l\u00e9chargez la version PDF<\/a><\/p>\n","protected":false},"excerpt":{"rendered":"<p>CORISTIL Description Coristil est une finition marbr\u00e9e pour l\u2019ext\u00e9rieur et l\u2019int\u00e9rieur, d\u2019un aspect lisse, velout\u00e9 et satin\u00e9, suivant le mode de finition.\u00a0 Coristil se compose de chaux grasse, poudre de marbre s\u00e9lectionn\u00e9e, fibres sp\u00e9ciales et adjuvants permettant au produit de mieux adh\u00e9rer. L\u2019emploi d\u2019une fibre sp\u00e9ciale lui conf\u00e8re une structure arm\u00e9e particuli\u00e8re qui assure une&hellip;<\/p>\n","protected":false},"author":8,"featured_media":0,"parent":0,"menu_order":0,"comment_status":"closed","ping_status":"closed","template":"","meta":{"footnotes":""},"class_list":["post-16838","page","type-page","status-publish","hentry","description-off"],"_links":{"self":[{"href":"https:\/\/arteconstructo.com\/fr\/wp-json\/wp\/v2\/pages\/16838","targetHints":{"allow":["GET"]}}],"collection":[{"href":"https:\/\/arteconstructo.com\/fr\/wp-json\/wp\/v2\/pages"}],"about":[{"href":"https:\/\/arteconstructo.com\/fr\/wp-json\/wp\/v2\/types\/page"}],"author":[{"embeddable":true,"href":"https:\/\/arteconstructo.com\/fr\/wp-json\/wp\/v2\/users\/8"}],"replies":[{"embeddable":true,"href":"https:\/\/arteconstructo.com\/fr\/wp-json\/wp\/v2\/comments?post=16838"}],"version-history":[{"count":0,"href":"https:\/\/arteconstructo.com\/fr\/wp-json\/wp\/v2\/pages\/16838\/revisions"}],"wp:attachment":[{"href":"https:\/\/arteconstructo.com\/fr\/wp-json\/wp\/v2\/media?parent=16838"}],"curies":[{"name":"wp","href":"https:\/\/api.w.org\/{rel}","templated":true}]}}