{"id":16837,"date":"2018-07-20T10:41:30","date_gmt":"2018-07-20T09:41:30","guid":{"rendered":"https:\/\/arteconstructo.com\/fiches-techiques\/coridecor\/marmolux\/"},"modified":"2018-07-20T15:41:19","modified_gmt":"2018-07-20T14:41:19","slug":"marmolux","status":"publish","type":"page","link":"https:\/\/arteconstructo.com\/fr\/marmolux\/","title":{"rendered":"MARMOLUX"},"content":{"rendered":"<p><b>MARMOLUX<\/b><span class=\"Apple-converted-space\">\u00a0<\/span><\/p>\n<p><b>Description<\/b><\/p>\n<p>Marmolux est une finition marbr\u00e9e, traditionnelle, qui a trouv\u00e9 son application \u00e0 partir du 15i\u00e8me et 16i\u00e8me si\u00e8cle dans les palais v\u00e9nitiens. Le produit se compose de chaux grasse, de poudres de marbre s\u00e9lectionn\u00e9es avec soin et d&#8217;additifs v\u00e9g\u00e9taux. La structure poreuse de Marmolux le rend perm\u00e9able \u00e0 la vapeur.<\/p>\n<p>L&#8217;aspect lisse, brillant et pierreux de la surface est tr\u00e8s d\u00e9coratif.<\/p>\n<p><b>Domaine d\u2019utilisation<\/b><\/p>\n<p>En raison de ses caract\u00e9ristiques esth\u00e9tiques et de ses propri\u00e9t\u00e9s, Marmolux s&#8217;utilise pour la restauration et r\u00e9habilitation de vieux b\u00e2timents ainsi qu&#8217;en architecture moderne.<\/p>\n<p>Marmolux r\u00e9siste au gel et convient \u00e0 l&#8217;application tant int\u00e9rieure qu&#8217;ext\u00e9rieure.<span class=\"Apple-converted-space\">\u00a0<\/span><\/p>\n<p><b>Rendement<\/b><\/p>\n<p>de 1,5 \u00e0 2 kg\/m\u00b2<\/p>\n<p><b>Application<\/b><\/p>\n<p>Marmolux s&#8217;\u00e9tend, de pr\u00e9f\u00e9rence, sur un fin enduit de chaux, par exemple l\u2019Unilit 40 ou 45, et ceci sans couche d\u2019adh\u00e9rence. Il peut \u00e9galement \u00eatre appliqu\u00e9 sur des supports synth\u00e9tiques, au ciment ou au pl\u00e2tre. Dans ces cas, une pr\u00e9paration pr\u00e9alable est obligatoire : Unilit 15\/P1 pour des supports en ciment, Coredecor Start pour ciment, pl\u00e2tre ou sur un support synth\u00e9tique.<\/p>\n<p><b>Mise en oeuvre<\/b><\/p>\n<p>Marmolux s&#8217;applique sur un support l\u00e9g\u00e8rement humide, \u00e0 des temp\u00e9ratures entre 5\u00b0C et 35\u00b0C. Marmolux est un produit pr\u00eat \u00e0 l&#8217;emploi: il suffit de le m\u00e9langer l\u00e9g\u00e8rement. On l&#8217;\u00e9tend \u00e0 la taloche en inox, en couche de 0,5 \u00e0 0,8 mm maximum. Appliquer une deuxi\u00e8me couche, de 0,3 \u00e0 0,5\u00a0mm d&#8217;\u00e9paisseur maximum, avant s\u00e9chage complet de la premi\u00e8re couche, en la tassant bien par mouvements crois\u00e9s.<\/p>\n<p>Une fois les couches de Marmolux s\u00e8ches, on commence le lissage au moyen d&#8217;une taloche en inox propre. Pour obtenir une surface parfaitement lisse, le dernier polissage se fait au chiffon de laine.<\/p>\n<p>Il est possible de pr\u00e9voir une couche de protection \u00e0 la cire d\u2019abeilles.<\/p>\n<p><b>Pr\u00e9cautions<\/b><\/p>\n<p>Irritant pour la peau.<span class=\"Apple-converted-space\">\u00a0 <\/span>Risque de l\u00e9sions oculaires graves.<span class=\"Apple-converted-space\">\u00a0 <\/span>\u00c9viter le contact avec la peau et les yeux.<span class=\"Apple-converted-space\">\u00a0 <\/span>Utiliser les protections ad\u00e9quates, des lunettes protectrices et gants imperm\u00e9ables pour l\u2019application.<span class=\"Apple-converted-space\">\u00a0 <\/span>En cas de contact avec les yeux, laver imm\u00e9diatement et abondamment avec de l\u2019eau et consulter un sp\u00e9cialiste.<span class=\"Apple-converted-space\">\u00a0 <\/span>En cas d\u2019ingestion, consulter imm\u00e9diatement un m\u00e9decin et lui montrer l\u2019emballage ou l\u2019\u00e9tiquette.<\/p>\n<p>Bien prot\u00e9ger les surfaces en verre, c\u00e9ramique, m\u00e9tal ou pierre ainsi que les ch\u00e2ssis qui ne doivent pas \u00eatre peints.<span class=\"Apple-converted-space\">\u00a0 <\/span>Nettoyer imm\u00e9diatement les \u00e9claboussures.<span class=\"Apple-converted-space\">\u00a0 <\/span>Garder hors de port\u00e9e des enfants.<span class=\"Apple-converted-space\">\u00a0 <\/span>Ne pas verser les restes du produit dans les \u00e9gouts ou dans les eaux superficielles.<\/p>\n<p><a href=\"https:\/\/arteconstructo.com\/wp-content\/uploads\/2016\/03\/Fiche-tech-MARMOLUX.pdf\">T\u00e9l\u00e9chargez la version PDF<\/a><\/p>\n","protected":false},"excerpt":{"rendered":"<p>MARMOLUX\u00a0 Description Marmolux est une finition marbr\u00e9e, traditionnelle, qui a trouv\u00e9 son application \u00e0 partir du 15i\u00e8me et 16i\u00e8me si\u00e8cle dans les palais v\u00e9nitiens. Le produit se compose de chaux grasse, de poudres de marbre s\u00e9lectionn\u00e9es avec soin et d&#8217;additifs v\u00e9g\u00e9taux. La structure poreuse de Marmolux le rend perm\u00e9able \u00e0 la vapeur. L&#8217;aspect lisse, brillant&hellip;<\/p>\n","protected":false},"author":8,"featured_media":0,"parent":0,"menu_order":0,"comment_status":"closed","ping_status":"closed","template":"","meta":{"footnotes":""},"class_list":["post-16837","page","type-page","status-publish","hentry","description-off"],"_links":{"self":[{"href":"https:\/\/arteconstructo.com\/fr\/wp-json\/wp\/v2\/pages\/16837","targetHints":{"allow":["GET"]}}],"collection":[{"href":"https:\/\/arteconstructo.com\/fr\/wp-json\/wp\/v2\/pages"}],"about":[{"href":"https:\/\/arteconstructo.com\/fr\/wp-json\/wp\/v2\/types\/page"}],"author":[{"embeddable":true,"href":"https:\/\/arteconstructo.com\/fr\/wp-json\/wp\/v2\/users\/8"}],"replies":[{"embeddable":true,"href":"https:\/\/arteconstructo.com\/fr\/wp-json\/wp\/v2\/comments?post=16837"}],"version-history":[{"count":0,"href":"https:\/\/arteconstructo.com\/fr\/wp-json\/wp\/v2\/pages\/16837\/revisions"}],"wp:attachment":[{"href":"https:\/\/arteconstructo.com\/fr\/wp-json\/wp\/v2\/media?parent=16837"}],"curies":[{"name":"wp","href":"https:\/\/api.w.org\/{rel}","templated":true}]}}