{"id":16836,"date":"2018-07-20T10:40:44","date_gmt":"2018-07-20T09:40:44","guid":{"rendered":"https:\/\/arteconstructo.com\/fiches-techiques\/coridecor\/fondosilk\/"},"modified":"2018-07-20T13:00:08","modified_gmt":"2018-07-20T12:00:08","slug":"fondosilk","status":"publish","type":"page","link":"https:\/\/arteconstructo.com\/fr\/fondosilk\/","title":{"rendered":"FONDOSILK"},"content":{"rendered":"<p><b>FONDOSILK<\/b><span class=\"Apple-converted-space\">\u00a0<\/span><\/p>\n<p><b>Description<\/b><\/p>\n<p>Fondosilk est une formulation de fluosilicate stabilisant modifi\u00e9e, conforme \u00e0 la norme DIN 18363.<span class=\"Apple-converted-space\">\u00a0 <\/span>Ce fixatif r\u00e9gule l\u2019absorption, stabilise le support, garantie une bonne accroche de la couche finale, et ne r\u00e9duit pas la perm\u00e9abilit\u00e9 \u00e0 la vapeur.<\/p>\n<p>Gr\u00e2ce aux propri\u00e9t\u00e9s min\u00e9rales on obtiendra une bonne accroche pour le futur rev\u00eatement aux silicates. <span class=\"Apple-converted-space\">\u00a0 \u00a0<\/span><\/p>\n<p>Fondosilk p\u00e9n\u00e8tre en profondeur dans le support et se cristallisera ensuite avec celui-ci.<span class=\"Apple-converted-space\">\u00a0<\/span><\/p>\n<p>Fondosilk est un produit fluide et laiteux de nature inorganique.<\/p>\n<p><b>Domaine d\u2019utilisation<\/b><\/p>\n<p>Fondosilk s\u2019utilise comme fixateur et couche de preparation pour toute sorte de support mineral, tel qu\u2019un enduit a la chaux, au ciment ou au mortier batard, ainsi qu\u2019une ma\u00e7onnerie en briques ou en pierre naturelle. <span class=\"Apple-converted-space\">\u00a0<\/span><\/p>\n<p>Fondosilk est egalement utilise comme liant pour le Corisilk.<\/p>\n<p><b>Pr\u00e9paration du support et Application<\/b><\/p>\n<p>Les supports stables et propres \u2013 tel que les enduits et les badigeons \u00e0 la chaux, ainsi que les ma\u00e7onneries traditionnelles en briques ou en pierre naturelle et ma\u00e7onn\u00e9es au mortier \u00e0 la chaux \u2013 ne demandent aucun traitement sp\u00e9cifique.<span class=\"Apple-converted-space\">\u00a0 <\/span>Les couches poussi\u00e9reuses doivent \u00eatre supprim\u00e9es jusqu\u2019\u00e0 l\u2019obtention d\u2019un support solide.<span class=\"Apple-converted-space\">\u00a0 <\/span>Les r\u00e9parations de pierre et \u00e0 la ma\u00e7onnerie, les rejointoyages et\/ou le ragr\u00e9age des enduits au pr\u00e9alable se font de pr\u00e9f\u00e9rence \u00e0 l\u2019aide de mortiers \u00e0 la chaux. <span class=\"Apple-converted-space\">\u00a0<\/span><\/p>\n<p>Appliquer le Fondosilk en une ou deux couches, dilu\u00e9 avec au maximum 50 % d\u2019eau propre en cas de support fort poreux.<span class=\"Apple-converted-space\">\u00a0 <\/span>Il peut \u00eatre appliqu\u00e9 \u00e0 la brosse, au rouleau ou airless. <span class=\"Apple-converted-space\">\u00a0<\/span><\/p>\n<p>Ne pas appliquer par temps de vent fort et par exposition au soleil, ni en cas de brouillard dense ou de temp\u00e9ratures inf\u00e9rieures \u00e0 +5\u00b0C ou sup\u00e9rieures \u00e0 +35\u00b0C.<span class=\"Apple-converted-space\">\u00a0 <\/span>Ne pas appliquer en temps de pluie.<\/p>\n<p>Nettoyer les outils \u00e0 l\u2019eau directement apr\u00e8s l\u2019application.<\/p>\n<p><b>Consommation<\/b><b><span class=\"Apple-converted-space\">\u00a0<\/span><\/b><\/p>\n<p>Consommation indicative: entre 0,100 \u00e0 0,200 l\/m\u00b2.<span class=\"Apple-converted-space\">\u00a0<\/span><\/p>\n<p>Le rendement moyen par litre est de 4 \u00e0 6 m\u00b2 en deux couches.<span class=\"Apple-converted-space\">\u00a0<\/span><\/p>\n<p><b>Emballage et conservation<span class=\"Apple-converted-space\">\u00a0<\/span><\/b><\/p>\n<p>Seaux en plastique de 1 litre, 5 litres et 15 litres. Le produit reste stable au moins pendant 6 mois lorsqu\u2019il est conserv\u00e9 dans des r\u00e9cipients herm\u00e9tiquement ferm\u00e9s \u00e0 temp\u00e9rature ambiante. Conserver dans un lieu frais et sec, \u00e0 l\u2019abri du gel et du soleil. Prot\u00e9ger des sources de chaleur et des rayons de soleil.<span class=\"Apple-converted-space\">\u00a0<\/span><\/p>\n<p><b>Precautions<span class=\"Apple-converted-space\">\u00a0<\/span><\/b><\/p>\n<p>Irritant pour la peau. Risque de l\u00e9sions oculaires graves. \u00c9viter le contact avec la peau et les yeux. Utiliser les protections ad\u00e9quates, des lunettes protectrices et gants imperm\u00e9ables pour l\u2019application. En cas de contact avec les yeux, laver imm\u00e9diatement et abondamment avec de l\u2019eau et consulter un sp\u00e9cialiste. En cas d\u2019ingestion, consulter imm\u00e9diatement un m\u00e9decin et lui montrer l\u2019emballage ou l\u2019\u00e9tiquette. Bien prot\u00e9ger les surfaces en verre, c\u00e9ramique, m\u00e9tal ou pierre ainsi que les ch\u00e2ssis qui ne doivent pas \u00eatre peints. Nettoyer imm\u00e9diatement les \u00e9claboussures. Garder hors de port\u00e9e des enfants. Ne pas verser les restes du produit dans les \u00e9gouts ou dans les eaux superficielles.<span class=\"Apple-converted-space\">\u00a0<\/span><\/p>\n<p><a href=\"https:\/\/arteconstructo.com\/wp-content\/uploads\/2016\/03\/Fiche-tech-FONDOSILK.pdf\">T\u00e9l\u00e9chargez la version PDF<\/a><\/p>\n","protected":false},"excerpt":{"rendered":"<p>FONDOSILK\u00a0 Description Fondosilk est une formulation de fluosilicate stabilisant modifi\u00e9e, conforme \u00e0 la norme DIN 18363.\u00a0 Ce fixatif r\u00e9gule l\u2019absorption, stabilise le support, garantie une bonne accroche de la couche finale, et ne r\u00e9duit pas la perm\u00e9abilit\u00e9 \u00e0 la vapeur. Gr\u00e2ce aux propri\u00e9t\u00e9s min\u00e9rales on obtiendra une bonne accroche pour le futur rev\u00eatement aux silicates.&hellip;<\/p>\n","protected":false},"author":8,"featured_media":0,"parent":0,"menu_order":0,"comment_status":"closed","ping_status":"closed","template":"","meta":{"footnotes":""},"class_list":["post-16836","page","type-page","status-publish","hentry","description-off"],"_links":{"self":[{"href":"https:\/\/arteconstructo.com\/fr\/wp-json\/wp\/v2\/pages\/16836","targetHints":{"allow":["GET"]}}],"collection":[{"href":"https:\/\/arteconstructo.com\/fr\/wp-json\/wp\/v2\/pages"}],"about":[{"href":"https:\/\/arteconstructo.com\/fr\/wp-json\/wp\/v2\/types\/page"}],"author":[{"embeddable":true,"href":"https:\/\/arteconstructo.com\/fr\/wp-json\/wp\/v2\/users\/8"}],"replies":[{"embeddable":true,"href":"https:\/\/arteconstructo.com\/fr\/wp-json\/wp\/v2\/comments?post=16836"}],"version-history":[{"count":0,"href":"https:\/\/arteconstructo.com\/fr\/wp-json\/wp\/v2\/pages\/16836\/revisions"}],"wp:attachment":[{"href":"https:\/\/arteconstructo.com\/fr\/wp-json\/wp\/v2\/media?parent=16836"}],"curies":[{"name":"wp","href":"https:\/\/api.w.org\/{rel}","templated":true}]}}