{"id":16835,"date":"2018-07-20T10:39:55","date_gmt":"2018-07-20T09:39:55","guid":{"rendered":"https:\/\/arteconstructo.com\/fiches-techiques\/coridecor\/corisilk\/"},"modified":"2018-07-20T13:00:06","modified_gmt":"2018-07-20T12:00:06","slug":"corisilk","status":"publish","type":"page","link":"https:\/\/arteconstructo.com\/fr\/corisilk\/","title":{"rendered":"CORISILK"},"content":{"rendered":"<p><b>CORISILK<\/b><span class=\"Apple-converted-space\">\u00a0<\/span><\/p>\n<p><b>PEINTURE AU SILICATE<\/b><\/p>\n<p><b>Description<\/b><\/p>\n<p>Corisilk est une peinture aux silicates, min\u00e9ral et inorganique, pour l\u2019int\u00e9rieur et l\u2019ext\u00e9rieur, ayant un aspect mat traditionnel.<span class=\"Apple-converted-space\">\u00a0 <\/span>C\u2019est une peinture aux silicates pr\u00eate \u00e0 l\u2019emploi, compos\u00e9e uniquement de produits naturels, purs et de haute qualit\u00e9.<\/p>\n<p><b>Pr\u00e9paration du support<\/b><\/p>\n<p>Les supports stables et propres, tels que les enduits \u00e0 la chaux, les peintures \u00e0 la chaux et les ma\u00e7onneries traditionnelles en brique ou pierre naturelle ma\u00e7onn\u00e9s au mortier de chaux, ne n\u00e9cessitent aucun traitement pr\u00e9alable.<span class=\"Apple-converted-space\">\u00a0 <\/span>Les supports poudreux doivent \u00eatre d\u00e9poussi\u00e9r\u00e9s et nettoy\u00e9s.<span class=\"Apple-converted-space\">\u00a0 <\/span>Les r\u00e9parations des pierres, le rejointoyage, les r\u00e9parations d\u2019une ma\u00e7onnerie d\u00e9grad\u00e9e et\/ou d\u2019enduits friables sont r\u00e9alis\u00e9es de pr\u00e9f\u00e9rence avec des mortiers \u00e0 la chaux hydraulique naturelle.<span class=\"Apple-converted-space\">\u00a0 <\/span>Effectuer les r\u00e9parations et le lissage des supports int\u00e9rieurs, \u00e0 l\u2019aide d\u2019enduit Coridecor Start ou Rasadecor et\/ou de chaux grasse Rasocal.<span class=\"Apple-converted-space\">\u00a0 <\/span>\u00c0 l\u2019ext\u00e9rieur, au contraire, on utilisera pour ce faire un mortier de chaux hydraulique naturelle.<\/p>\n<p>\u00c9liminez, de pr\u00e9f\u00e9rence, totalement au pr\u00e9alable les supports synth\u00e9tiques, indispensable en cas d\u2019application \u00e0 l\u2019ext\u00e9rieur, ainsi que les restes de colle d\u2019anciens papiers peints, par exemple.<span class=\"Apple-converted-space\">\u00a0 <\/span>S\u2019ils ne sont pas \u00e9limin\u00e9s, poncez soigneusement le support, jusqu\u2019\u00e0 obtenir un aspect mat, et nettoyez-le ensuite avec une solution aqueuse d\u2019environ 3% d\u2019ammoniaque, puis appliquer une couche d\u2019accrochage Corifondo.<span class=\"Apple-converted-space\">\u00a0 <\/span>Ne jamais appliquer de couche de fond Corifondo \u00e0 l\u2019ext\u00e9rieur, sur des murs monolithiques.<\/p>\n<p><b>Application<\/b><\/p>\n<p>Pour l\u2019application de la premi\u00e8re couche de Corisilk, le Corisilk est m\u00e9lang\u00e9 tout d\u2019abord \u00e0 20% de Fondosilk.<span class=\"Apple-converted-space\">\u00a0 <\/span>Ce m\u00e9lange est ensuite dilu\u00e9 avec 20 \u00e0 30% d\u2019eau, ceci d\u00e9pendant de l\u2019absorption du support et des conditions atmosph\u00e9riques, et appliqu\u00e9 \u00e0 la brosse, au rouleau, ou \u00e0 l\u2019aide d\u2019un syst\u00e8me airless (dilution avec 30 \u00e0 40 % d\u2019eau \/ nozzle 0,79 mm).<\/p>\n<p>La seconde couche de Corisilk est ensuite dilu\u00e9e uniquement avec 25 \u00e0 30% d\u2019eau propre selon les conditions de la surface \u00e0 traiter et de l\u2019environnement.<\/p>\n<p>Ne pas appliquer par gros vent et par exposition au soleil, ni en cas de brouillard dense ou de temp\u00e9ratures inf\u00e9rieures \u00e0 +5\u00b0C ou sup\u00e9rieures \u00e0 +35\u00b0C.<span class=\"Apple-converted-space\">\u00a0 <\/span>Nettoyez les outils \u00e0 l\u2019eau et au savon directement apr\u00e8s application.<\/p>\n<p><b>Consommation<\/b><\/p>\n<p>Consommation indicative: 0,190 l\/m\u00b2 pour deux couches.<\/p>\n<p>Le rendement moyen par litre est de 6 \u00e0 8 m\u00b2 pour deux couches.<\/p>\n<p><b>Emballage et conservation<\/b><\/p>\n<p>Seaux en plastique de 1 litre, 5 litres et 15 litres.<\/p>\n<p>Le produit reste stable au moins pendant 6 mois lorsqu\u2019il est conserv\u00e9 dans des r\u00e9cipients herm\u00e9tiquement ferm\u00e9s \u00e0 temp\u00e9rature ambiante.<span class=\"Apple-converted-space\">\u00a0 <\/span>Conserver dans un lieu frais et sec, \u00e0 l\u2019abri du gel et du soleil.<span class=\"Apple-converted-space\">\u00a0 <\/span>Prot\u00e9ger des sources de chaleur et des rayons solaires.<\/p>\n<p><a href=\"https:\/\/arteconstructo.com\/wp-content\/uploads\/2016\/03\/Fiche-tech-CORISILK.pdf\">T\u00e9l\u00e9chargez la version PDF<\/a><\/p>\n","protected":false},"excerpt":{"rendered":"<p>CORISILK\u00a0 PEINTURE AU SILICATE Description Corisilk est une peinture aux silicates, min\u00e9ral et inorganique, pour l\u2019int\u00e9rieur et l\u2019ext\u00e9rieur, ayant un aspect mat traditionnel.\u00a0 C\u2019est une peinture aux silicates pr\u00eate \u00e0 l\u2019emploi, compos\u00e9e uniquement de produits naturels, purs et de haute qualit\u00e9. Pr\u00e9paration du support Les supports stables et propres, tels que les enduits \u00e0 la&hellip;<\/p>\n","protected":false},"author":8,"featured_media":0,"parent":0,"menu_order":0,"comment_status":"closed","ping_status":"closed","template":"","meta":{"footnotes":""},"class_list":["post-16835","page","type-page","status-publish","hentry","description-off"],"_links":{"self":[{"href":"https:\/\/arteconstructo.com\/fr\/wp-json\/wp\/v2\/pages\/16835","targetHints":{"allow":["GET"]}}],"collection":[{"href":"https:\/\/arteconstructo.com\/fr\/wp-json\/wp\/v2\/pages"}],"about":[{"href":"https:\/\/arteconstructo.com\/fr\/wp-json\/wp\/v2\/types\/page"}],"author":[{"embeddable":true,"href":"https:\/\/arteconstructo.com\/fr\/wp-json\/wp\/v2\/users\/8"}],"replies":[{"embeddable":true,"href":"https:\/\/arteconstructo.com\/fr\/wp-json\/wp\/v2\/comments?post=16835"}],"version-history":[{"count":0,"href":"https:\/\/arteconstructo.com\/fr\/wp-json\/wp\/v2\/pages\/16835\/revisions"}],"wp:attachment":[{"href":"https:\/\/arteconstructo.com\/fr\/wp-json\/wp\/v2\/media?parent=16835"}],"curies":[{"name":"wp","href":"https:\/\/api.w.org\/{rel}","templated":true}]}}