{"id":16834,"date":"2018-07-20T10:39:05","date_gmt":"2018-07-20T09:39:05","guid":{"rendered":"https:\/\/arteconstructo.com\/fiches-techiques\/coridecor\/corifondo-fondodecor\/"},"modified":"2018-07-20T13:00:05","modified_gmt":"2018-07-20T12:00:05","slug":"corifondo-fondodecor","status":"publish","type":"page","link":"https:\/\/arteconstructo.com\/fr\/corifondo-fondodecor\/","title":{"rendered":"CORIFONDO (FONDODECOR)"},"content":{"rendered":"<p><b>CORIFONDO (FONDODECOR)<\/b><\/p>\n<p><b>Description<\/b><\/p>\n<p>Corifondo est une couche d&#8217;accrochage perm\u00e9able \u00e0 la vapeur d&#8217;eau pour supports instables et synth\u00e9tiques. Le produit permettra \u00e9galement de consolider des supports poussi\u00e9reux et r\u00e9sultera \u00e0 un effet plus uniforme des couches de peinture ou de finition, ceci gr\u00e2ce \u00e0 une absorption d&#8217;eau plus r\u00e9guli\u00e8re.<\/p>\n<p>Les nuances de couleur et l&#8217;effet de moirage pour tout syst\u00e8me de finition Coridecor seront att\u00e9nu\u00e9s.<\/p>\n<p><b>Caract\u00e9ristiques techniques<\/b><\/p>\n<p>Emballage 5 ou 25 kg<\/p>\n<p>Consommation 100 \u00e0 150 gr\/m2<\/p>\n<p>Dilution 20 \u00e0 50 % d&#8217;eau<\/p>\n<p>Application \u00e0 la brosse<\/p>\n<p>Poids sp\u00e9cifique 1 kg\/<\/p>\n<p><b>Application<\/b><\/p>\n<p>Corifondo se dilue avec 20 a 50% d&#8217;eau, dependant de l&#8217;absorption du support. Le produit doit etre bien melange avant usage. Corifondo s&#8217;applique a la brosse en une couche.<\/p>\n<p><a href=\"https:\/\/arteconstructo.com\/wp-content\/uploads\/2016\/03\/Fiche-tech-CORIFONDO.pdf\">T\u00e9l\u00e9chargez la version PDF<\/a><\/p>\n","protected":false},"excerpt":{"rendered":"<p>CORIFONDO (FONDODECOR) Description Corifondo est une couche d&#8217;accrochage perm\u00e9able \u00e0 la vapeur d&#8217;eau pour supports instables et synth\u00e9tiques. Le produit permettra \u00e9galement de consolider des supports poussi\u00e9reux et r\u00e9sultera \u00e0 un effet plus uniforme des couches de peinture ou de finition, ceci gr\u00e2ce \u00e0 une absorption d&#8217;eau plus r\u00e9guli\u00e8re. Les nuances de couleur et l&#8217;effet&hellip;<\/p>\n","protected":false},"author":8,"featured_media":0,"parent":0,"menu_order":0,"comment_status":"closed","ping_status":"closed","template":"","meta":{"footnotes":""},"class_list":["post-16834","page","type-page","status-publish","hentry","description-off"],"_links":{"self":[{"href":"https:\/\/arteconstructo.com\/fr\/wp-json\/wp\/v2\/pages\/16834","targetHints":{"allow":["GET"]}}],"collection":[{"href":"https:\/\/arteconstructo.com\/fr\/wp-json\/wp\/v2\/pages"}],"about":[{"href":"https:\/\/arteconstructo.com\/fr\/wp-json\/wp\/v2\/types\/page"}],"author":[{"embeddable":true,"href":"https:\/\/arteconstructo.com\/fr\/wp-json\/wp\/v2\/users\/8"}],"replies":[{"embeddable":true,"href":"https:\/\/arteconstructo.com\/fr\/wp-json\/wp\/v2\/comments?post=16834"}],"version-history":[{"count":0,"href":"https:\/\/arteconstructo.com\/fr\/wp-json\/wp\/v2\/pages\/16834\/revisions"}],"wp:attachment":[{"href":"https:\/\/arteconstructo.com\/fr\/wp-json\/wp\/v2\/media?parent=16834"}],"curies":[{"name":"wp","href":"https:\/\/api.w.org\/{rel}","templated":true}]}}