{"id":16833,"date":"2018-07-20T10:38:20","date_gmt":"2018-07-20T09:38:20","guid":{"rendered":"https:\/\/arteconstructo.com\/fiches-techiques\/coridecor\/corical\/"},"modified":"2018-07-20T13:00:03","modified_gmt":"2018-07-20T12:00:03","slug":"corical","status":"publish","type":"page","link":"https:\/\/arteconstructo.com\/fr\/corical\/","title":{"rendered":"CORICAL"},"content":{"rendered":"<p><b>CORICAL<\/b><\/p>\n<p><b>BADIGEON A LA CHAUX<\/b><\/p>\n<p><b>Description<\/b><\/p>\n<p>Corical est un badigeon \u00e0 la chaux, ayant un aspect mat traditionnel.<span class=\"Apple-converted-space\">\u00a0 <\/span>Ce badigeon est pr\u00eat \u00e0 l\u2019emploi et se compose uniquement de produits naturels et purs. <span class=\"Apple-converted-space\">\u00a0<\/span><\/p>\n<p><b>Pr\u00e9paration du support<\/b><\/p>\n<p>Les supports stables et propres, tels que les enduits \u00e0 la chaux, les peintures \u00e0 la chaux et les ma\u00e7onneries traditionnelles en brique ou en pierre naturelle ma\u00e7onn\u00e9s au mortier \u00e0 la chaux, ne n\u00e9cessitent aucun traitement pr\u00e9alable.<span class=\"Apple-converted-space\">\u00a0 <\/span>Les supports poudreux doivent \u00eatre d\u00e9poussi\u00e9r\u00e9s et nettoy\u00e9s. <span class=\"Apple-converted-space\">\u00a0<\/span><\/p>\n<p>Effectuez les r\u00e9parations et le lissage des supports int\u00e9rieurs \u00e0 l\u2019aide des enduits CORIDECOR START, RASADECOR et\/ou \u00e0 la chaux grasse RASOCAL.<span class=\"Apple-converted-space\">\u00a0 <\/span>A l&#8217;ext\u00e9rieur, les r\u00e9parations seront faites de pr\u00e9f\u00e9rence \u00e0 l&#8217;aide d&#8217;un enduit \u00e0 la chaux hydraulique naturelle.<\/p>\n<p>Il est pr\u00e9f\u00e9rable d&#8217;\u00e9liminer tous les supports synth\u00e9tiques, surtout en cas d\u2019application \u00e0 l\u2019ext\u00e9rieur, ainsi que les restes des colles d\u2019anciens papiers peints.<span class=\"Apple-converted-space\">\u00a0 <\/span>Si ceci s\u2019av\u00e8re impossible, il est conseill\u00e9 de poncer soigneusement le support, jusqu\u2019\u00e0 obtention d\u2019un aspect mat, et de le nettoyer ensuite avec une solution aqueuse d\u2019environ 3% d\u2019ammoniaque.<span class=\"Apple-converted-space\">\u00a0 <\/span>Ensuite une couche d\u2019accrochage CORIFONDO pourra \u00eatre appliqu\u00e9e. <span class=\"Apple-converted-space\">\u00a0 \u00a0 \u00a0<\/span><\/p>\n<p>Ne jamais appliquer de couche de fond CORIFONDO \u00e0 l\u2019ext\u00e9rieur sur des murs monolithiques.<\/p>\n<p>Lorsque le support est sec, et uniquement en cas de temp\u00e9rature \u00e9lev\u00e9e, il est recommand\u00e9 d\u2019humidifier au pr\u00e9alable le support, avant d\u2019appliquer la premi\u00e8re couche de peinture \u00e0 la chaux.<\/p>\n<p><b>Application<\/b><\/p>\n<p>M\u00e9langez bien la peinture \u00e0 la chaux avant son utilisation.<span class=\"Apple-converted-space\">\u00a0 <\/span>Il est possible d\u2019appliquer la peinture \u00e0 l\u2019\u2018airless\u2019 (dilution avec 30 \u00e0 40 % d\u2019eau \/ nozzle 0,79 mm), \u00e0 l\u2019aide d\u2019une brosse rectangulaire ou au rouleau \u00e0 poils ras, selon l\u2019aspect d\u00e9sir\u00e9.<span class=\"Apple-converted-space\">\u00a0 <\/span>L\u2019application \u00e0 la brosse rectangulaire renforce les nuances naturelles de la peinture \u00e0 la chaux et les motifs de peinture.<span class=\"Apple-converted-space\">\u00a0 <\/span>Il est possible de travailler par bandes d\u2019une largeur de 80 \u00e0 100\u00a0cm, ou encore par mouvements en tous sens, appliqu\u00e9s sur le mur de mani\u00e8re irr\u00e9guli\u00e8re, afin d\u2019obtenir un effet moir\u00e9.<\/p>\n<p>Sur les supports secs, appliquez deux couches successives.<span class=\"Apple-converted-space\">\u00a0 <\/span>Diluez la premi\u00e8re couche avec 20 \u00e0 50% d\u2019eau, la deuxi\u00e8me avec 5 \u00e0 10% d\u2019eau.<span class=\"Apple-converted-space\">\u00a0 <\/span>Pour les fresques, en cas d\u2019enduit \u00e0 la chaux encore relativement humide, appliquer trois couches.<span class=\"Apple-converted-space\">\u00a0 <\/span>Allongez la premi\u00e8re couche avec 80% d\u2019eau, la deuxi\u00e8me avec 50% et la troisi\u00e8me avec 30%.<span class=\"Apple-converted-space\">\u00a0 <\/span>Le temps de s\u00e9chage entre couches est 12 heures.<\/p>\n<p>Ne pas appliquer par gros vent et par exposition au soleil, ni en cas de brouillard dense ou de temp\u00e9ratures inf\u00e9rieures \u00e0 +5\u00b0C ou sup\u00e9rieures \u00e0 +30\u00b0C.<span class=\"Apple-converted-space\">\u00a0 <\/span>Nettoyez les outils \u00e0 l\u2019eau directement apr\u00e8s application.<\/p>\n<p><b>Consommation<\/b><\/p>\n<p>Consommation indicative: 0,270 l\/m\u00b2 pour deux couches.<\/p>\n<p>Le rendement moyen par litre est de 4 \u00e0 6 m\u00b2 pour deux couches.<\/p>\n<p><b>Emballage et conservation<\/b><\/p>\n<p>Seaux en plastique de 1 litre, 5 litres et 15 litres.<\/p>\n<p>Le produit reste stable au moins pendant 24 mois lorsqu\u2019il est conserv\u00e9 dans des r\u00e9cipients herm\u00e9tiquement ferm\u00e9s \u00e0 temp\u00e9rature ambiante.<span class=\"Apple-converted-space\">\u00a0 <\/span>Conserver dans un lieu frais et sec, \u00e0 l\u2019abri du gel et du soleil.<span class=\"Apple-converted-space\">\u00a0 <\/span>Prot\u00e9ger des sources de chaleur et des rayons de soleil.<\/p>\n<p><a href=\"https:\/\/arteconstructo.com\/wp-content\/uploads\/2016\/03\/Fiche-tech-CORICAL.pdf\">T\u00e9l\u00e9chargez la version PDF<\/a><\/p>\n","protected":false},"excerpt":{"rendered":"<p>CORICAL BADIGEON A LA CHAUX Description Corical est un badigeon \u00e0 la chaux, ayant un aspect mat traditionnel.\u00a0 Ce badigeon est pr\u00eat \u00e0 l\u2019emploi et se compose uniquement de produits naturels et purs. \u00a0 Pr\u00e9paration du support Les supports stables et propres, tels que les enduits \u00e0 la chaux, les peintures \u00e0 la chaux et&hellip;<\/p>\n","protected":false},"author":8,"featured_media":0,"parent":0,"menu_order":0,"comment_status":"closed","ping_status":"closed","template":"","meta":{"footnotes":""},"class_list":["post-16833","page","type-page","status-publish","hentry","description-off"],"_links":{"self":[{"href":"https:\/\/arteconstructo.com\/fr\/wp-json\/wp\/v2\/pages\/16833","targetHints":{"allow":["GET"]}}],"collection":[{"href":"https:\/\/arteconstructo.com\/fr\/wp-json\/wp\/v2\/pages"}],"about":[{"href":"https:\/\/arteconstructo.com\/fr\/wp-json\/wp\/v2\/types\/page"}],"author":[{"embeddable":true,"href":"https:\/\/arteconstructo.com\/fr\/wp-json\/wp\/v2\/users\/8"}],"replies":[{"embeddable":true,"href":"https:\/\/arteconstructo.com\/fr\/wp-json\/wp\/v2\/comments?post=16833"}],"version-history":[{"count":0,"href":"https:\/\/arteconstructo.com\/fr\/wp-json\/wp\/v2\/pages\/16833\/revisions"}],"wp:attachment":[{"href":"https:\/\/arteconstructo.com\/fr\/wp-json\/wp\/v2\/media?parent=16833"}],"curies":[{"name":"wp","href":"https:\/\/api.w.org\/{rel}","templated":true}]}}