{"id":16832,"date":"2018-07-20T10:36:59","date_gmt":"2018-07-20T09:36:59","guid":{"rendered":"https:\/\/arteconstructo.com\/fiches-techiques\/keim\/keim-contact-plus\/"},"modified":"2018-07-20T12:59:00","modified_gmt":"2018-07-20T11:59:00","slug":"keim-contact-plus","status":"publish","type":"page","link":"https:\/\/arteconstructo.com\/fr\/keim-contact-plus\/","title":{"rendered":"KEIM CONTACT-PLUS"},"content":{"rendered":"<p><b>KEIM CONTACT-PLUS<\/b><\/p>\n<p><b>Description<\/b><\/p>\n<p>Couche de fond min\u00e9rale blanche au silicate de potassium, pr\u00eate \u00e0 l\u2019emploi, conforme \u00e0 la norme DIN 18363 Sec. 2.4.1. (parts organiques &lt;5%).<\/p>\n<p>Compos\u00e9 de charges min\u00e9rales de forte granulom\u00e9trie et de fibres, le Keim Contact-plus est utilis\u00e9 en couche d\u2019adh\u00e9rence sur anciens fonds peints bien adh\u00e9rents, organiques ou min\u00e9raux.<\/p>\n<p>Le Keim Contact-plus permet en outre de masquer la microfissuration (jusqu\u2019\u00e0 0,5 mm) et d\u2019\u00e9galiser les diff\u00e9rences de structures des supports.<\/p>\n<p>Doit \u00eatre imp\u00e9rativement recouvert par une ou deux couches de finition selon la teinte choisie.<\/p>\n<p><b>Application du Produit<\/b><\/p>\n<p>Pr\u00e9paration des fonds :<\/p>\n<p>Les supports seront conformes aux prescriptions du DTU 59.1. Ils doivent \u00eatre propres, sains, secs, et absorbants.<\/p>\n<p>Eliminer les particules non adh\u00e9rentes, poussi\u00e8res, efflorescences, graisses, algues et mousses par grattage, brossage ou lavage haute pression ou par tout traitement adapt\u00e9.<\/p>\n<p>Sur les supports tr\u00e8s absorbants, appliquer une couche d\u2019impression r\u00e9gulatrice d\u2019absorption avec le Fixatief Special ou le Soldalan Dilution.<\/p>\n<p>R\u00e9parer les imperfections du support avec l\u2019Enduit Mineral Spachtel. Les anciennes peintures doivent \u00eatre imp\u00e9rativement \u00e9limin\u00e9es avant application de l\u2019enduit.<\/p>\n<p>Il est recommand\u00e9 de d\u00e9caper les anciennes peintures tr\u00e8s filmog\u00e8nes peu perm\u00e9ables aux \u00e9changes de vapeur d\u2019eau avant d\u2019appliquer le Keim Contact-plus.<\/p>\n<p>Ne pas appliquer sur anciennes peintures \u00e9lastiques (rev\u00eatements d\u2019imperm\u00e9abilit\u00e9 par exemple), rev\u00eatements non adh\u00e9rents (badigeons de chaux), peintures d\u2019aspect brillant ou satin\u00e9 (laques), peintures \u00e0 l\u2019huile de lin, rev\u00eatements bitumineux. Ne pas appliquer sur bois, plastiques et m\u00e9taux.<\/p>\n<p>Mise en \u0153uvre :<\/p>\n<p>La sous-couche Keim Contact-plus s\u2019applique en une couche \u00e0 la brosse. Appliquer en mouvements larges par papillonnage. Ne pas lisser dans une seule direction. Recouvrir par une ou deux couches de finition. Pour les teintes claires, une couche de finition est g\u00e9n\u00e9ralement suffisante.<\/p>\n<p>Pour les teintes fonc\u00e9es ou pour les surfaces expos\u00e9es aux intemp\u00e9ries, appliquer une couche interm\u00e9diaire de finition dilu\u00e9e \u00e0 maximum 10 % et une couche de finition non dilu\u00e9e.<\/p>\n<p>Dilution :<\/p>\n<p>Sur support non absorbant, appliquer le Keim Contact-plus non dilu\u00e9.<\/p>\n<p>Sur support absorbant, diluer au maximum avec 10 % de Fixatief Special, de Soldalan Dilution ou de Concreton Fixatief.<span class=\"Apple-converted-space\">\u00a0 <\/span>Ne jamais diluer \u00e0 l\u2019eau.<\/p>\n<p><b>Conditions climatiques<span class=\"Apple-converted-space\">\u00a0<\/span><\/b><\/p>\n<p>Temp\u00e9rature ambiante et du subjectile sup\u00e9rieure \u00e0 5\u00b0C. Hygrom\u00e9trie max. 80%.<span class=\"Apple-converted-space\">\u00a0<\/span><\/p>\n<p>Ne pas appliquer en plein soleil, sur support surchauff\u00e9 et par vent fort. Prot\u00e9ger la fa\u00e7ade de la pluie.<span class=\"Apple-converted-space\">\u00a0<\/span><\/p>\n<p><b>Conditionnement<span class=\"Apple-converted-space\">\u00a0 <\/span><\/b><\/p>\n<p>seau plastique 5 et 25 kg<\/p>\n<p><b>Consommation :<span class=\"Apple-converted-space\">\u00a0<\/span><\/b><\/p>\n<p>Env. 350-400 g\/m2 (hors dilution) pour 1 couche.<span class=\"Apple-converted-space\">\u00a0<\/span><\/p>\n<p><b>Nettoyage du mat\u00e9riel :<span class=\"Apple-converted-space\">\u00a0<\/span><\/b><\/p>\n<p>Nettoyer les outils \u00e0 l\u2019eau aussit\u00f4t apr\u00e8s usage.<\/p>\n<p><a href=\"https:\/\/arteconstructo.com\/wp-content\/uploads\/2016\/03\/KEIM-CONTACT-Plus-fiche-technique-FR.pdf\">T\u00e9l\u00e9chargez la version PDF<\/a><\/p>\n","protected":false},"excerpt":{"rendered":"<p>KEIM CONTACT-PLUS Description Couche de fond min\u00e9rale blanche au silicate de potassium, pr\u00eate \u00e0 l\u2019emploi, conforme \u00e0 la norme DIN 18363 Sec. 2.4.1. (parts organiques &lt;5%). Compos\u00e9 de charges min\u00e9rales de forte granulom\u00e9trie et de fibres, le Keim Contact-plus est utilis\u00e9 en couche d\u2019adh\u00e9rence sur anciens fonds peints bien adh\u00e9rents, organiques ou min\u00e9raux. Le Keim&hellip;<\/p>\n","protected":false},"author":8,"featured_media":0,"parent":0,"menu_order":0,"comment_status":"closed","ping_status":"closed","template":"","meta":{"footnotes":""},"class_list":["post-16832","page","type-page","status-publish","hentry","description-off"],"_links":{"self":[{"href":"https:\/\/arteconstructo.com\/fr\/wp-json\/wp\/v2\/pages\/16832","targetHints":{"allow":["GET"]}}],"collection":[{"href":"https:\/\/arteconstructo.com\/fr\/wp-json\/wp\/v2\/pages"}],"about":[{"href":"https:\/\/arteconstructo.com\/fr\/wp-json\/wp\/v2\/types\/page"}],"author":[{"embeddable":true,"href":"https:\/\/arteconstructo.com\/fr\/wp-json\/wp\/v2\/users\/8"}],"replies":[{"embeddable":true,"href":"https:\/\/arteconstructo.com\/fr\/wp-json\/wp\/v2\/comments?post=16832"}],"version-history":[{"count":0,"href":"https:\/\/arteconstructo.com\/fr\/wp-json\/wp\/v2\/pages\/16832\/revisions"}],"wp:attachment":[{"href":"https:\/\/arteconstructo.com\/fr\/wp-json\/wp\/v2\/media?parent=16832"}],"curies":[{"name":"wp","href":"https:\/\/api.w.org\/{rel}","templated":true}]}}