{"id":16831,"date":"2018-07-20T10:36:01","date_gmt":"2018-07-20T09:36:01","guid":{"rendered":"https:\/\/arteconstructo.com\/fiches-techiques\/keim\/keim-soldalan-me\/"},"modified":"2018-07-20T12:59:02","modified_gmt":"2018-07-20T11:59:02","slug":"keim-soldalan-me","status":"publish","type":"page","link":"https:\/\/arteconstructo.com\/fr\/keim-soldalan-me\/","title":{"rendered":"KEIM SOLDALAN ME"},"content":{"rendered":"<p><b>KEIM SOLDALAN ME<\/b><\/p>\n<p><b>Description<\/b><\/p>\n<p>Nouvelle g\u00e9n\u00e9ration de peinture min\u00e9rale \u00e9labor\u00e9e \u00e0 base d\u2019un double liant Silicate de potassium \/ Sol de silice.<\/p>\n<p>Pr\u00eate \u00e0 l\u2019emploi, Keim Soldalan ME peut \u00eatre appliqu\u00e9e directement sur des supports organiques ainsi que sur tous fonds min\u00e9raux. Elle remplit les conditions de la norme AFNOR 30808 Famille 1 &#8211; Classe 1b1 (parts organiques &lt;5%). Destin\u00e9e aux travaux neufs et \u00e0 la r\u00e9novation d\u2019enduits et des peintures organiques bien adh\u00e9rents. Peut \u00eatre \u00e9galement appliqu\u00e9e sur tous supports min\u00e9raux. Ne pas appliquer sur le bois, sur les rev\u00eatements souples ou saponifiables (peintures \u00e0 l\u2019huile) ainsi que les supports non absorbants (laques), les syst\u00e8mes d\u2019isolation thermique et le b\u00e9ton cellulaire.<\/p>\n<p>Keim Soldalan ME s\u2019applique en finition sur elle-m\u00eame ou sur une couche de fond KEIM SOLDALAN GROB ou KEIM CONTACT PLUS.<\/p>\n<p><b>Pr\u00e9paration du support<\/b><\/p>\n<p>Les supports seront conformes aux prescriptions du DTU 59.1. Ils doivent \u00eatre bien adh\u00e9rents, propres, secs, et non farinant.<span class=\"Apple-converted-space\">\u00a0 <\/span>Eliminer les particules non adh\u00e9rentes, poussi\u00e8res, efflorescences, graisses, algues et mousses par grattage, brossage ou lavage haute pression ou par tout traitement adapt\u00e9.<span class=\"Apple-converted-space\">\u00a0 <\/span>Effectuer les r\u00e9parations avec le m\u00eame mat\u00e9riau que le support et restructurer \u00e0 l\u2019identique.<\/p>\n<p>Sur les supports tr\u00e8s absorbants, appliquer une couche d\u2019impression r\u00e9gulatrice d\u2019absorption avec le FIXATIF SOLDALAN.<span class=\"Apple-converted-space\">\u00a0 <\/span>Sur les supports ayant subi des r\u00e9parations, ou qui pr\u00e9sentent des diff\u00e9rences de structure ou du fa\u00efen\u00e7age, appliquer une couche de fond SOLDALAN GROB et une finition Keim Soldalan ME.<span class=\"Apple-converted-space\">\u00a0 <\/span>En cas de microfissures ou de diff\u00e9rences de structures plus importantes, appliquer une couche de fond KEIM CONTACT PLUS et une finition Keim Soldalan ME.<\/p>\n<p><b>Application<\/b><\/p>\n<p>La peinture Keim Soldalan ME s\u2019applique en 2 couches \u00e0 la brosse carr\u00e9e, au rouleau de fa\u00e7ade ou par projection Airless (buse 0,79 mm). La couche de fond sera appliqu\u00e9e de pr\u00e9f\u00e9rence \u00e0 la brosse ou au rouleau.<span class=\"Apple-converted-space\">\u00a0 <\/span>La peinture Keim Soldalan ME s\u2019applique en 2 couches \u00e0 la brosse carr\u00e9e, au rouleau de fa\u00e7ade ou par projection Airless (buse 0,79 mm). La couche de fond sera appliqu\u00e9e de pr\u00e9f\u00e9rence \u00e0 la brosse ou au rouleau.<\/p>\n<p><b>Dilution<\/b><\/p>\n<p>Appliquer la peinture Keim Soldalan ME non dilu\u00e9e.<span class=\"Apple-converted-space\">\u00a0 <\/span>En cas d\u2019absorption importante du support, la 1\u00e8re couche peut \u00eatre dilu\u00e9e avec 10 % maximum de FIXATIF SOLDALAN.<span class=\"Apple-converted-space\">\u00a0 <\/span>Ne jamais diluer \u00e0 l\u2019eau.<\/p>\n<p><b>Conditions climatiques<\/b><\/p>\n<p>Temp\u00e9rature ambiante et du subjectile sup\u00e9rieure \u00e0 5\u00b0C. Hygrom\u00e9trie max. 60%.<\/p>\n<p>Ne pas appliquer en plein soleil, sur support surchauff\u00e9 et par vent fort. Prot\u00e9ger la fa\u00e7ade de la pluie.<\/p>\n<p><b>Conditionnement<\/b><\/p>\n<p>Seau plastique 5 et 25 kg<\/p>\n<p><b>Nettoyage du mat\u00e9riel :<\/b><\/p>\n<p>Nettoyer les outils \u00e0 l\u2019eau aussit\u00f4t apr\u00e8s usage.<\/p>\n<p><b>Consommation<\/b><\/p>\n<p>Env. 0,45 kg\/m2 de Keim Soldalan ME<\/p>\n<p>Env. 0,01 ltr de FIXATIF SOLDALAN<\/p>\n<p><a href=\"https:\/\/arteconstructo.com\/wp-content\/uploads\/2016\/03\/KEIM-SOLDALAN-ME-fiche-technique-FR.pdf\">T\u00e9l\u00e9chargez la version PDF<\/a><\/p>\n","protected":false},"excerpt":{"rendered":"<p>KEIM SOLDALAN ME Description Nouvelle g\u00e9n\u00e9ration de peinture min\u00e9rale \u00e9labor\u00e9e \u00e0 base d\u2019un double liant Silicate de potassium \/ Sol de silice. Pr\u00eate \u00e0 l\u2019emploi, Keim Soldalan ME peut \u00eatre appliqu\u00e9e directement sur des supports organiques ainsi que sur tous fonds min\u00e9raux. Elle remplit les conditions de la norme AFNOR 30808 Famille 1 &#8211; Classe&hellip;<\/p>\n","protected":false},"author":8,"featured_media":0,"parent":0,"menu_order":0,"comment_status":"closed","ping_status":"closed","template":"","meta":{"footnotes":""},"class_list":["post-16831","page","type-page","status-publish","hentry","description-off"],"_links":{"self":[{"href":"https:\/\/arteconstructo.com\/fr\/wp-json\/wp\/v2\/pages\/16831","targetHints":{"allow":["GET"]}}],"collection":[{"href":"https:\/\/arteconstructo.com\/fr\/wp-json\/wp\/v2\/pages"}],"about":[{"href":"https:\/\/arteconstructo.com\/fr\/wp-json\/wp\/v2\/types\/page"}],"author":[{"embeddable":true,"href":"https:\/\/arteconstructo.com\/fr\/wp-json\/wp\/v2\/users\/8"}],"replies":[{"embeddable":true,"href":"https:\/\/arteconstructo.com\/fr\/wp-json\/wp\/v2\/comments?post=16831"}],"version-history":[{"count":0,"href":"https:\/\/arteconstructo.com\/fr\/wp-json\/wp\/v2\/pages\/16831\/revisions"}],"wp:attachment":[{"href":"https:\/\/arteconstructo.com\/fr\/wp-json\/wp\/v2\/media?parent=16831"}],"curies":[{"name":"wp","href":"https:\/\/api.w.org\/{rel}","templated":true}]}}