{"id":16830,"date":"2018-07-20T10:34:59","date_gmt":"2018-07-20T09:34:59","guid":{"rendered":"https:\/\/arteconstructo.com\/fiches-techiques\/keim\/keim-concreton-w\/"},"modified":"2018-07-20T12:58:59","modified_gmt":"2018-07-20T11:58:59","slug":"keim-concreton-w","status":"publish","type":"page","link":"https:\/\/arteconstructo.com\/fr\/keim-concreton-w\/","title":{"rendered":"KEIM CONCRETON-W"},"content":{"rendered":"<p><b>KEIM CONCRETON-W<\/b><\/p>\n<p><b>Description<\/b><\/p>\n<p>Peinture min\u00e9rale pr\u00eate \u00e0 l\u2019emploi, \u00e0 base d\u2019un double liant sol-silicate, conforme \u00e0 la norme AFNOR 30808 Famille 1 \u2013 Classe 1b1 (parts organiques &lt; 5%).<\/p>\n<p>Destin\u00e9e au ravalement et \u00e0 la protection de supports en b\u00e9ton banch\u00e9, \u00e9l\u00e9ments de b\u00e9ton pr\u00e9fabriqu\u00e9, b\u00e9ton ragr\u00e9\u00e9 et b\u00e9ton peint.<\/p>\n<p>Keim Concreton-W peut \u00eatre appliqu\u00e9e en finition sur elle-m\u00eame ou sur la couche de fond Keim Concreton-W Grof.<\/p>\n<p><b>Application du Produit<\/b><\/p>\n<p>Pr\u00e9paration des fonds :<\/p>\n<p>Les supports seront conformes aux prescriptions du DTU 59.1. Ils doivent \u00eatre propres, sains, secs, et absorbants.<span class=\"Apple-converted-space\">\u00a0 <\/span>Eliminer les particules non adh\u00e9rentes, poussi\u00e8res, efflorescences, graisses, algues et mousses par grattage, brossage ou lavage haute pression ou par tout traitement adapt\u00e9.<\/p>\n<p>Sur les b\u00e9tons neufs, \u00e9liminer les r\u00e9sidus d\u2019huiles de d\u00e9coffrage et les laitances calcaires superficielles.<\/p>\n<p>Sur les b\u00e9tons tr\u00e8s absorbants, appliquer une couche d\u2019impression r\u00e9gulatrice d\u2019absorption avec le FIXATIF-CONCRETON.<\/p>\n<p>Peut \u00eatre appliqu\u00e9e sur les b\u00e9tons peints avec une ancienne peinture organique bien adh\u00e9rente.<\/p>\n<p>Il est recommand\u00e9 de d\u00e9caper les anciennes peintures ou lasures tr\u00e8s filmog\u00e8nes peu perm\u00e9ables aux \u00e9changes de vapeur d\u2019eau.<span class=\"Apple-converted-space\">\u00a0 <\/span>Ne pas appliquer sur bois, m\u00e9tal et plastique ainsi que sur les rev\u00eatements souples et les peintures \u00e0 l\u2019huile.<\/p>\n<p>Mise en \u0153uvre :<\/p>\n<p>La peinture Keim Concreton-W s\u2019applique en 2 couches \u00e0 la brosse carr\u00e9e, au rouleau de fa\u00e7ade ou par projection Airless (buse 0,79 mm). Keim Concreton-W Grof sera appliqu\u00e9e de pr\u00e9f\u00e9rence \u00e0 la brosse ou au rouleau.<\/p>\n<p>Dilution :<\/p>\n<p>Couche de fond : Keim Concreton-W Grof, dilu\u00e9 avec max. 10% de FIXATIF CONCRETON (25 kg de peinture + max. 2,5 Ltr de diluant).<\/p>\n<p>Couche interm\u00e9diaire : Keim Concreton-W Grof, est dilu\u00e9 avec max. 5% de FIXATIF CONCRETON (25 kg de peinture + max. 1,25 Ltr de diluant).<\/p>\n<p>Couche de finition : Keim Concreton-W, non dilu\u00e9.<\/p>\n<p><b>Conditionnement<\/b><\/p>\n<p>Seau en plastique 5 et 25 kg pour Keim Concreton-W et Grof<\/p>\n<p>Seau en plastique 5 et 20 l pour FIXATIF CONCRETON<\/p>\n<p><b>Conditions climatiques<\/b><\/p>\n<p>Temp\u00e9rature ambiante et du subjectile sup\u00e9rieure \u00e0 5\u00b0C. Hygrom\u00e9trie max. 80%.<\/p>\n<p>Ne pas appliquer en plein soleil, sur support surchauff\u00e9 et par vent fort. Prot\u00e9ger la fa\u00e7ade de la pluie.<\/p>\n<p><b>Consommation<\/b><\/p>\n<p>3 couches avec Keim Concreton-W Grof comme couche de fond et couche interm\u00e9diaire<\/p>\n<p>env. 0,35 kg\/m\u00b2 Keim Concreton-W Grof<\/p>\n<p>env. 0,20 kg\/m\u00b2 Keim Concreton-W<\/p>\n<p>env. 0,03 l\/m\u00b2 KEIM Concreton-Fixatief<\/p>\n<p><b>Nettoyage du mat\u00e9riel<\/b><\/p>\n<p>Nettoyer les outils \u00e0 l\u2019eau aussit\u00f4t apr\u00e8s usage.<\/p>\n<p><a href=\"https:\/\/arteconstructo.com\/wp-content\/uploads\/2016\/03\/KEIM-CONCRETON-W-fiche-technique-FR.pdf\">T\u00e9l\u00e9chargez la version PDF<\/a><\/p>\n","protected":false},"excerpt":{"rendered":"<p>KEIM CONCRETON-W Description Peinture min\u00e9rale pr\u00eate \u00e0 l\u2019emploi, \u00e0 base d\u2019un double liant sol-silicate, conforme \u00e0 la norme AFNOR 30808 Famille 1 \u2013 Classe 1b1 (parts organiques &lt; 5%). Destin\u00e9e au ravalement et \u00e0 la protection de supports en b\u00e9ton banch\u00e9, \u00e9l\u00e9ments de b\u00e9ton pr\u00e9fabriqu\u00e9, b\u00e9ton ragr\u00e9\u00e9 et b\u00e9ton peint. Keim Concreton-W peut \u00eatre appliqu\u00e9e&hellip;<\/p>\n","protected":false},"author":8,"featured_media":0,"parent":0,"menu_order":0,"comment_status":"closed","ping_status":"closed","template":"","meta":{"footnotes":""},"class_list":["post-16830","page","type-page","status-publish","hentry","description-off"],"_links":{"self":[{"href":"https:\/\/arteconstructo.com\/fr\/wp-json\/wp\/v2\/pages\/16830","targetHints":{"allow":["GET"]}}],"collection":[{"href":"https:\/\/arteconstructo.com\/fr\/wp-json\/wp\/v2\/pages"}],"about":[{"href":"https:\/\/arteconstructo.com\/fr\/wp-json\/wp\/v2\/types\/page"}],"author":[{"embeddable":true,"href":"https:\/\/arteconstructo.com\/fr\/wp-json\/wp\/v2\/users\/8"}],"replies":[{"embeddable":true,"href":"https:\/\/arteconstructo.com\/fr\/wp-json\/wp\/v2\/comments?post=16830"}],"version-history":[{"count":0,"href":"https:\/\/arteconstructo.com\/fr\/wp-json\/wp\/v2\/pages\/16830\/revisions"}],"wp:attachment":[{"href":"https:\/\/arteconstructo.com\/fr\/wp-json\/wp\/v2\/media?parent=16830"}],"curies":[{"name":"wp","href":"https:\/\/api.w.org\/{rel}","templated":true}]}}