{"id":16829,"date":"2018-07-20T10:34:04","date_gmt":"2018-07-20T09:34:04","guid":{"rendered":"https:\/\/arteconstructo.com\/fiches-techiques\/keim\/keim-biosil\/"},"modified":"2018-07-20T12:58:59","modified_gmt":"2018-07-20T11:58:59","slug":"keim-biosil","status":"publish","type":"page","link":"https:\/\/arteconstructo.com\/fr\/keim-biosil\/","title":{"rendered":"KEIM BIOSIL"},"content":{"rendered":"<p><b>KEIM BIOSIL<\/b><\/p>\n<p><b>Description<\/b><\/p>\n<p>Keim Biosil est une peinture d\u2019int\u00e9rieure pr\u00eate \u00e0 l\u2019emploi, \u00e0 base de silicates selon la norme DIN 18363 2.4.1<\/p>\n<p>Keim Biosil est particuli\u00e8rement adapt\u00e9 pour les maisons d\u2019habitation, les administrations, les h\u00f4pitaux et les \u00e9coles.<span class=\"Apple-converted-space\">\u00a0 <\/span>Keim Biosil s\u2019applique sur les murs int\u00e9rieurs et les plafonds dans toutes les pi\u00e8ces (s\u00e9jour, salle de bain, cuisine, cave et garage). Les supports poussi\u00e9reux et fort poreux, ou avec de fortes diff\u00e9rences dans la porosit\u00e9 (p.ex. les plaques de pl\u00e2tre), doivent \u00eatre trait\u00e9s avec le KEIM Special-Fixativ auparavant.<\/p>\n<p><b>Application du produit<\/b><\/p>\n<p>Pr\u00e9paration du support et application:<\/p>\n<p>Le support doit \u00eatre d\u00e9graiss\u00e9, d\u00e9poussi\u00e9r\u00e9, propre, sain, sec et solide. Temp\u00e9rature du support et de l\u2019air durant l\u2019application et le temps de s\u00e9chage &gt; 5\u00b0C.<\/p>\n<p>Sur les enduits d\u2019argile il est conseill\u00e9 de traiter la surface pr\u00e9alablement avec KEIM Spezial-Fixativ, dilu\u00e9 1:1 avec de l\u2019eau. La couche de base doit \u00eatre dilu\u00e9e \u00e0 20% d\u2019eau. La couche de finition sera dilu\u00e9e \u00e0 10% d\u2019eau.<span class=\"Apple-converted-space\">\u00a0 <\/span>Une dilution suppl\u00e9mentaire avec le Spezial-Fixativ n\u2019est plus n\u00e9cessaire.<\/p>\n<p>KEIM Biosil peut \u00eatre appliqu\u00e9 \u00e0 la brosse, au rouleau (conseill\u00e9 en cas de support lisse, p.ex. plaque de pl\u00e2tre cartonn\u00e9e: rouleau \u00e0 poils courts) ou par projection \u00ab airless \u00bb (buse 0,79).<\/p>\n<p>Temps d\u2019attente entre chaque couche: minimum 6 heures.<\/p>\n<p>Couche de fond: diluer 10 l de KEIM Biosil jusqu\u2019\u00e0 max. 1 l d\u2019eau<\/p>\n<p>Couche de finition: KEIM Biosil, non dilu\u00e9<\/p>\n<p><b>Consommation<\/b><\/p>\n<p>Application de 2 couches sur support lisse env. 0,220 l de KEIM Biosil par m2 (env. 4,5m2\/l), et 0,01 l de Keim Spezial-Fixativ.<\/p>\n<p><b>Nettoyage du mat\u00e9riel<\/b><\/p>\n<p>Nettoyer les outils \u00e0 l\u2019eau aussit\u00f4t apr\u00e8s usage.<\/p>\n<p><b>Conditionnement<\/b><\/p>\n<p>Seau en plastique de 5 l ou 15 l<\/p>\n<p><a href=\"https:\/\/arteconstructo.com\/wp-content\/uploads\/2016\/03\/KEIM-BIOSIL-fiche-technique-FR.pdf\">T\u00e9l\u00e9chargez la version PDF<\/a><\/p>\n","protected":false},"excerpt":{"rendered":"<p>KEIM BIOSIL Description Keim Biosil est une peinture d\u2019int\u00e9rieure pr\u00eate \u00e0 l\u2019emploi, \u00e0 base de silicates selon la norme DIN 18363 2.4.1 Keim Biosil est particuli\u00e8rement adapt\u00e9 pour les maisons d\u2019habitation, les administrations, les h\u00f4pitaux et les \u00e9coles.\u00a0 Keim Biosil s\u2019applique sur les murs int\u00e9rieurs et les plafonds dans toutes les pi\u00e8ces (s\u00e9jour, salle de&hellip;<\/p>\n","protected":false},"author":8,"featured_media":0,"parent":0,"menu_order":0,"comment_status":"closed","ping_status":"closed","template":"","meta":{"footnotes":""},"class_list":["post-16829","page","type-page","status-publish","hentry","description-off"],"_links":{"self":[{"href":"https:\/\/arteconstructo.com\/fr\/wp-json\/wp\/v2\/pages\/16829","targetHints":{"allow":["GET"]}}],"collection":[{"href":"https:\/\/arteconstructo.com\/fr\/wp-json\/wp\/v2\/pages"}],"about":[{"href":"https:\/\/arteconstructo.com\/fr\/wp-json\/wp\/v2\/types\/page"}],"author":[{"embeddable":true,"href":"https:\/\/arteconstructo.com\/fr\/wp-json\/wp\/v2\/users\/8"}],"replies":[{"embeddable":true,"href":"https:\/\/arteconstructo.com\/fr\/wp-json\/wp\/v2\/comments?post=16829"}],"version-history":[{"count":0,"href":"https:\/\/arteconstructo.com\/fr\/wp-json\/wp\/v2\/pages\/16829\/revisions"}],"wp:attachment":[{"href":"https:\/\/arteconstructo.com\/fr\/wp-json\/wp\/v2\/media?parent=16829"}],"curies":[{"name":"wp","href":"https:\/\/api.w.org\/{rel}","templated":true}]}}