{"id":16828,"date":"2018-07-20T10:33:09","date_gmt":"2018-07-20T09:33:09","guid":{"rendered":"https:\/\/arteconstructo.com\/fiches-techiques\/keim\/keim-granital\/"},"modified":"2018-07-20T12:59:00","modified_gmt":"2018-07-20T11:59:00","slug":"keim-granital","status":"publish","type":"page","link":"https:\/\/arteconstructo.com\/fr\/keim-granital\/","title":{"rendered":"KEIM GRANITAL"},"content":{"rendered":"<p><b>KEIM GRANITAL<\/b><\/p>\n<p><b>Description<\/b><\/p>\n<p>Peinture min\u00e9rale au silicate de potassium pr\u00eate \u00e0 l\u2019emploi, conforme \u00e0 la norme AFNOR 30808 Famille 1 &#8211; Classe 1b1 (parts organiques &lt;5%).<\/p>\n<p><b>Application du Produit<\/b><\/p>\n<p>Pr\u00e9paration des fonds :<\/p>\n<p>Les supports seront conformes aux prescriptions du DTU 59.1. Ils doivent \u00eatre propres, sains, secs, et absorbants.<\/p>\n<p>Eliminer les particules non adh\u00e9rentes, poussi\u00e8res, efflorescences, graisses, algues et mousses par grattage, brossage ou lavage haute pression ou par tout traitement adapt\u00e9.<\/p>\n<p>Sur les supports tr\u00e8s absorbants, appliquer une couche d\u2019impression r\u00e9gulatrice d\u2019absorption avec le FIXATIF SPECIAL.<\/p>\n<p>A l\u2019int\u00e9rieur, sur les fonds peints avec une ancienne peinture organique bien adh\u00e9rente, appliquer imp\u00e9rativement une couche de fond KEIM CONTACT PLUS. Il est recommand\u00e9 de d\u00e9caper les anciennes peintures tr\u00e8s filmog\u00e8nes peu perm\u00e9ables aux \u00e9changes de vapeur d\u2019eau. Ne pas appliquer sur bois, m\u00e9tal et plastique.<\/p>\n<p><b>Mise en \u0153uvre<\/b><\/p>\n<p>La peinture KEIM Granital s\u2019applique en 2 couches \u00e0 la brosse carr\u00e9e, au rouleau de fa\u00e7ade ou par projection Airless (buse 0,79 mm). La couche de fond sera appliqu\u00e9e de pr\u00e9f\u00e9rence \u00e0 la brosse ou au rouleau.<\/p>\n<p>Dilution :<\/p>\n<p>1\u00e8re couche : max. 20% de FIXATIF SPECIAL en fonction de l\u2019absorption du support.<\/p>\n<p>2\u00e8me couche : sans dilution.<\/p>\n<p>Ne jamais diluer \u00e0 l\u2019eau.<\/p>\n<p>Conditions climatiques :<\/p>\n<p>Temp\u00e9rature ambiante et du subjectile sup\u00e9rieure \u00e0 5\u00b0C. Hygrom\u00e9trie max. 80%.<\/p>\n<p>Ne pas appliquer en plein soleil, sur support surchauff\u00e9 et par vent fort. Prot\u00e9ger la fa\u00e7ade de la pluie.<\/p>\n<p>Temps de s\u00e9chage (20\u00b0C) :<\/p>\n<p>Recouvrable : 12 heures<\/p>\n<p><b>Consommation pour 2 couches<\/b><\/p>\n<p>Env. 0,35 kg\/m\u00b2 de KEIM Granital<\/p>\n<p>Env. 0,03 l\/m\u00b2 de FIXATIF SPECIAL<\/p>\n<p><b>Nettoyage du mat\u00e9riel<\/b><\/p>\n<p>Nettoyer les outils \u00e0 l\u2019eau aussit\u00f4t apr\u00e8s usage.<\/p>\n<p><b>Mise \u00e0 la teinte<\/b><\/p>\n<p>Toutes les teintes du nuancier KEIM EXCLUSIV sont disponibles. Teintes sp\u00e9ciales sur demande. Utiliser uniquement les CONCENTR\u00c9S DE TEINTE KEIM. Ne pas employer de colorants universels.<\/p>\n<p><b>Hygi\u00e8ne et s\u00e9curit\u00e9<\/b><\/p>\n<p>Prot\u00e9ger les surfaces qui ne sont pas \u00e0 peindre (vitrages, menuiseries, etc.) et \u00e9liminer imm\u00e9diatement les projections de peinture avec une \u00e9ponge humide. Tenir hors de port\u00e9e des enfants. Consulter la fiche de s\u00e9curit\u00e9 du produit.<\/p>\n<p><a href=\"https:\/\/arteconstructo.com\/wp-content\/uploads\/2016\/03\/KEIM-GRANITAL-fiche-technique-FR.pdf\">T\u00e9l\u00e9chargez la version PDF<\/a><\/p>\n","protected":false},"excerpt":{"rendered":"<p>KEIM GRANITAL Description Peinture min\u00e9rale au silicate de potassium pr\u00eate \u00e0 l\u2019emploi, conforme \u00e0 la norme AFNOR 30808 Famille 1 &#8211; Classe 1b1 (parts organiques &lt;5%). Application du Produit Pr\u00e9paration des fonds : Les supports seront conformes aux prescriptions du DTU 59.1. Ils doivent \u00eatre propres, sains, secs, et absorbants. Eliminer les particules non adh\u00e9rentes,&hellip;<\/p>\n","protected":false},"author":8,"featured_media":0,"parent":0,"menu_order":0,"comment_status":"closed","ping_status":"closed","template":"","meta":{"footnotes":""},"class_list":["post-16828","page","type-page","status-publish","hentry","description-off"],"_links":{"self":[{"href":"https:\/\/arteconstructo.com\/fr\/wp-json\/wp\/v2\/pages\/16828","targetHints":{"allow":["GET"]}}],"collection":[{"href":"https:\/\/arteconstructo.com\/fr\/wp-json\/wp\/v2\/pages"}],"about":[{"href":"https:\/\/arteconstructo.com\/fr\/wp-json\/wp\/v2\/types\/page"}],"author":[{"embeddable":true,"href":"https:\/\/arteconstructo.com\/fr\/wp-json\/wp\/v2\/users\/8"}],"replies":[{"embeddable":true,"href":"https:\/\/arteconstructo.com\/fr\/wp-json\/wp\/v2\/comments?post=16828"}],"version-history":[{"count":0,"href":"https:\/\/arteconstructo.com\/fr\/wp-json\/wp\/v2\/pages\/16828\/revisions"}],"wp:attachment":[{"href":"https:\/\/arteconstructo.com\/fr\/wp-json\/wp\/v2\/media?parent=16828"}],"curies":[{"name":"wp","href":"https:\/\/api.w.org\/{rel}","templated":true}]}}