{"id":16827,"date":"2018-07-20T10:32:19","date_gmt":"2018-07-20T09:32:19","guid":{"rendered":"https:\/\/arteconstructo.com\/fiches-techiques\/keim\/keim-purkristalat\/"},"modified":"2018-07-20T12:59:01","modified_gmt":"2018-07-20T11:59:01","slug":"keim-purkristalat","status":"publish","type":"page","link":"https:\/\/arteconstructo.com\/fr\/keim-purkristalat\/","title":{"rendered":"KEIM PURKRISTALAT"},"content":{"rendered":"<p><b>KEIM PURKRISTALAT<\/b><\/p>\n<p><b>Description<\/b><\/p>\n<p>Keim Purkristalat est une peinture au silicate 100% min\u00e9rale \u00e0 2 composants, conforme \u00e0 la norme VOB\/C DIN 18363; 2.4.1, qui s\u2019utilise en fa\u00e7ade, sur mur et comme peinture d\u00e9corative de la plus haute qualit\u00e9 et ayant un parfait rendu des couleurs.<span class=\"Apple-converted-space\">\u00a0 <\/span>Keim Purkristalat est compos\u00e9 d\u2019un pigment sous forme poudreuse (Purkristalat-poudre) et d\u2019un liant silicate de potassium pur (Fixativ).<\/p>\n<p><b>Domaine d\u2019application<\/b><\/p>\n<p>Keim Purkristalat peut \u00eatre appliqu\u00e9 sur un support min\u00e9ral, poreux et stable, \u00e0 la chaux, chaux-ciment et pl\u00e2tres d\u2019une \u00e9paisseur minimale de 5 mm.<\/p>\n<p><b>Pr\u00e9paration des supports<\/b><\/p>\n<p>Les supports doivent \u00eatre propres, sains et secs.<span class=\"Apple-converted-space\">\u00a0 <\/span>Les particules non adh\u00e9rentes, poussi\u00e8res, efflorescences doivent \u00eatre pr\u00e9alablement \u00e9limin\u00e9es par grattage, brossage ou lavage \u00e0 haute pression.<span class=\"Apple-converted-space\">\u00a0 <\/span>Les anciennes peintures filmog\u00e8nes doivent \u00eatre supprim\u00e9s \u00e0 l\u2019aide d\u2019un d\u00e9capant \u00e9cologique (ECOlogic Remover).<\/p>\n<p>Sur les supports tr\u00e8s absorbants, appliquer une couche de KEIM Fixativ dilu\u00e9 avec de l\u2019eau, par exemple avec une proportion 1\u00a0: 1.<\/p>\n<p><b>Application<\/b><\/p>\n<p>Appliquer Keim Purkristalat frais sur frais \u00e0 l\u2019aide d\u2019une brosse ou \u00e0 l\u2019aide d\u2019un pistolet \u00e0 basse pression (airless \u2013 pistolet de 0,66 \u00e0 0,79 mm).<\/p>\n<p>M\u00e9lange\u00a0:<\/p>\n<p>M\u00e9langer dans 4 l de KEIM Fixativ 5 kg de KEIM Purkristalat-poudre jusqu\u2019\u00e0 l\u2019obtention d\u2019une masse homog\u00e8ne.<span class=\"Apple-converted-space\">\u00a0 <\/span>Ce m\u00e9lange donne env. 10 kg de peinture pr\u00eate pour la couche finale.<span class=\"Apple-converted-space\">\u00a0 <\/span>A pr\u00e9parer un jour \u00e0 l\u2019avance afin d\u2019obtenir un m\u00e9lange plus homog\u00e8ne et augmentant le rendement.<span class=\"Apple-converted-space\">\u00a0 <\/span>Pour la premi\u00e8re couche et les couches interm\u00e9diaires la peinture doit \u00eatre dilu\u00e9e avec KEIM Fixativ.<\/p>\n<p><b>Temps de s\u00e9chage<\/b><\/p>\n<p>Entre chaque couche de peinture et\/ou couche de fixation, maintenir un temps de s\u00e9chage d\u2019au moins 12 heures.<\/p>\n<p><b>Consommation<\/b><\/p>\n<p>En deux couches d\u2019env. 0,35 kg de KEIM Purkristalat-poudre + 0,4 l de KEIM Fixativ \/m\u00b2.<\/p>\n<p><b>Emballage<\/b><\/p>\n<p>Poudre de couleurs KEIM Purkristalat\u00a0: Sacs de 5 kg et 30 kg<\/p>\n<p>KEIM Fixativ\u00a0: Seaux de 4 l et 24 l<\/p>\n<p><b>Conservation<\/b><\/p>\n<p>Sous abri, 6 mois en emballage d\u2019origine non ouvert, \u00e0 une temp\u00e9rature comprise entre +5\u00b0 et 35\u00b0C.<span class=\"Apple-converted-space\">\u00a0 <\/span>Ne pas exposer en plein soleil et \u00e0 la chaleur.<span class=\"Apple-converted-space\">\u00a0 <\/span>Reconditionner les emballages entam\u00e9s dans des r\u00e9cipients de taille adapt\u00e9e afin de r\u00e9duire au minimum le volume d\u2019air en contact avec le produit.<\/p>\n<p><a href=\"https:\/\/arteconstructo.com\/wp-content\/uploads\/2016\/03\/KEIM-PURKRISTALAT-fiche-technique-FR.pdf\">T\u00e9l\u00e9chargez la version PDF<\/a><\/p>\n","protected":false},"excerpt":{"rendered":"<p>KEIM PURKRISTALAT Description Keim Purkristalat est une peinture au silicate 100% min\u00e9rale \u00e0 2 composants, conforme \u00e0 la norme VOB\/C DIN 18363; 2.4.1, qui s\u2019utilise en fa\u00e7ade, sur mur et comme peinture d\u00e9corative de la plus haute qualit\u00e9 et ayant un parfait rendu des couleurs.\u00a0 Keim Purkristalat est compos\u00e9 d\u2019un pigment sous forme poudreuse (Purkristalat-poudre)&hellip;<\/p>\n","protected":false},"author":8,"featured_media":0,"parent":0,"menu_order":0,"comment_status":"closed","ping_status":"closed","template":"","meta":{"footnotes":""},"class_list":["post-16827","page","type-page","status-publish","hentry","description-off"],"_links":{"self":[{"href":"https:\/\/arteconstructo.com\/fr\/wp-json\/wp\/v2\/pages\/16827","targetHints":{"allow":["GET"]}}],"collection":[{"href":"https:\/\/arteconstructo.com\/fr\/wp-json\/wp\/v2\/pages"}],"about":[{"href":"https:\/\/arteconstructo.com\/fr\/wp-json\/wp\/v2\/types\/page"}],"author":[{"embeddable":true,"href":"https:\/\/arteconstructo.com\/fr\/wp-json\/wp\/v2\/users\/8"}],"replies":[{"embeddable":true,"href":"https:\/\/arteconstructo.com\/fr\/wp-json\/wp\/v2\/comments?post=16827"}],"version-history":[{"count":0,"href":"https:\/\/arteconstructo.com\/fr\/wp-json\/wp\/v2\/pages\/16827\/revisions"}],"wp:attachment":[{"href":"https:\/\/arteconstructo.com\/fr\/wp-json\/wp\/v2\/media?parent=16827"}],"curies":[{"name":"wp","href":"https:\/\/api.w.org\/{rel}","templated":true}]}}