{"id":16826,"date":"2018-07-20T10:31:26","date_gmt":"2018-07-20T09:31:26","guid":{"rendered":"https:\/\/arteconstructo.com\/fiches-techiques\/unilit\/unilit-pedes-n-m-f-pedes-g-f-mortiers-de-finition-a-haute-resistance\/"},"modified":"2020-05-25T09:45:11","modified_gmt":"2020-05-25T08:45:11","slug":"unilit-pedes-n-m-f-pedes-g-f-mortiers-de-finition-a-haute-resistance","status":"publish","type":"page","link":"https:\/\/arteconstructo.com\/fr\/unilit-pedes-n-m-f-pedes-g-f-mortiers-de-finition-a-haute-resistance\/","title":{"rendered":"UNILIT PEDES N\/M\/F (PEDES G\/-\/F) MORTIERS DE FINITION A HAUTE RESISTANCE"},"content":{"rendered":"<div class=\"wpb-content-wrapper\"><p>[vc_row][vc_column][vc_column_text]<\/p>\n<p><b>UNILIT PEDES N\/M\/F (PEDES G\/-\/F) MORTIERS DE FINITION A HAUTE RESISTANCE<\/b><\/p>\n<p>Cahier de charges : sols, joints, pentes<\/p>\n<p><b>Description<\/b><\/p>\n<p>Unilit PEDES N, M et F sont des mortiers sp\u00e9ciaux pr\u00eat-\u00e0-l\u2019emploi, compos\u00e9s de chaux hydraulique naturelle pure comme liant, et d\u2019aggr\u00e9gats appropri\u00e9s selon une courbe granulom\u00e9trique s\u00e9lectionn\u00e9e.<\/p>\n<p>Unilit PEDES N, M et F)sont caract\u00e9ris\u00e9s par une adh\u00e9sion lente, mais assur\u00e9e, une plasticit\u00e9 \u00e9lev\u00e9e, une faible teneur en sels solubles et une excellente perm\u00e9abilit\u00e9 \u00e0 la vapeur d\u2019eau. Les mortiers \u00e0 la chaux hydraulique naturelle sont parfaitement stable et soigneusement pr\u00e9par\u00e9s pour pouvoir \u00e9viter les probl\u00e8mes de microfissuration et d\u2019ass\u00e8chement trop rapide.<\/p>\n<p>Le liant, utilis\u00e9 pour la pr\u00e9paration des mortiers, est conforme \u00e0 la norme europ\u00e9enne EN 459-1, NHL 5.<span class=\"Apple-converted-space\">\u00a0 <\/span>Les mortiers Unilit PEDES N, M et F sont conformes \u00e0 la norme europ\u00e9enne UNI EN 998-1.<\/p>\n<p><b>Domaine d\u2019Utilisation<\/b><\/p>\n<p>Unilit PEDES N, M et F peuvent \u00eatre appliqu\u00e9s soit comme couche de finition pour un sol \u00e0 la chaux, soit comme couche de protection \u00e0 haute r\u00e9sistance pour des zones d\u00e9licates (pentes, joints), particuli\u00e8rement soumises aux intemp\u00e9ries.<\/p>\n<p><b>Application<\/b><\/p>\n<p>Toutes les surfaces doivent \u00eatre propres, exemptes de graisse, poussi\u00e8re, huiles de d\u00e9coffrage, etc.<span class=\"Apple-converted-space\">\u00a0 <\/span>Humidifier l\u00e9g\u00e8rement le support avant l\u2019application.<span class=\"Apple-converted-space\">\u00a0 <\/span>Eviter une saturation en eau du support au moment de l\u2019application, afin de ne pas compromettre la bonne adh\u00e9rence m\u00e9canique et la qualit\u00e9 du mortier.<\/p>\n<p>Le mortier est appliqu\u00e9 manuellement \u00e0 l\u2019aide d\u2019une truelle.<span class=\"Apple-converted-space\">\u00a0 <\/span>Un temps de s\u00e9chage de 4 \u00e0 7 jours doit \u00eatre respect\u00e9 avant tout traitement (\u00e0 l\u2019huile etc.)<\/p>\n<p>Le mortier est m\u00e9lang\u00e9 \u00e0 l\u2019eau propre moyennant un malaxeur \u00e9lectrique \u00e0 faible vitesse de rotation, pendant au max. 3 minutes (6,5 l d\u2019eau pour un sac de 30 kg).<span class=\"Apple-converted-space\">\u00a0 <\/span>On obtiendra une p\u00e2te homog\u00e8ne et cr\u00e9meuse qui reste utilisable pendant 3 heures.<\/p>\n<p>Les mortiers ne peuvent \u00eatre appliqu\u00e9s \u00e0 des temp\u00e9ratures inf\u00e9rieures \u00e0 +5\u00b0C.<span class=\"Apple-converted-space\">\u00a0 <\/span>Ne jamais appliquer sur un support gel\u00e9, ni par temps de brouillard dense. En \u00e9t\u00e9 et par temps sec, prendre toutes les pr\u00e9cautions n\u00e9cessaires pour \u00e9viter un ass\u00e8chement trop rapide du mortier.<span class=\"Apple-converted-space\">\u00a0 <\/span>Les mortiers doivent \u00eatre prot\u00e9g\u00e9s du gel et du soleil intense pendant 48 \u00e0 72 heures apr\u00e8s l\u2019application.<\/p>\n<p><a href=\"https:\/\/arteconstructo.com\/wp-content\/uploads\/2020\/05\/UNILIT-PEDES-N-M-F-fiche-tech.pdf\">T\u00e9l\u00e9chargez la version PDF<\/a><\/p>\n<p>[\/vc_column_text][\/vc_column][\/vc_row]<\/p>\n<\/div>","protected":false},"excerpt":{"rendered":"<p>[vc_row][vc_column][vc_column_text] UNILIT PEDES N\/M\/F (PEDES G\/-\/F) MORTIERS DE FINITION A HAUTE RESISTANCE Cahier de charges : sols, joints, pentes Description Unilit PEDES N, M et F sont des mortiers sp\u00e9ciaux pr\u00eat-\u00e0-l\u2019emploi, compos\u00e9s de chaux hydraulique naturelle pure comme liant, et d\u2019aggr\u00e9gats appropri\u00e9s selon une courbe granulom\u00e9trique s\u00e9lectionn\u00e9e. Unilit PEDES N, M et F)sont caract\u00e9ris\u00e9s par&hellip;<\/p>\n","protected":false},"author":8,"featured_media":0,"parent":0,"menu_order":0,"comment_status":"closed","ping_status":"closed","template":"","meta":{"footnotes":""},"class_list":["post-16826","page","type-page","status-publish","hentry","description-off"],"_links":{"self":[{"href":"https:\/\/arteconstructo.com\/fr\/wp-json\/wp\/v2\/pages\/16826","targetHints":{"allow":["GET"]}}],"collection":[{"href":"https:\/\/arteconstructo.com\/fr\/wp-json\/wp\/v2\/pages"}],"about":[{"href":"https:\/\/arteconstructo.com\/fr\/wp-json\/wp\/v2\/types\/page"}],"author":[{"embeddable":true,"href":"https:\/\/arteconstructo.com\/fr\/wp-json\/wp\/v2\/users\/8"}],"replies":[{"embeddable":true,"href":"https:\/\/arteconstructo.com\/fr\/wp-json\/wp\/v2\/comments?post=16826"}],"version-history":[{"count":0,"href":"https:\/\/arteconstructo.com\/fr\/wp-json\/wp\/v2\/pages\/16826\/revisions"}],"wp:attachment":[{"href":"https:\/\/arteconstructo.com\/fr\/wp-json\/wp\/v2\/media?parent=16826"}],"curies":[{"name":"wp","href":"https:\/\/api.w.org\/{rel}","templated":true}]}}