{"id":16825,"date":"2018-07-20T10:30:34","date_gmt":"2018-07-20T09:30:34","guid":{"rendered":"https:\/\/arteconstructo.com\/fiches-techiques\/unilit\/unilit-c-td-13-c-mortier-de-base-a-haute-resistance\/"},"modified":"2018-12-04T12:08:02","modified_gmt":"2018-12-04T11:08:02","slug":"unilit-c-td-13-c-mortier-de-base-a-haute-resistance","status":"publish","type":"page","link":"https:\/\/arteconstructo.com\/fr\/unilit-c-td-13-c-mortier-de-base-a-haute-resistance\/","title":{"rendered":"UNILIT C (TD 13 C) MORTIER DE BASE A HAUTE RESISTANCE"},"content":{"rendered":"<p><b>UNILIT C (TD 13 C) MORTIER DE BASE A HAUTE RESISTANCE<\/b><\/p>\n<p>Cahier des charges : murs et sols structurels<\/p>\n<p><b>Description<\/b><\/p>\n<p>Unilit C est un mortier min\u00e9ral traditionnel pr\u00eat-\u00e0-l\u2019emploi, compos\u00e9 de chaux hydraulique naturelle comme liant, et d\u2019aggr\u00e9gats appropri\u00e9s selon une courbe granulom\u00e9trique s\u00e9lectionn\u00e9e.<\/p>\n<p>Unilit C se caract\u00e9rise par une adh\u00e9sion lente mais assur\u00e9e, une grande plasticit\u00e9, une faible contenance en sels solubles, et une excellente perm\u00e9abilit\u00e9 \u00e0 la vapeur.<span class=\"Apple-converted-space\">\u00a0 <\/span>Il est parfaitement stable et soigneusement pr\u00e9par\u00e9 pour \u00e9viter les probl\u00e8mes de microfissuration et d\u2019ass\u00e8chement trop rapide.<\/p>\n<p>La chaux hydraulique naturelle, utilis\u00e9e comme liant, est conforme \u00e0 la norme europ\u00e9enne EN 459-1.<span class=\"Apple-converted-space\">\u00a0 <\/span>Le mortier Unilit C est conforme \u00e0 la norme europ\u00e9enne UNI EN 998-1.<\/p>\n<p><b>Domaine<\/b> <b>d\u2019Utilisation<\/b><\/p>\n<p>Unilit C est indiqu\u00e9 pour :<\/p>\n<p>stabilisation et renforcement de ma\u00e7onnerie pleine en pierre naturelle ou briques<\/p>\n<p>restauration ou r\u00e9alisation de vo\u00fbtes en pierre, \u00e9ventuellement \u00e0 l\u2019aide d\u2019une structure en acier, fibre de verre, carbone ou basalte<\/p>\n<p>support de poutres en bois<\/p>\n<p>enveloppement ou remplissage de ma\u00e7onnerie<\/p>\n<p>ancrage de chaines, armatures, barres, etc. en m\u00e9tal, fibre de verre, carbone etc.<\/p>\n<p>r\u00e9alisation de b\u00e9ton en ajoutant des graviers (env. 15% pour 5-8mm, et 30% pour 5-36mm, en respectant la courbe F\u00fcller)<\/p>\n<p><b>Application<\/b><\/p>\n<p>Toutes les surfaces doivent \u00eatre propres, exemptes de graisse, poussi\u00e8re, huiles de d\u00e9coffrage, etc.<span class=\"Apple-converted-space\">\u00a0 <\/span>Humidifier l\u00e9g\u00e8rement le support avant l\u2019application.<span class=\"Apple-converted-space\">\u00a0 <\/span>Eviter une saturation en eau du support au moment de l\u2019application, afin de ne pas compromettre la bonne adh\u00e9rence m\u00e9canique et la qualit\u00e9 du mortier.<\/p>\n<p>Une fois que le support est pr\u00e9par\u00e9, les armatures \u00e9ventuelles ou autres \u00e9l\u00e9ments de renforcement peuvent \u00eatre plac\u00e9s selon les plans.<span class=\"Apple-converted-space\">\u00a0 <\/span>Le mortier est ensuite appliqu\u00e9 jusqu\u2019\u00e0 couverture compl\u00e8te ou enveloppement des armatures (min. 10mm), en tenant compte que chaque espace entre les \u00e9l\u00e9ments soit bien remplie.<span class=\"Apple-converted-space\">\u00a0 <\/span>Ne pas fourrer si utilis\u00e9 comme premi\u00e8re couche de consolidation.<span class=\"Apple-converted-space\">\u00a0 <\/span>Si les armatures ne sont pas en acier inoxydable ou dans un mat\u00e9riau organique, elles doivent d\u2019abord \u00eatre trait\u00e9es avec une couche de protection et\/ou antirouille compatible.<\/p>\n<p>Le m\u00e9lange avec de l\u2019eau propre s\u2019effectue \u00e0 l\u2019aide d\u2019un malaxeur \u00e9lectrique \u00e0 faible vitesse de rotation pendant maximum 3 minutes afin d\u2019obtenir une p\u00e2te liquide cr\u00e9meuse et homog\u00e8ne (4,5 litre d\u2019eau pour un sac de 30 kg).<span class=\"Apple-converted-space\">\u00a0 <\/span>Le mortier reste utilisable pendant 2 heures.<\/p>\n<p>Le mortier ne peut pas \u00eatre appliqu\u00e9 \u00e0 des temp\u00e9ratures inf\u00e9rieures \u00e0 +5\u00b0C.<span class=\"Apple-converted-space\">\u00a0 <\/span>Ne jamais appliquer sur un support gel\u00e9, ni par temps de brouillard dense. En \u00e9t\u00e9 et par temps sec, prendre toutes les pr\u00e9cautions n\u00e9cessaires pour \u00e9viter un ass\u00e8chement trop rapide du mortier.<span class=\"Apple-converted-space\">\u00a0 <\/span>Le mortier doit \u00eatre prot\u00e9g\u00e9 du gel et du soleil intense pendant 48 \u00e0 72 heures apr\u00e8s l\u2019application.<\/p>\n<p><a href=\"https:\/\/arteconstructo.com\/wp-content\/uploads\/2018\/12\/UNILIT-C-fiche-tech-1.pdf\">T\u00e9l\u00e9chargez la version PDF<\/a><\/p>\n","protected":false},"excerpt":{"rendered":"<p>UNILIT C (TD 13 C) MORTIER DE BASE A HAUTE RESISTANCE Cahier des charges : murs et sols structurels Description Unilit C est un mortier min\u00e9ral traditionnel pr\u00eat-\u00e0-l\u2019emploi, compos\u00e9 de chaux hydraulique naturelle comme liant, et d\u2019aggr\u00e9gats appropri\u00e9s selon une courbe granulom\u00e9trique s\u00e9lectionn\u00e9e. Unilit C se caract\u00e9rise par une adh\u00e9sion lente mais assur\u00e9e, une grande&hellip;<\/p>\n","protected":false},"author":8,"featured_media":0,"parent":0,"menu_order":0,"comment_status":"closed","ping_status":"closed","template":"","meta":{"footnotes":""},"class_list":["post-16825","page","type-page","status-publish","hentry","description-off"],"_links":{"self":[{"href":"https:\/\/arteconstructo.com\/fr\/wp-json\/wp\/v2\/pages\/16825","targetHints":{"allow":["GET"]}}],"collection":[{"href":"https:\/\/arteconstructo.com\/fr\/wp-json\/wp\/v2\/pages"}],"about":[{"href":"https:\/\/arteconstructo.com\/fr\/wp-json\/wp\/v2\/types\/page"}],"author":[{"embeddable":true,"href":"https:\/\/arteconstructo.com\/fr\/wp-json\/wp\/v2\/users\/8"}],"replies":[{"embeddable":true,"href":"https:\/\/arteconstructo.com\/fr\/wp-json\/wp\/v2\/comments?post=16825"}],"version-history":[{"count":0,"href":"https:\/\/arteconstructo.com\/fr\/wp-json\/wp\/v2\/pages\/16825\/revisions"}],"wp:attachment":[{"href":"https:\/\/arteconstructo.com\/fr\/wp-json\/wp\/v2\/media?parent=16825"}],"curies":[{"name":"wp","href":"https:\/\/api.w.org\/{rel}","templated":true}]}}