{"id":16824,"date":"2018-07-20T10:29:35","date_gmt":"2018-07-20T09:29:35","guid":{"rendered":"https:\/\/arteconstructo.com\/fiches-techiques\/unilit\/unilit-b-fluid-xb-coulis-dinjection-et-dadhesion-pour-fresques\/"},"modified":"2020-05-25T09:15:30","modified_gmt":"2020-05-25T08:15:30","slug":"unilit-b-fluid-xb-coulis-dinjection-et-dadhesion-pour-fresques","status":"publish","type":"page","link":"https:\/\/arteconstructo.com\/fr\/unilit-b-fluid-xb-coulis-dinjection-et-dadhesion-pour-fresques\/","title":{"rendered":"UNILIT B-FLUID XB COULIS D\u2019INJECTION ET D\u2019ADHESION POUR FRESQUES"},"content":{"rendered":"<div class=\"wpb-content-wrapper\"><p>[vc_row][vc_column][vc_column_text]<\/p>\n<p><b>UNILIT B-FLUID XB COULIS D\u2019INJECTION ET D\u2019ADHESION POUR FRESQUES<\/b><\/p>\n<p>Cahier de charges : murs int\u00e9rieurs et ext\u00e9rieurs, fresques<\/p>\n<p><b>Description<\/b><\/p>\n<p>Unilit B-Fluid XB est un coulis min\u00e9ral d\u2019injection et d\u2019adh\u00e9sion traditionnelle extr\u00eament fin pr\u00eat-\u00e0-l\u2019emploi, compos\u00e9 de chaux hydraulique naturelle comme liant (r\u00e9sistant aux sulfates), et d\u2019aggr\u00e9gats appropri\u00e9s selon une courbe granulom\u00e9trique s\u00e9lectionn\u00e9e.<\/p>\n<p>Unilit B-Fluid XB se caract\u00e9rise par une adh\u00e9sion lente mais assur\u00e9e, une grande plasticit\u00e9, une faible contenance en sels solubles, et une excellente perm\u00e9abilit\u00e9 \u00e0 la vapeur.<span class=\"Apple-converted-space\">\u00a0 <\/span>Il est parfaitement stable et soigneusement pr\u00e9par\u00e9 pour \u00e9viter les probl\u00e8mes de microfissuration et d\u2019ass\u00e8chement trop rapide.<\/p>\n<p>La chaux hydraulique naturelle, utilis\u00e9e comme liant, est conforme \u00e0 la norme europ\u00e9enne EN 459-1.<span class=\"Apple-converted-space\">\u00a0 <\/span>Le mortier Unilit B-Fluid XB est conforme \u00e0 la norme europ\u00e9enne UNI EN 998-1.<\/p>\n<p><b>Domaine d\u2019Utilisation<\/b><\/p>\n<p>Unilit B-Fluid XB est utilis\u00e9 comme mortier d\u2019injection pour fixer des enduits, carrelages et des fresques murales qui se d\u00e9laminent de leur support.<\/p>\n<p>Gr\u00e2ce \u00e0 la porosit\u00e9 naturelle de la chaux et la faible contenance en sels solubles, Unilit B-Fluid XB est capable d\u2019entretenir l\u2019\u00e9quilibre hygrom\u00e9trique du support, excluant ainsi presque tous les probl\u00e8mes connus relatant aux dommages de gel et de cristallisation de sels, \u00e0 condition que la quantit\u00e9 d\u2019humidit\u00e9 et de sels du support ne soient trop \u00e9lev\u00e9es.<\/p>\n<p>Unilit B-Fluid XB est exempt de silicates tricalciques et d\u2019aluminates tricalciques, le diff\u00e9renciant ainsi des ciments Portland.<\/p>\n<p><b>Application<\/b><\/p>\n<p>Une s\u00e9rie de points d\u2019injection est pr\u00e9vue dans la zone \u00e0 traiter.<span class=\"Apple-converted-space\">\u00a0 <\/span>La distance interm\u00e9diaire entre chaque point est au maximum 10 cm, qui sont plac\u00e9s en intermittence, afin que les points ne soient trop pr\u00e8s l\u2019un de l\u2019autre dans la hauteur. Les ouvertures seront nettoy\u00e9es \u00e0 l\u2019eau et humidifi\u00e9es pr\u00e9alablement \u00e0 l\u2019injection du mortier.<\/p>\n<p>Le mortier est m\u00e9lang\u00e9 \u00e0 environ 5,5 \u00e0 7,5 l d\u2019eau propre pour un sac de mortier \u00e0 la chaux hydraulique naturelle pr\u00eat-\u00e0-l\u2019emploi de 20 kg.<span class=\"Apple-converted-space\">\u00a0 <\/span>Le m\u00e9lange s\u2019effectue \u00e0 l\u2019aide d\u2019un malaxeur \u00e9lectrique \u00e0 faible vitesse de rotation pendant environ 5 \u00e0 8 minutes afin d\u2019obtenir une p\u00e2te liquide cr\u00e9meuse et homog\u00e8ne.<span class=\"Apple-converted-space\">\u00a0 <\/span>Le mortier reste utilisable pendant 2 heures.<\/p>\n<p>Le mortier est inject\u00e9 \u00e0 l\u2019aide d\u2019une seringue ayant une pression de 1 \u00e0 2 bar.<span class=\"Apple-converted-space\">\u00a0 <\/span>La pression exacte sera toutefois \u00e9tablie en fonction de la port\u00e9e du support et s\u2019ajustera pendant l\u2019injection le cas \u00e9ch\u00e9ant.<span class=\"Apple-converted-space\">\u00a0 <\/span>L\u2019injection se fera du haut vers le bas par gravit\u00e9 avec un entonnoir mont\u00e9 sur un tuyau d\u2019arrosage et s\u2019arr\u00eatera une fois que le produit ressortira des ouvertures situ\u00e9es plus bas.<\/p>\n<p>Un temps de s\u00e9chage de 1 \u00e0 2 jours est de vigueur.<\/p>\n<p>Le mortier ne peut pas \u00eatre appliqu\u00e9 \u00e0 des temp\u00e9ratures inf\u00e9rieures \u00e0 +5\u00b0C.<span class=\"Apple-converted-space\">\u00a0 <\/span>Ne jamais appliquer sur un support gel\u00e9, ni par temps de brouillard dense. En \u00e9t\u00e9 et par temps sec, prendre toutes les pr\u00e9cautions n\u00e9cessaires pour \u00e9viter un ass\u00e8chement trop rapide du mortier.<span class=\"Apple-converted-space\">\u00a0 <\/span>Le mortier doit \u00eatre prot\u00e9g\u00e9 du gel et du soleil intense pendant 48 \u00e0 72 heures apr\u00e8s l\u2019application.<\/p>\n<p><a href=\"https:\/\/arteconstructo.com\/wp-content\/uploads\/2020\/05\/UNILIT-BFluid-XB-fiche-tech.pdf\">T\u00e9l\u00e9chargez la version PDF<\/a><\/p>\n<p>[\/vc_column_text][\/vc_column][\/vc_row]<\/p>\n<\/div>","protected":false},"excerpt":{"rendered":"<p>[vc_row][vc_column][vc_column_text] UNILIT B-FLUID XB COULIS D\u2019INJECTION ET D\u2019ADHESION POUR FRESQUES Cahier de charges : murs int\u00e9rieurs et ext\u00e9rieurs, fresques Description Unilit B-Fluid XB est un coulis min\u00e9ral d\u2019injection et d\u2019adh\u00e9sion traditionnelle extr\u00eament fin pr\u00eat-\u00e0-l\u2019emploi, compos\u00e9 de chaux hydraulique naturelle comme liant (r\u00e9sistant aux sulfates), et d\u2019aggr\u00e9gats appropri\u00e9s selon une courbe granulom\u00e9trique s\u00e9lectionn\u00e9e. Unilit B-Fluid XB&hellip;<\/p>\n","protected":false},"author":8,"featured_media":0,"parent":0,"menu_order":0,"comment_status":"closed","ping_status":"closed","template":"","meta":{"footnotes":""},"class_list":["post-16824","page","type-page","status-publish","hentry","description-off"],"_links":{"self":[{"href":"https:\/\/arteconstructo.com\/fr\/wp-json\/wp\/v2\/pages\/16824","targetHints":{"allow":["GET"]}}],"collection":[{"href":"https:\/\/arteconstructo.com\/fr\/wp-json\/wp\/v2\/pages"}],"about":[{"href":"https:\/\/arteconstructo.com\/fr\/wp-json\/wp\/v2\/types\/page"}],"author":[{"embeddable":true,"href":"https:\/\/arteconstructo.com\/fr\/wp-json\/wp\/v2\/users\/8"}],"replies":[{"embeddable":true,"href":"https:\/\/arteconstructo.com\/fr\/wp-json\/wp\/v2\/comments?post=16824"}],"version-history":[{"count":0,"href":"https:\/\/arteconstructo.com\/fr\/wp-json\/wp\/v2\/pages\/16824\/revisions"}],"wp:attachment":[{"href":"https:\/\/arteconstructo.com\/fr\/wp-json\/wp\/v2\/media?parent=16824"}],"curies":[{"name":"wp","href":"https:\/\/api.w.org\/{rel}","templated":true}]}}