{"id":16823,"date":"2018-07-20T10:28:53","date_gmt":"2018-07-20T09:28:53","guid":{"rendered":"https:\/\/arteconstructo.com\/fiches-techiques\/unilit\/unilit-b-fluid-0-1-2-3-mortier-dinjection-ou-mortier-de-finition-special\/"},"modified":"2020-05-25T09:17:54","modified_gmt":"2020-05-25T08:17:54","slug":"unilit-b-fluid-0-1-2-3-mortier-dinjection-ou-mortier-de-finition-special","status":"publish","type":"page","link":"https:\/\/arteconstructo.com\/fr\/unilit-b-fluid-0-1-2-3-mortier-dinjection-ou-mortier-de-finition-special\/","title":{"rendered":"UNILIT B-FLUID 0-1-2-4 MORTIER D\u2019INJECTION OU MORTIER DE FINITION SP\u00c9CIAL"},"content":{"rendered":"<div class=\"wpb-content-wrapper\"><p>[vc_row][vc_column][vc_column_text]<\/p>\n<p><b>UNILIT B-FLUID 0-1-2-4 MORTIER D\u2019INJECTION OU MORTIER DE FINITION SP\u00c9CIAL<\/b><\/p>\n<p>Cahier de charges : injections, finitions, joints<\/p>\n<p><b>Description<\/b><\/p>\n<p>Unilit B-Fluid 0, 1, 2 et 4 sont des mortiers min\u00e9raux d\u2019injection traditionnels pr\u00eat-\u00e0-l\u2019emploi, compos\u00e9 de chaux hydraulique naturelle comme liant, et d\u2019aggr\u00e9gats appropri\u00e9s selon une courbe granulom\u00e9trique s\u00e9lectionn\u00e9e.<\/p>\n<p>Unilit B-Fluid 0, 1, 2 et 4 se caract\u00e9risent par une adh\u00e9sion lente mais assur\u00e9e, une grande plasticit\u00e9, une faible contenance en sels solubles, et une excellente perm\u00e9abilit\u00e9 \u00e0 la vapeur.<span class=\"Apple-converted-space\">\u00a0 <\/span>Ils sont parfaitement stable et soigneusement pr\u00e9par\u00e9s pour \u00e9viter les probl\u00e8mes de microfissuration et d\u2019ass\u00e8chement trop rapide.<\/p>\n<p>La chaux hydraulique naturelle, utilis\u00e9e comme liant, est conforme \u00e0 la norme europ\u00e9enne EN 459-1.<span class=\"Apple-converted-space\">\u00a0 <\/span>Les mortiers Unilit B-Fluid 0, 1, 2 et 4 sont conforme \u00e0 la norme europ\u00e9enne UNI EN 998-1.<\/p>\n<p><b>Domaine d\u2019Utilisation<\/b><\/p>\n<p>Unilit B-Fluid 0, 1, 2 et 4, \u00e0 granulom\u00e9trie diff\u00e9rente, sont utilis\u00e9s comme mortier d\u2019injection pour remplir, sous l\u2019influence de la pesanteur et\/ou une certaine pression, les espaces vides, crevasses, fissures, etc. dans la structure afin de consolider celle-ci et de la renforcer.<span class=\"Apple-converted-space\">\u00a0 <\/span>Le choix du mortier d\u2019injection est en fonction des espaces \u00e0 injecter.<span class=\"Apple-converted-space\">\u00a0 <\/span>Unilit B-Fluid 4, par exemple, s\u2019utilisera plus pour le remplissage de grandes cavit\u00e9s dans un support compos\u00e9, tandis que Unilit B-Fluid 1 sera plut\u00f4t valable pour des fissures plus fines et des creux.<span class=\"Apple-converted-space\">\u00a0 <\/span>Des injections successives avec des mortiers de plus en plus fins, peuvent aider \u00e0 obtenir le r\u00e9sultat final souhait\u00e9.<span class=\"Apple-converted-space\">\u00a0 <\/span>Dans le cas de grandes fissures, une possibilit\u00e9 est de les renforcer \u00e0 l\u2019aide de tiges inoxidables ou en fibre de verre.<span class=\"Apple-converted-space\">\u00a0 <\/span>La tige (\u00f820 mm) est plac\u00e9e dans le trou de forage (\u00f840 \u00e0 50 mm) et ancr\u00e9e avec Unilit B-Fluid 2.<\/p>\n<p>Unilit B-Fluid 2 peut \u00e9galement \u00eatre utilis\u00e9 comme couche de finition dans des cas particuliers, o\u00f9 il existe un risque important de stagnation d\u2019eau et d\u2019usure rapide (sols, d\u00e9tails de toiture difficiles, r\u00e9parations de pierre, joints,&#8230;).<\/p>\n<p><b>Application<\/b><\/p>\n<p>Une s\u00e9rie de points d\u2019injection est pr\u00e9vue dans la zone \u00e0 traiter.<span class=\"Apple-converted-space\">\u00a0 <\/span>La distance interm\u00e9diaire entre chaque point est au maximum 10 cm, qui sont plac\u00e9s en intermittence, afin que les points ne soient trop pr\u00e8s l\u2019un de l\u2019autre en hauteur. Les ouvertures seront nettoy\u00e9es \u00e0 l\u2019eau et humidifi\u00e9es pr\u00e9alablement \u00e0 l\u2019injection du mortier.<\/p>\n<p>Le m\u00e9lange avec de l\u2019eau propre s\u2019effectue \u00e0 l\u2019aide d\u2019un malaxeur \u00e9lectrique \u00e0 faible vitesse de rotation pendant environ 5 \u00e0 8 minutes afin d\u2019obtenir une p\u00e2te liquide cr\u00e9meuse et homog\u00e8ne.<span class=\"Apple-converted-space\">\u00a0 <\/span>Le mortier reste utilisable pendant 2 heures.<\/p>\n<p>Le mortier est inject\u00e9 \u00e0 l\u2019aide d\u2019une pompe ayant une pression de 1 \u00e0 2 bar.<span class=\"Apple-converted-space\">\u00a0 <\/span>La pression exacte sera toutefois \u00e9tablie en fonction de la port\u00e9e du support et s\u2019ajustera pendant l\u2019injection le cas \u00e9ch\u00e9ant.<span class=\"Apple-converted-space\">\u00a0 <\/span>L\u2019injection se fera du haut vers le bas ou par gravit\u00e9 avec un entonnoir mont\u00e9 sur un tuyau d\u2019arrosage et s\u2019arr\u00eatera une fois que le produit ressortira des ouvertures situ\u00e9es plus bas.<\/p>\n<p>Un temps de s\u00e9chage de 1 \u00e0 2 jours est de vigueur.<\/p>\n<p>Le mortier ne peut pas \u00eatre appliqu\u00e9 \u00e0 des temp\u00e9ratures inf\u00e9rieures \u00e0 +5\u00b0C.<span class=\"Apple-converted-space\">\u00a0 <\/span>Ne jamais appliquer sur un support gel\u00e9, ni par temps de brouillard dense. En \u00e9t\u00e9 et par temps sec, prendre toutes les pr\u00e9cautions n\u00e9cessaires pour \u00e9viter un ass\u00e8chement trop rapide du mortier.<span class=\"Apple-converted-space\">\u00a0 <\/span>Le mortier doit \u00eatre prot\u00e9g\u00e9 du gel et du soleil intense pendant 48 \u00e0 72 heures apr\u00e8s l\u2019application.<\/p>\n<p><a href=\"https:\/\/arteconstructo.com\/wp-content\/uploads\/2018\/12\/UNILIT-BFluid-0-1-2-4-fiche-tech-1.pdf\">T\u00e9l\u00e9chargez la version PDF<\/a><\/p>\n<p>[\/vc_column_text][\/vc_column][\/vc_row]<\/p>\n<\/div>","protected":false},"excerpt":{"rendered":"<p>[vc_row][vc_column][vc_column_text] UNILIT B-FLUID 0-1-2-4 MORTIER D\u2019INJECTION OU MORTIER DE FINITION SP\u00c9CIAL Cahier de charges : injections, finitions, joints Description Unilit B-Fluid 0, 1, 2 et 4 sont des mortiers min\u00e9raux d\u2019injection traditionnels pr\u00eat-\u00e0-l\u2019emploi, compos\u00e9 de chaux hydraulique naturelle comme liant, et d\u2019aggr\u00e9gats appropri\u00e9s selon une courbe granulom\u00e9trique s\u00e9lectionn\u00e9e. Unilit B-Fluid 0, 1, 2 et 4&hellip;<\/p>\n","protected":false},"author":8,"featured_media":0,"parent":0,"menu_order":0,"comment_status":"closed","ping_status":"closed","template":"","meta":{"footnotes":""},"class_list":["post-16823","page","type-page","status-publish","hentry","description-off"],"_links":{"self":[{"href":"https:\/\/arteconstructo.com\/fr\/wp-json\/wp\/v2\/pages\/16823","targetHints":{"allow":["GET"]}}],"collection":[{"href":"https:\/\/arteconstructo.com\/fr\/wp-json\/wp\/v2\/pages"}],"about":[{"href":"https:\/\/arteconstructo.com\/fr\/wp-json\/wp\/v2\/types\/page"}],"author":[{"embeddable":true,"href":"https:\/\/arteconstructo.com\/fr\/wp-json\/wp\/v2\/users\/8"}],"replies":[{"embeddable":true,"href":"https:\/\/arteconstructo.com\/fr\/wp-json\/wp\/v2\/comments?post=16823"}],"version-history":[{"count":0,"href":"https:\/\/arteconstructo.com\/fr\/wp-json\/wp\/v2\/pages\/16823\/revisions"}],"wp:attachment":[{"href":"https:\/\/arteconstructo.com\/fr\/wp-json\/wp\/v2\/media?parent=16823"}],"curies":[{"name":"wp","href":"https:\/\/api.w.org\/{rel}","templated":true}]}}