{"id":16822,"date":"2018-07-20T10:27:54","date_gmt":"2018-07-20T09:27:54","guid":{"rendered":"https:\/\/arteconstructo.com\/fiches-techiques\/unilit\/unilit-1320-td-13-20-mortier-de-maconnerie\/"},"modified":"2020-05-25T09:40:08","modified_gmt":"2020-05-25T08:40:08","slug":"unilit-1320-td-13-20-mortier-de-maconnerie","status":"publish","type":"page","link":"https:\/\/arteconstructo.com\/fr\/unilit-1320-td-13-20-mortier-de-maconnerie\/","title":{"rendered":"UNILIT 1320 (TD 13\/20) MORTIER DE MACONNERIE"},"content":{"rendered":"<div class=\"wpb-content-wrapper\"><p>[vc_row][vc_column][vc_column_text]<\/p>\n<p><b>UNILIT 1320 (TD 13\/20) MORTIER DE MACONNERIE<\/b><\/p>\n<p>Cahier de charges : ma\u00e7onner<\/p>\n<p><b>Description<\/b><\/p>\n<p>Unilit 1320 est un mortier min\u00e9ral traditionnel de ma\u00e7onnerie pr\u00eat-\u00e0-l\u2019emploi, compos\u00e9 de chaux hydraulique naturelle pure comme liant, et de l\u00e9gers aggr\u00e9gats appropri\u00e9s selon une courbe granulom\u00e9trique s\u00e9lectionn\u00e9e.<\/p>\n<p>Unilit 1320 est caract\u00e9ris\u00e9 par une adh\u00e9sion lente, mais assur\u00e9e, une plasticit\u00e9 \u00e9lev\u00e9e, une faible teneur en sels solubles et une excellente perm\u00e9abilit\u00e9 \u00e0 la vapeur d\u2019eau. Le mortier \u00e0 la chaux hydraulique est parfaitement stable et soigneusement pr\u00e9par\u00e9 pour \u00e9viter les probl\u00e8mes de microfissuration et d\u2019ass\u00e8chement trop rapide.<\/p>\n<p>Le liant, utilis\u00e9 pour la pr\u00e9paration du mortier, est conforme \u00e0 la norme europ\u00e9enne EN 459-1.<span class=\"Apple-converted-space\">\u00a0 <\/span>Le mortier Unilit 1320 est conforme \u00e0 la norme europ\u00e9enne UNI EN 998-2.<\/p>\n<p><b>Domaine d\u2019Utilisation<\/b><\/p>\n<p>Unilit 1320 est particuli\u00e8rement applicable pour la ma\u00e7onnerie d\u2019\u00e9l\u00e9ments fort poreux, comme des bloques isolants, des pierres silicate, b\u00e9ton cellulaire, etc.<\/p>\n<p>Gr\u00e2ce \u00e0 la porosit\u00e9 naturelle de la chaux, et sa faible contenance en sels solubles, Unilit 1320 est capable d\u2019entretenir la r\u00e9gulation hygrom\u00e9trique du support, excluant ainsi presque tous les probl\u00e8mes connus relatant aux dommages de gel et de cristallisation de sels, \u00e0 condition que la quantit\u00e9 d\u2019humidit\u00e9 et de sels du support ne soient trop \u00e9lev\u00e9es et que celui-ci soit en bon \u00e9tat.<\/p>\n<p><b>Application<\/b><\/p>\n<p>Toutes les surfaces doivent \u00eatre propres, exemptes de graisse, poussi\u00e8re, huiles de d\u00e9coffrage, etc.<span class=\"Apple-converted-space\">\u00a0 <\/span>Humidifier l\u00e9g\u00e8rement le support avant l\u2019application.<span class=\"Apple-converted-space\">\u00a0 <\/span>Eviter une saturation en eau du support au moment de l\u2019application, afin de ne pas compromettre la bonne adh\u00e9rence m\u00e9canique et la qualit\u00e9 du mortier.<\/p>\n<p>Le mortier est m\u00e9lang\u00e9 \u00e0 environ 4 \u00e0 5 l d\u2019eau propre pour un sac de mortier \u00e0 la chaux hydraulique naturelle pr\u00eat-\u00e0-l\u2019emploi de 30 kg.<span class=\"Apple-converted-space\">\u00a0 <\/span>Le m\u00e9lange<span class=\"Apple-converted-space\">\u00a0 <\/span>s\u2019effectue \u00e0 l\u2019aide d\u2019un malaxeur \u00e9lectrique \u00e0 faible vitesse de rotation pendant environ 3 \u00e0 5 minutes afin d\u2019obtenir une p\u00e2te cr\u00e9meuse et homog\u00e8ne.<span class=\"Apple-converted-space\">\u00a0 <\/span>Le mortier reste utilisable pendant 2 heures.<\/p>\n<p>La ma\u00e7onnerie est remplie enti\u00e8rement respectant une \u00e9paisseur moyenne de joint de 8 \u00e0 10 mm.<span class=\"Apple-converted-space\">\u00a0 <\/span>Apr\u00e8s le placement des pierres de ma\u00e7onnerie, le mortier sera appliqu\u00e9 et bien press\u00e9 dans le joint \u00e0 l\u2019aide d\u2019une dague de ma\u00e7on et sera ensuite jointoy\u00e9s \u00e0 plat.<span class=\"Apple-converted-space\">\u00a0 <\/span>A la fin des travaux la ma\u00e7onnerie sera nettoy\u00e9e de tout reste de mortier \u00e0 l\u2019aide d\u2019une brosse tendre.<\/p>\n<p>Un temps de s\u00e9chage de 1 \u00e0 2 jours est de vigueur.<\/p>\n<p>Le mortier ne peut pas \u00eatre appliqu\u00e9 \u00e0 des temp\u00e9ratures inf\u00e9rieures \u00e0 +5\u00b0C.<span class=\"Apple-converted-space\">\u00a0 <\/span>Ne jamais appliquer sur un support gel\u00e9, ni par temps de brouillard dense. En \u00e9t\u00e9 et par temps sec, prendre toutes les pr\u00e9cautions n\u00e9cessaires pour \u00e9viter un ass\u00e8chement trop rapide du mortier.<span class=\"Apple-converted-space\">\u00a0 <\/span>Le mortier doit \u00eatre prot\u00e9g\u00e9 du gel et du soleil intense pendant 48 \u00e0 72 heures apr\u00e8s l\u2019application.<\/p>\n<p><a href=\"https:\/\/arteconstructo.com\/wp-content\/uploads\/2020\/05\/UNILIT-1320-fiche-tech.pdf\">T\u00e9l\u00e9chargez la version PDF<\/a><\/p>\n<p>[\/vc_column_text][\/vc_column][\/vc_row]<\/p>\n<\/div>","protected":false},"excerpt":{"rendered":"<p>[vc_row][vc_column][vc_column_text] UNILIT 1320 (TD 13\/20) MORTIER DE MACONNERIE Cahier de charges : ma\u00e7onner Description Unilit 1320 est un mortier min\u00e9ral traditionnel de ma\u00e7onnerie pr\u00eat-\u00e0-l\u2019emploi, compos\u00e9 de chaux hydraulique naturelle pure comme liant, et de l\u00e9gers aggr\u00e9gats appropri\u00e9s selon une courbe granulom\u00e9trique s\u00e9lectionn\u00e9e. Unilit 1320 est caract\u00e9ris\u00e9 par une adh\u00e9sion lente, mais assur\u00e9e, une plasticit\u00e9 \u00e9lev\u00e9e,&hellip;<\/p>\n","protected":false},"author":8,"featured_media":0,"parent":0,"menu_order":0,"comment_status":"closed","ping_status":"closed","template":"","meta":{"footnotes":""},"class_list":["post-16822","page","type-page","status-publish","hentry","description-off"],"_links":{"self":[{"href":"https:\/\/arteconstructo.com\/fr\/wp-json\/wp\/v2\/pages\/16822","targetHints":{"allow":["GET"]}}],"collection":[{"href":"https:\/\/arteconstructo.com\/fr\/wp-json\/wp\/v2\/pages"}],"about":[{"href":"https:\/\/arteconstructo.com\/fr\/wp-json\/wp\/v2\/types\/page"}],"author":[{"embeddable":true,"href":"https:\/\/arteconstructo.com\/fr\/wp-json\/wp\/v2\/users\/8"}],"replies":[{"embeddable":true,"href":"https:\/\/arteconstructo.com\/fr\/wp-json\/wp\/v2\/comments?post=16822"}],"version-history":[{"count":0,"href":"https:\/\/arteconstructo.com\/fr\/wp-json\/wp\/v2\/pages\/16822\/revisions"}],"wp:attachment":[{"href":"https:\/\/arteconstructo.com\/fr\/wp-json\/wp\/v2\/media?parent=16822"}],"curies":[{"name":"wp","href":"https:\/\/api.w.org\/{rel}","templated":true}]}}