{"id":16821,"date":"2018-07-20T10:26:57","date_gmt":"2018-07-20T09:26:57","guid":{"rendered":"https:\/\/arteconstructo.com\/fiches-techiques\/unilit\/unilit-65-td13-siskal-mortier-de-reparation-de-ragreage-et-de-finition\/"},"modified":"2020-05-25T09:39:03","modified_gmt":"2020-05-25T08:39:03","slug":"unilit-65-td13-siskal-mortier-de-reparation-de-ragreage-et-de-finition","status":"publish","type":"page","link":"https:\/\/arteconstructo.com\/fr\/unilit-65-td13-siskal-mortier-de-reparation-de-ragreage-et-de-finition\/","title":{"rendered":"UNILIT 65 (TD13 SISKAL) MORTIER DE REPARATION, DE RAGREAGE ET DE FINITION"},"content":{"rendered":"<div class=\"wpb-content-wrapper\"><p>[vc_row][vc_column][vc_column_text]<\/p>\n<p><b>UNILIT 65 (TD13 SISKAL) MORTIER DE REPARATION, DE RAGREAGE ET DE FINITION<\/b><\/p>\n<p>Cahier des charges : sols, toitures, tadelakt, moulures, reconstitution de pierre, enduits<\/p>\n<p><b>Description<\/b><\/p>\n<p>Unilit 65 est un mortier sp\u00e9cial pr\u00eat-\u00e0-l\u2019emploi, compos\u00e9 de chaux hydraulique naturelle pure comme liant, et d\u2019aggr\u00e9gats appropri\u00e9s selon une courbe granulom\u00e9trique s\u00e9lectionn\u00e9e.<\/p>\n<p>Unilit 65 est caract\u00e9ris\u00e9 par une adh\u00e9sion lente, mais assur\u00e9e, une plasticit\u00e9 \u00e9lev\u00e9e, une faible teneur en sels solubles et une excellente perm\u00e9abilit\u00e9 \u00e0 la vapeur d\u2019eau. Le mortier \u00e0 la chaux hydraulique naturelle est parfaitement stable et soigneusement pr\u00e9par\u00e9 pour pouvoir \u00e9viter les probl\u00e8mes de microfissuration et d\u2019ass\u00e8chement trop rapide.<\/p>\n<p>Le liant, utilis\u00e9 pour la pr\u00e9paration du mortier, est conforme \u00e0 la norme europ\u00e9enne EN 459-1, NHL 5.<span class=\"Apple-converted-space\">\u00a0 <\/span>Le mortier Unilit 65 est conforme \u00e0 la norme europ\u00e9enne UNI EN 998-1.<\/p>\n<p><b>Domaine d\u2019Utilisation<\/b><\/p>\n<p>Unilit 65 peut \u00eatre appliqu\u00e9 sur divers sortes de support traditionnel, pour la restauration, la r\u00e9novation et la construction neuve.<\/p>\n<p>Unilit 65 peut, entre autres, \u00eatre utilis\u00e9 comme corps d\u2019enduit autant pour l\u2019int\u00e9rieur que pour l\u2019ext\u00e9rieur, sur divers supports (p.ex. ma\u00e7onneries traditionnelles en briques terre-cuites ou pierres naturelles, enduits existants, etc.) et peut servir de couche de ragr\u00e9age, \u00e0 l\u2019int\u00e9rieur ou \u00e0 l\u2019ext\u00e9rieur.<span class=\"Apple-converted-space\">\u00a0 <\/span>Unilit 65 peut aussi \u00eatre utilis\u00e9 pour la r\u00e9paration et le jointoiement de brique terre-cuite, de pierres naturelles ou pour la fixation et le jointoiement de fa\u00efences ou de carrelages.<\/p>\n<p>Gr\u00e2ce \u00e0 la porosit\u00e9 naturelle de la chaux, Unilit 65 est capable d\u2019entretenir l\u2019\u00e9quilibre hygrom\u00e9trique du support, excluant ainsi presque tous les probl\u00e8mes connus relatant aux dommages de gel et de cristallisation de sels, \u00e0 condition que la quantit\u00e9 d\u2019humidit\u00e9 et de sels du support ne soient trop \u00e9lev\u00e9es et que celui-ci soit en bon \u00e9tat.<\/p>\n<p><b>Application<\/b><\/p>\n<p>Toutes les surfaces doivent \u00eatre propres, exemptes de graisse, poussi\u00e8re, huiles de d\u00e9coffrage, etc.<span class=\"Apple-converted-space\">\u00a0 <\/span>Humidifier l\u00e9g\u00e8rement le support avant l\u2019application.<span class=\"Apple-converted-space\">\u00a0 <\/span>Eviter une saturation en eau du support au moment de l\u2019application, afin de ne pas compromettre la bonne adh\u00e9rence m\u00e9canique et la qualit\u00e9 du mortier.<\/p>\n<p>Le mortier est m\u00e9lang\u00e9 \u00e0 environ 5 \u00e0 6 l d\u2019eau propre pour un sac de mortier \u00e0 la chaux hydraulique naturelle pr\u00eat-\u00e0-l\u2019emploi de 30 kg (4-5 l dans le cas de 25 kg).<span class=\"Apple-converted-space\">\u00a0 <\/span>Le m\u00e9lange<span class=\"Apple-converted-space\">\u00a0 <\/span>s\u2019effectue \u00e0 l\u2019aide d\u2019un malaxeur \u00e9lectrique \u00e0 faible vitesse de rotation pendant environ 3 \u00e0 4 minutes afin d\u2019obtenir une p\u00e2te homog\u00e8ne et cr\u00e9meuse.<span class=\"Apple-converted-space\">\u00a0 <\/span>Le mortier reste utilisable pendant 3 heures.<\/p>\n<p>En fonction de l\u2019application, le mortier est appliqu\u00e9 soit \u00e0 la main, soit m\u00e9caniquement, jusqu\u2019\u00e0 l\u2019\u00e9paisseur voulue.<span class=\"Apple-converted-space\">\u00a0 <\/span>Le mortier est appliqu\u00e9 en une \u00e9paisseur moyenne de 10 \u00e0 20 mm par couche dans le cas de l\u2019Unilit 65N, de 5 \u00e0 8 mm par couche pour l\u2019Unilit 65M et de 1 \u00e0 4 mm par couche pour l\u2019Unilit 65F.<span class=\"Apple-converted-space\">\u00a0 <\/span>Si une \u00e9paisseur plus importante est souhait\u00e9e, le corps d\u2019enduit se fera en plusieurs passes.<span class=\"Apple-converted-space\">\u00a0 <\/span>Une p\u00e9riode de s\u00e9chage d\u2019au moins 1 semaine est indispensable. Un badigeon \u00e0 la chaux ou une peinture silicate peut \u00eatre appliqu\u00e9e, si l\u2019on d\u00e9sire une finition peinte.<\/p>\n<p>Le mortier ne peut pas \u00eatre appliqu\u00e9 \u00e0 des temp\u00e9ratures inf\u00e9rieures \u00e0 +5\u00b0C.<span class=\"Apple-converted-space\">\u00a0 <\/span>Ne jamais appliquer sur un support gel\u00e9, ni par temps de brouillard dense. En \u00e9t\u00e9 et par temps sec, prendre toutes les pr\u00e9cautions n\u00e9cessaires pour \u00e9viter un ass\u00e8chement trop rapide du mortier.<span class=\"Apple-converted-space\">\u00a0 <\/span>Le mortier doit \u00eatre prot\u00e9g\u00e9 du gel et du soleil intense pendant 48 \u00e0 72 heures apr\u00e8s l\u2019application.<\/p>\n<p><a href=\"https:\/\/arteconstructo.com\/wp-content\/uploads\/2020\/05\/UNILIT-65-fiche-tech.pdf\">T\u00e9l\u00e9chargez la version PDF<\/a><\/p>\n<p>[\/vc_column_text][\/vc_column][\/vc_row]<\/p>\n<\/div>","protected":false},"excerpt":{"rendered":"<p>[vc_row][vc_column][vc_column_text] UNILIT 65 (TD13 SISKAL) MORTIER DE REPARATION, DE RAGREAGE ET DE FINITION Cahier des charges : sols, toitures, tadelakt, moulures, reconstitution de pierre, enduits Description Unilit 65 est un mortier sp\u00e9cial pr\u00eat-\u00e0-l\u2019emploi, compos\u00e9 de chaux hydraulique naturelle pure comme liant, et d\u2019aggr\u00e9gats appropri\u00e9s selon une courbe granulom\u00e9trique s\u00e9lectionn\u00e9e. Unilit 65 est caract\u00e9ris\u00e9 par une&hellip;<\/p>\n","protected":false},"author":8,"featured_media":0,"parent":0,"menu_order":0,"comment_status":"closed","ping_status":"closed","template":"","meta":{"footnotes":""},"class_list":["post-16821","page","type-page","status-publish","hentry","description-off"],"_links":{"self":[{"href":"https:\/\/arteconstructo.com\/fr\/wp-json\/wp\/v2\/pages\/16821","targetHints":{"allow":["GET"]}}],"collection":[{"href":"https:\/\/arteconstructo.com\/fr\/wp-json\/wp\/v2\/pages"}],"about":[{"href":"https:\/\/arteconstructo.com\/fr\/wp-json\/wp\/v2\/types\/page"}],"author":[{"embeddable":true,"href":"https:\/\/arteconstructo.com\/fr\/wp-json\/wp\/v2\/users\/8"}],"replies":[{"embeddable":true,"href":"https:\/\/arteconstructo.com\/fr\/wp-json\/wp\/v2\/comments?post=16821"}],"version-history":[{"count":0,"href":"https:\/\/arteconstructo.com\/fr\/wp-json\/wp\/v2\/pages\/16821\/revisions"}],"wp:attachment":[{"href":"https:\/\/arteconstructo.com\/fr\/wp-json\/wp\/v2\/media?parent=16821"}],"curies":[{"name":"wp","href":"https:\/\/api.w.org\/{rel}","templated":true}]}}