{"id":16820,"date":"2018-07-20T10:25:47","date_gmt":"2018-07-20T09:25:47","guid":{"rendered":"https:\/\/arteconstructo.com\/fiches-techiques\/unilit\/unilit-45-td13-fn-enduit-de-finition\/"},"modified":"2020-05-25T09:38:02","modified_gmt":"2020-05-25T08:38:02","slug":"unilit-45-td13-fn-enduit-de-finition","status":"publish","type":"page","link":"https:\/\/arteconstructo.com\/fr\/unilit-45-td13-fn-enduit-de-finition\/","title":{"rendered":"UNILIT 45 (TD13 FN) ENDUIT DE FINITION"},"content":{"rendered":"<div class=\"wpb-content-wrapper\"><p>[vc_row][vc_column][vc_column_text]<\/p>\n<p><b>UNILIT 45 (TD13 FN) ENDUIT DE FINITION<\/b><\/p>\n<p>Cahier des charges : enduit int\u00e9rieur, enduit ext\u00e9rieur, ma\u00e7onner et rejointoyer<\/p>\n<p><b>Description<\/b><\/p>\n<p>Unilit 45 est un mortier min\u00e9ral traditionnel pr\u00eat-\u00e0-l\u2019emploi, compos\u00e9 de chaux hydraulique naturelle pure comme liant, et d\u2019aggr\u00e9gats appropri\u00e9s selon une courbe granulom\u00e9trique s\u00e9lectionn\u00e9e.<\/p>\n<p>Unilit 45 est caract\u00e9ris\u00e9 par une adh\u00e9sion lente, mais assur\u00e9e, une plasticit\u00e9 \u00e9lev\u00e9e, une faible teneur en sels solubles et une excellente perm\u00e9abilit\u00e9 \u00e0 la vapeur d\u2019eau. Le mortier \u00e0 la chaux hydraulique est parfaitement stable et soigneusement pr\u00e9par\u00e9 pour \u00e9viter les probl\u00e8mes de microfissuration et d\u2019ass\u00e8chement trop rapide.<\/p>\n<p>Le liant, utilis\u00e9 pour la pr\u00e9paration du mortier, est conforme \u00e0 la norme europ\u00e9enne EN 459-1, NHL 5.<span class=\"Apple-converted-space\">\u00a0 <\/span>Le mortier Unilit 45 est conforme \u00e0 la norme europ\u00e9enne UNI EN 998-1.<\/p>\n<p><b>Domaine d\u2019Utilisation<\/b><\/p>\n<p>Unilit 45 est un mortier de chaux hydraulique naturelle traditionnel tout comme les mortiers utilis\u00e9s durant des si\u00e8cles dans notre patrimoine architectural.<span class=\"Apple-converted-space\">\u00a0 <\/span>Le mortier est donc particuli\u00e8rement adapt\u00e9 pour \u00eatre appliqu\u00e9 sur des supports traditionnels, autant en restauration, en r\u00e9novation qu\u2019en construction neuve.<span class=\"Apple-converted-space\">\u00a0 <\/span>Unilit 45 peut \u00eatre utilis\u00e9 comme finition d\u2019un enduit int\u00e9rieur et ext\u00e9rieur, ou comme mortier de pose en ma\u00e7onnerie et jointoiement pour de la ma\u00e7onnerie traditionnelle (\u00e9paisseur des joints jusqu\u2019\u00e0 5 mm).<\/p>\n<p>Gr\u00e2ce \u00e0 sa structure poreuse et \u00e0 la faible pr\u00e9sence de sels solubles,<\/p>\n<p>Unilit 45<span class=\"Apple-converted-space\">\u00a0 <\/span>est capable d\u2019entretenir la r\u00e9gulation hygrom\u00e9trique de sa structure, excluant ainsi presque tous les probl\u00e8mes connus relatant aux dommages suite au gel et \u00e0 la cristallisation de sels, \u00e0 condition que le taux d\u2019humidit\u00e9 et la quantit\u00e9 de sels de la couche du corps d\u2019enduit ne soient trop \u00e9lev\u00e9es et que le support soit en bon \u00e9tat.<\/p>\n<p><b>Application<\/b><\/p>\n<p>Toutes les surfaces doivent \u00eatre propres, exemptes de graisse, poussi\u00e8re, huiles de d\u00e9coffrage, etc.<span class=\"Apple-converted-space\">\u00a0 <\/span>Humidifier l\u00e9g\u00e8rement le support avant l\u2019application.<span class=\"Apple-converted-space\">\u00a0 <\/span>Eviter une saturation en eau du support au moment de l\u2019application, afin de ne pas compromettre la bonne adh\u00e9rence m\u00e9canique et la qualit\u00e9 du mortier.<\/p>\n<p>Le mortier est m\u00e9lang\u00e9 \u00e0 environ 4 l d\u2019eau propre pour un sac de mortier \u00e0 la chaux hydraulique naturelle pr\u00eat-\u00e0-l\u2019emploi de 25 kg.<span class=\"Apple-converted-space\">\u00a0 <\/span>Le m\u00e9lange<span class=\"Apple-converted-space\">\u00a0 <\/span>s\u2019effectue \u00e0 l\u2019aide d\u2019un malaxeur \u00e9lectrique \u00e0 faible vitesse de rotation pendant environ 3 \u00e0 4 minutes afin d\u2019obtenir une p\u00e2te cr\u00e9meuse et homog\u00e8ne.<span class=\"Apple-converted-space\">\u00a0 <\/span>Le mortier reste utilisable pendant 2 heures.<\/p>\n<p>Le mortier est appliqu\u00e9 en deux couches, frais sur frais, sur une \u00e9paisseur totale de 4 \u00e0 5 mm.<span class=\"Apple-converted-space\">\u00a0 <\/span>Le mortier est ensuite, d\u2019apr\u00e8s l\u2019effet voulu, \u00e9pong\u00e9, frott\u00e9, liss\u00e9, poli, etc&#8230;, \u00e0 l\u2019aide d\u2019une taloche.<span class=\"Apple-converted-space\">\u00a0 <\/span>Pour des travaux de joints fins le mortier sera appliqu\u00e9 et bien press\u00e9 dans le joint \u00e0 l\u2019aide d\u2019une fine dague de ma\u00e7on.<span class=\"Apple-converted-space\">\u00a0 <\/span>A la fin des travaux la ma\u00e7onnerie sera nettoy\u00e9e de tout reste de mortier \u00e0 l\u2019aide d\u2019une brosse tendre.<\/p>\n<p>L\u2019enduit de finition Unilit 45 ne peut \u00eatre en contact direct avec le sol.<span class=\"Apple-converted-space\">\u00a0 <\/span>Un temps de s\u00e9chage de 1 \u00e0 2 jours est de vigueur.<\/p>\n<p>Comme couche de finition peinte on aura le choix entre un syst\u00e8me de peinture min\u00e9rale, comme une peinture \u00e0 la chaux naturelle pure, ou une peinture silicate.<\/p>\n<p>Le mortier ne peut pas \u00eatre appliqu\u00e9 \u00e0 des temp\u00e9ratures inf\u00e9rieures \u00e0 +5\u00b0C.<span class=\"Apple-converted-space\">\u00a0 <\/span>Ne jamais appliquer sur un support gel\u00e9, ni par temps de brouillard dense. En \u00e9t\u00e9 et par temps sec, prendre toutes les pr\u00e9cautions n\u00e9cessaires pour \u00e9viter un ass\u00e8chement trop rapide du mortier.<span class=\"Apple-converted-space\">\u00a0 <\/span>Le mortier doit \u00eatre prot\u00e9g\u00e9 du gel et du soleil intense pendant 48 \u00e0 72 heures apr\u00e8s l\u2019application.<\/p>\n<p><a href=\"https:\/\/arteconstructo.com\/wp-content\/uploads\/2020\/05\/UNILIT-45-fiche-tech.pdf\">T\u00e9l\u00e9chargez la version PDF<\/a><\/p>\n<p>[\/vc_column_text][\/vc_column][\/vc_row]<\/p>\n<\/div>","protected":false},"excerpt":{"rendered":"<p>[vc_row][vc_column][vc_column_text] UNILIT 45 (TD13 FN) ENDUIT DE FINITION Cahier des charges : enduit int\u00e9rieur, enduit ext\u00e9rieur, ma\u00e7onner et rejointoyer Description Unilit 45 est un mortier min\u00e9ral traditionnel pr\u00eat-\u00e0-l\u2019emploi, compos\u00e9 de chaux hydraulique naturelle pure comme liant, et d\u2019aggr\u00e9gats appropri\u00e9s selon une courbe granulom\u00e9trique s\u00e9lectionn\u00e9e. Unilit 45 est caract\u00e9ris\u00e9 par une adh\u00e9sion lente, mais assur\u00e9e, une&hellip;<\/p>\n","protected":false},"author":8,"featured_media":0,"parent":0,"menu_order":0,"comment_status":"closed","ping_status":"closed","template":"","meta":{"footnotes":""},"class_list":["post-16820","page","type-page","status-publish","hentry","description-off"],"_links":{"self":[{"href":"https:\/\/arteconstructo.com\/fr\/wp-json\/wp\/v2\/pages\/16820","targetHints":{"allow":["GET"]}}],"collection":[{"href":"https:\/\/arteconstructo.com\/fr\/wp-json\/wp\/v2\/pages"}],"about":[{"href":"https:\/\/arteconstructo.com\/fr\/wp-json\/wp\/v2\/types\/page"}],"author":[{"embeddable":true,"href":"https:\/\/arteconstructo.com\/fr\/wp-json\/wp\/v2\/users\/8"}],"replies":[{"embeddable":true,"href":"https:\/\/arteconstructo.com\/fr\/wp-json\/wp\/v2\/comments?post=16820"}],"version-history":[{"count":0,"href":"https:\/\/arteconstructo.com\/fr\/wp-json\/wp\/v2\/pages\/16820\/revisions"}],"wp:attachment":[{"href":"https:\/\/arteconstructo.com\/fr\/wp-json\/wp\/v2\/media?parent=16820"}],"curies":[{"name":"wp","href":"https:\/\/api.w.org\/{rel}","templated":true}]}}