{"id":16818,"date":"2018-07-20T10:11:27","date_gmt":"2018-07-20T09:11:27","guid":{"rendered":"https:\/\/arteconstructo.com\/fiches-techiques\/unilit\/unilit-35f-td13-brik-mortier-fin-de-jointoiement\/"},"modified":"2020-05-25T09:35:21","modified_gmt":"2020-05-25T08:35:21","slug":"unilit-35f-td13-brik-mortier-fin-de-jointoiement","status":"publish","type":"page","link":"https:\/\/arteconstructo.com\/fr\/unilit-35f-td13-brik-mortier-fin-de-jointoiement\/","title":{"rendered":"UNILIT 35F (TD13 BRIK) MORTIER FIN DE JOINTOIEMENT"},"content":{"rendered":"<div class=\"wpb-content-wrapper\"><p>[vc_row][vc_column][vc_column_text]<\/p>\n<p><b>UNILIT 35F (TD13 BRIK) MORTIER FIN DE JOINTOIEMENT<\/b><\/p>\n<p>Cahier des charges : ma\u00e7onner et rejointoyer<\/p>\n<p><b>Description<\/b><\/p>\n<p>Unilit 35F est un mortier min\u00e9ral de jointoiement pr\u00eat-\u00e0-l\u2019emploi de structure fine, compos\u00e9 de chaux hydraulique naturelle pure comme liant, et d\u2019aggr\u00e9gats appropri\u00e9s selon une courbe granulom\u00e9trique s\u00e9lectionn\u00e9e.<\/p>\n<p>Unilit 35F est caract\u00e9ris\u00e9 par une adh\u00e9sion lente, mais assur\u00e9e, une plasticit\u00e9 \u00e9lev\u00e9e, une faible teneur en sels solubles et une excellente perm\u00e9abilit\u00e9 \u00e0 la vapeur d\u2019eau. Le mortier \u00e0 la chaux hydraulique est parfaitement stable et soigneusement pr\u00e9par\u00e9 pour \u00e9viter les probl\u00e8mes de microfissuration et d\u2019ass\u00e8chement trop rapide.<\/p>\n<p>Le liant, utilis\u00e9 pour la pr\u00e9paration du mortier, est conforme \u00e0 la norme europ\u00e9enne EN 459-1, NHL 5.<span class=\"Apple-converted-space\">\u00a0 <\/span>Le mortier Unilit 35F est conforme \u00e0 la norme europ\u00e9enne UNI EN 998-1.<\/p>\n<p><b>Domaine d\u2019Utilisation<\/b><\/p>\n<p>Unilit 35F est un mortier de jointoiement traditionnel tout comme les mortiers longtemps utilis\u00e9s dans notre patrimoine architectural. Le mortier est donc particuli\u00e8rement adapt\u00e9 pour \u00eatre appliqu\u00e9 sur des supports traditionnels, autant en restauration, en r\u00e9novation qu\u2019en construction neuve.<\/p>\n<p>La composition sp\u00e9cifique de l\u2019Unilit 35F lui rend une certaine plasticit\u00e9, qui facilite la r\u00e9alisation des joints \u00e0 b\u00e2ton, coup\u00e9s ou en pointe de diamant.<\/p>\n<p>Gr\u00e2ce \u00e0 sa structure poreuse et \u00e0 sa faible pr\u00e9sence de sels solubles, Unilit 35F est capable d\u2019entretenir la r\u00e9gulation hydrom\u00e9trique de sa structure, excluant ainsi presque tous les probl\u00e8mes connus relatant aux dommages de gel et de cristallisation de sels, \u00e0 condition que le degr\u00e9 d\u2019humidit\u00e9 et la quantit\u00e9 de sels de la couche du corps d\u2019enduit ne soient pas trop \u00e9lev\u00e9es et que le support soit en bon \u00e9tat.<\/p>\n<p><b>Application<\/b><\/p>\n<p>Les joints \u00e0 la chaux pulv\u00e9ris\u00e9s ou d\u00e9tach\u00e9s, ainsi que tous les joints au ciment doivent \u00eatre enlev\u00e9s \u00e0 l\u2019aide d\u2019un burin, sans ab\u00eemer les briques et les pierres avoisinantes. Pour pr\u00e9parer la ma\u00e7onnerie, piquez les joints jusqu\u2019\u00e0 une profondeur d\u2019au moins 1.5 fois l\u2019\u00e9paisseur des joints.<span class=\"Apple-converted-space\">\u00a0 <\/span>Ensuite, faites en sorte que toutes les surfaces soient propres, exemptes de graisse, poussi\u00e8re, huiles de d\u00e9coffrage, etc.<span class=\"Apple-converted-space\">\u00a0 <\/span>Humidifiez l\u00e9g\u00e8rement le support avant l\u2019application.<span class=\"Apple-converted-space\">\u00a0 <\/span>Evitez une saturation en eau du support au moment de l\u2019application, afin de ne pas compromettre la bonne adh\u00e9rence m\u00e9canique et la qualit\u00e9du mortier.<\/p>\n<p>Le mortier est m\u00e9lang\u00e9 \u00e0 environ 7 l d\u2019eau propre pour un sac de mortier \u00e0 la chaux hydraulique naturelle de 30 kg. Le m\u00e9lange s\u2019effectue \u00e0 l\u2019aide d\u2019un malaxeur \u00e9lectrique \u00e0 faible vitesse de rotation pendant environ 3 \u00e0 4 minutes afin d\u2019obtenir une p\u00e2te cr\u00e9meuse et homog\u00e8ne. Le mortier reste utilisable pendant 2 heures.<\/p>\n<p>Le mortier est introduit dans le joint \u00e0 l\u2019aide d\u2019une dague et serr\u00e9 fermement dans le joint. Attendez environ 15 minutes avant de tirer ou de couper le joint. A la fin des travaux, enlevez les restes de mortier \u00e0 l\u2019aide d\u2019une brosse douce. Le temps de s\u00e9chage est de 1 \u00e0 2 jours.<\/p>\n<p>Le mortier ne peut pas \u00eatre appliqu\u00e9 \u00e0 des temp\u00e9ratures inf\u00e9rieures \u00e0 +5\u00b0C.<span class=\"Apple-converted-space\">\u00a0 <\/span>Ne jamais appliquer sur un support gel\u00e9, ni par temps de brouillard dense. En \u00e9t\u00e9 et par temps sec, prendre toutes les pr\u00e9cautions n\u00e9cessaires pour \u00e9viter un ass\u00e8chement trop rapide du mortier.<span class=\"Apple-converted-space\">\u00a0 <\/span>Le mortier doit \u00eatre prot\u00e9g\u00e9s du gel et du soleil intense pendant 48 \u00e0 72 heures apr\u00e8s l\u2019application.<\/p>\n<p><a href=\"https:\/\/arteconstructo.com\/wp-content\/uploads\/2020\/05\/UNILIT-35F-fiche-tech.pdf\">T\u00e9l\u00e9chargez la version PDF<\/a><\/p>\n<p>[\/vc_column_text][\/vc_column][\/vc_row]<\/p>\n<\/div>","protected":false},"excerpt":{"rendered":"<p>[vc_row][vc_column][vc_column_text] UNILIT 35F (TD13 BRIK) MORTIER FIN DE JOINTOIEMENT Cahier des charges : ma\u00e7onner et rejointoyer Description Unilit 35F est un mortier min\u00e9ral de jointoiement pr\u00eat-\u00e0-l\u2019emploi de structure fine, compos\u00e9 de chaux hydraulique naturelle pure comme liant, et d\u2019aggr\u00e9gats appropri\u00e9s selon une courbe granulom\u00e9trique s\u00e9lectionn\u00e9e. Unilit 35F est caract\u00e9ris\u00e9 par une adh\u00e9sion lente, mais assur\u00e9e,&hellip;<\/p>\n","protected":false},"author":8,"featured_media":0,"parent":0,"menu_order":0,"comment_status":"closed","ping_status":"closed","template":"","meta":{"footnotes":""},"class_list":["post-16818","page","type-page","status-publish","hentry","description-off"],"_links":{"self":[{"href":"https:\/\/arteconstructo.com\/fr\/wp-json\/wp\/v2\/pages\/16818","targetHints":{"allow":["GET"]}}],"collection":[{"href":"https:\/\/arteconstructo.com\/fr\/wp-json\/wp\/v2\/pages"}],"about":[{"href":"https:\/\/arteconstructo.com\/fr\/wp-json\/wp\/v2\/types\/page"}],"author":[{"embeddable":true,"href":"https:\/\/arteconstructo.com\/fr\/wp-json\/wp\/v2\/users\/8"}],"replies":[{"embeddable":true,"href":"https:\/\/arteconstructo.com\/fr\/wp-json\/wp\/v2\/comments?post=16818"}],"version-history":[{"count":0,"href":"https:\/\/arteconstructo.com\/fr\/wp-json\/wp\/v2\/pages\/16818\/revisions"}],"wp:attachment":[{"href":"https:\/\/arteconstructo.com\/fr\/wp-json\/wp\/v2\/media?parent=16818"}],"curies":[{"name":"wp","href":"https:\/\/api.w.org\/{rel}","templated":true}]}}