{"id":16816,"date":"2018-07-20T10:09:21","date_gmt":"2018-07-20T09:09:21","guid":{"rendered":"https:\/\/arteconstructo.com\/fiches-techiques\/unilit\/unilit-30-td13-s-mortier-dassainissement\/"},"modified":"2020-05-25T09:34:10","modified_gmt":"2020-05-25T08:34:10","slug":"unilit-30-td13-s-mortier-dassainissement","status":"publish","type":"page","link":"https:\/\/arteconstructo.com\/fr\/unilit-30-td13-s-mortier-dassainissement\/","title":{"rendered":"UNILIT 30 (TD13 S) MORTIER D\u2019ASSAINISSEMENT"},"content":{"rendered":"<div class=\"wpb-content-wrapper\"><p>[vc_row][vc_column][vc_column_text]<\/p>\n<p><b>UNILIT 30 (TD13 S) MORTIER D\u2019ASSAINISSEMENT<\/b><\/p>\n<p>Cahier des charges : enduit int\u00e9rieur, enduit ext\u00e9rieur, ma\u00e7onner et jointoyer, tadelakt<\/p>\n<p><b>Description<\/b><\/p>\n<p>Unilit 30 est un mortier min\u00e9ral d\u2019assainissement pr\u00eat-\u00e0-l\u2019emploi, compos\u00e9 de chaux hydraulique naturelle pure comme liant, et d\u2019aggr\u00e9gats appropri\u00e9s selon une courbe granulom\u00e9trique s\u00e9lectionn\u00e9e.<\/p>\n<p>Unilit 30<span class=\"Apple-converted-space\">\u00a0 <\/span>est caract\u00e9ris\u00e9 par une adh\u00e9sion lente, mais assur\u00e9e, une plasticit\u00e9 \u00e9lev\u00e9e, une faible teneur en sels solubles et une excellente perm\u00e9abilit\u00e9 \u00e0 la vapeur d\u2019eau. Le mortier \u00e0 la chaux hydraulique est parfaitement stable et soigneusement pr\u00e9par\u00e9 pour \u00e9viter les probl\u00e8mes de microfissuration et d\u2019ass\u00e8chement trop rapide.<\/p>\n<p>Unilit 30 est parfaitement \u00e9tanche et r\u00e9siste ainsi \u00e0 tout probl\u00e8me d\u2019humidit\u00e9 capillaire.<span class=\"Apple-converted-space\">\u00a0 <\/span>La composition naturelle des pores de la chaux hydraulique naturelle assure \u00e0 Unilit 30 une bonne r\u00e9sistance \u00e0 une charge extr\u00eame de sels.<\/p>\n<p>Le liant, utilis\u00e9 pour la pr\u00e9paration du mortier, est conforme \u00e0 la norme europ\u00e9enne EN 459-1, NHL 5.<span class=\"Apple-converted-space\">\u00a0 <\/span>Le mortier Unilit 30 est conforme \u00e0 la norme europ\u00e9enne UNI EN 998-1.<\/p>\n<p><b>Domaine d\u2019Utilisation<\/b><\/p>\n<p>Unilit 30 peut servir comme mortier d\u2019assainissement aux endroits expos\u00e9s \u00e0 l\u2019eau et aux sels solubles.<span class=\"Apple-converted-space\">\u00a0 <\/span>Les propri\u00e9t\u00e9s physiques de l\u2019Unilit 30 sont telles qu\u2019elles emp\u00eachent une migration directe de l\u2019eau \u00e0 travers la couche, en permettant toutefois l\u2019\u00e9vaporation de l\u2019humidit\u00e9 capillaire.<span class=\"Apple-converted-space\">\u00a0 <\/span>Cette interruption de la migration d\u2019eau est \u00e9galement valable pour les sels solubles, qui se d\u00e9poseront ensuite dans la couche d\u2019assainissement.<\/p>\n<p>Unilit 30 est utilis\u00e9 pour l\u2019assainissement de caves humides, comme plinthe ou jointoiement de plinthe &#8211; et ceci autant \u00e0 l\u2019int\u00e9rieur qu\u2019\u00e0 l\u2019ext\u00e9rieur &#8211; en \u00e9liminant toute remont\u00e9e capillaire, ou comme protection du support dans des espaces humides, tels que douches, saunas et hammams.<span class=\"Apple-converted-space\">\u00a0 <\/span>Dans ces derniers cas Unilit 30 servira de couche de fond pour un enduit tadelakt.<\/p>\n<p>Unilit 30 est \u00e9galement appliqu\u00e9 pour l\u2019assainissement de supports fortement expos\u00e9s aux sels.<\/p>\n<p><b>Application<\/b><\/p>\n<p>Toutes les surfaces doivent \u00eatre propres, exemptes de graisse, poussi\u00e8re, huiles de d\u00e9coffrage, etc.<span class=\"Apple-converted-space\">\u00a0 <\/span>Humidifier l\u00e9g\u00e8rement le support avant l\u2019application.<span class=\"Apple-converted-space\">\u00a0 <\/span>Eviter une saturation en eau du support au moment de l\u2019application, afin de ne pas compromettre la bonne adh\u00e9rence m\u00e9canique et la qualit\u00e9 du mortier.<\/p>\n<p>Le mortier est m\u00e9lang\u00e9 \u00e0 environ 5 \u00e0 6 l d\u2019eau propre pour un sac de mortier \u00e0 la chaux hydraulique naturelle pr\u00eat-\u00e0-l\u2019emploi de 30 kg.<span class=\"Apple-converted-space\">\u00a0 <\/span>Le m\u00e9lange<span class=\"Apple-converted-space\">\u00a0 <\/span>s\u2019effectue \u00e0 l\u2019aide d\u2019un malaxeur \u00e9lectrique \u00e0 faible vitesse de rotation pendant environ 4 \u00e0 5 minutes afin d\u2019obtenir une p\u00e2te cr\u00e9meuse et homog\u00e8ne.<span class=\"Apple-converted-space\">\u00a0 <\/span>Le mortier reste utilisable pendant 2 heures.<\/p>\n<p>Le mortier est appliqu\u00e9 \u00e0 la main ou m\u00e9caniquement sur une \u00e9paisseur de 15 \u00e0 20 mm.<span class=\"Apple-converted-space\">\u00a0 <\/span>Un temps de s\u00e9chage de 3 \u00e0 4 jours est de vigueur.<\/p>\n<p>Si toutefois on voudrait appliquer une finition sur le mortier, il faudra d\u2019abord, une semaine apr\u00e8s, pr\u00e9voir une couche d\u2019adh\u00e9rence<span class=\"Apple-converted-space\">\u00a0 <\/span>Unilit 15P1 ou Unilit 15P2.<\/p>\n<p>Le mortier ne peut pas \u00eatre appliqu\u00e9 \u00e0 des temp\u00e9ratures inf\u00e9rieures \u00e0 +5\u00b0C.<span class=\"Apple-converted-space\">\u00a0 <\/span>Ne jamais appliquer sur un support gel\u00e9, ni par temps de brouillard dense. En \u00e9t\u00e9 et par temps sec, prendre toutes les pr\u00e9cautions n\u00e9cessaires pour \u00e9viter un ass\u00e8chement trop rapide du mortier.<span class=\"Apple-converted-space\">\u00a0 <\/span>Le mortier doit \u00eatre prot\u00e9g\u00e9 du gel et du soleil intense pendant 48 \u00e0 72 heures apr\u00e8s l\u2019application.<\/p>\n<p><a href=\"https:\/\/arteconstructo.com\/wp-content\/uploads\/2020\/05\/UNILIT-30-fiche-tech.pdf\">T\u00e9l\u00e9chargez la version PDF<\/a><\/p>\n<p>[\/vc_column_text][\/vc_column][\/vc_row]<\/p>\n<\/div>","protected":false},"excerpt":{"rendered":"<p>[vc_row][vc_column][vc_column_text] UNILIT 30 (TD13 S) MORTIER D\u2019ASSAINISSEMENT Cahier des charges : enduit int\u00e9rieur, enduit ext\u00e9rieur, ma\u00e7onner et jointoyer, tadelakt Description Unilit 30 est un mortier min\u00e9ral d\u2019assainissement pr\u00eat-\u00e0-l\u2019emploi, compos\u00e9 de chaux hydraulique naturelle pure comme liant, et d\u2019aggr\u00e9gats appropri\u00e9s selon une courbe granulom\u00e9trique s\u00e9lectionn\u00e9e. Unilit 30\u00a0 est caract\u00e9ris\u00e9 par une adh\u00e9sion lente, mais assur\u00e9e, une&hellip;<\/p>\n","protected":false},"author":8,"featured_media":0,"parent":0,"menu_order":0,"comment_status":"closed","ping_status":"closed","template":"","meta":{"footnotes":""},"class_list":["post-16816","page","type-page","status-publish","hentry","description-off"],"_links":{"self":[{"href":"https:\/\/arteconstructo.com\/fr\/wp-json\/wp\/v2\/pages\/16816","targetHints":{"allow":["GET"]}}],"collection":[{"href":"https:\/\/arteconstructo.com\/fr\/wp-json\/wp\/v2\/pages"}],"about":[{"href":"https:\/\/arteconstructo.com\/fr\/wp-json\/wp\/v2\/types\/page"}],"author":[{"embeddable":true,"href":"https:\/\/arteconstructo.com\/fr\/wp-json\/wp\/v2\/users\/8"}],"replies":[{"embeddable":true,"href":"https:\/\/arteconstructo.com\/fr\/wp-json\/wp\/v2\/comments?post=16816"}],"version-history":[{"count":0,"href":"https:\/\/arteconstructo.com\/fr\/wp-json\/wp\/v2\/pages\/16816\/revisions"}],"wp:attachment":[{"href":"https:\/\/arteconstructo.com\/fr\/wp-json\/wp\/v2\/media?parent=16816"}],"curies":[{"name":"wp","href":"https:\/\/api.w.org\/{rel}","templated":true}]}}