{"id":16815,"date":"2018-07-20T10:08:08","date_gmt":"2018-07-20T09:08:08","guid":{"rendered":"https:\/\/arteconstructo.com\/fiches-techiques\/unilit\/unilit-25-td13-p-mortier-de-corps-denduit-allege\/"},"modified":"2020-05-25T09:33:18","modified_gmt":"2020-05-25T08:33:18","slug":"unilit-25-td13-p-mortier-de-corps-denduit-allege","status":"publish","type":"page","link":"https:\/\/arteconstructo.com\/fr\/unilit-25-td13-p-mortier-de-corps-denduit-allege\/","title":{"rendered":"UNILIT 25 (TD13 P) MORTIER DE CORPS D\u2019ENDUIT ALLEGE"},"content":{"rendered":"<div class=\"wpb-content-wrapper\"><p>[vc_row][vc_column][vc_column_text]<\/p>\n<p><b>UNILIT 25 (TD13 P) MORTIER DE CORPS D\u2019ENDUIT ALLEGE<\/b><\/p>\n<p>Cahier des charges : enduit int\u00e9rieur, enduit ext\u00e9rieur<\/p>\n<p><b>Description<\/b><\/p>\n<p>Unilit 25 est un mortier min\u00e9ral de corps d\u2019enduit all\u00e9g\u00e9, pr\u00eat-\u00e0-l\u2019emploi, compos\u00e9 de chaux hydraulique naturelle pure comme liant, et de silices expans\u00e9es selon une courbe granulom\u00e9trique s\u00e9lectionn\u00e9e.<\/p>\n<p>Unilit 25 est caract\u00e9ris\u00e9 par une adh\u00e9sion lente, mais assur\u00e9e, une plasticit\u00e9 \u00e9lev\u00e9e, une faible teneur en sels solubles et une excellente perm\u00e9abilit\u00e9 \u00e0 la vapeur d\u2019eau. Le mortier \u00e0 la chaux hydraulique naturelle est parfaitement stable et soigneusement pr\u00e9par\u00e9 pour \u00e9viter les probl\u00e8mes de microfissuration et d\u2019ass\u00e8chement trop rapide.<\/p>\n<p>Le liant, utilis\u00e9 pour la pr\u00e9paration du mortier, est conforme \u00e0 la norme europ\u00e9enne EN 459-1, NHL 5.<span class=\"Apple-converted-space\">\u00a0 <\/span>Le mortier Unilit 25 est conforme \u00e0 la norme europ\u00e9enne UNI EN 998-1.<\/p>\n<p><b>Domaine d\u2019Utilisation<\/b><\/p>\n<p>Unilit 25 convient particuli\u00e8rement aux applications sur des \u00e9l\u00e9ments de construction fort poreux, comme des briques terre-cuite isolants (type POROTON), pierres de silicate, b\u00e9ton cellulaire, etc.<span class=\"Apple-converted-space\">\u00a0 <\/span>Gr\u00e2ce \u00e0 ses qualit\u00e9s naturelles, Unilit 25 est capable de contr\u00f4ler le degr\u00e9 d\u2019humidit\u00e9 de la structure, permettant \u00e0 celle-ci de s\u00e9cher \u00e0 tout moment dans les meilleures conditions.<span class=\"Apple-converted-space\">\u00a0 <\/span>De cette fa\u00e7on tous les probl\u00e8mes d\u2019humidit\u00e9 sont r\u00e9solus.<span class=\"Apple-converted-space\">\u00a0 <\/span>Ce contr\u00f4le du degr\u00e9 d\u2019humidit\u00e9 du support \u00e9vite \u00e9galement que les joints de la ma\u00e7onnerie se dessinent \u00e0 travers l\u2019enduit.<\/p>\n<p>Unilit 25 peut aussi bien \u00eatre appliqu\u00e9 en construction neuve, r\u00e9novation, qu\u2019en restauration, et ceci aussi bien \u00e0 l\u2019int\u00e9rieur qu\u2019\u00e0 l\u2019ext\u00e9rieur.<\/p>\n<p><b>Application<\/b><\/p>\n<p>Toutes les surfaces doivent \u00eatre propres, exemptes de graisse, poussi\u00e8re, huiles de d\u00e9coffrage, etc.<span class=\"Apple-converted-space\">\u00a0 <\/span>Humidifier l\u00e9g\u00e8rement le support avant l\u2019application.<span class=\"Apple-converted-space\">\u00a0 <\/span>Eviter une saturation du support en eau au moment de l\u2019application, afin de ne pas compromettre la bonne adh\u00e9rence m\u00e9canique et la qualit\u00e9 du mortier.<\/p>\n<p>Le mortier est m\u00e9lang\u00e9 \u00e0 environ 5 \u00e0 7 l d\u2019eau propre pour un sac de mortier \u00e0 la chaux hydraulique naturelle pr\u00eat-\u00e0-l\u2019emploi de 30 kg.<span class=\"Apple-converted-space\">\u00a0 <\/span>Le m\u00e9lange<span class=\"Apple-converted-space\">\u00a0 <\/span>s\u2019effectue \u00e0 l\u2019aide d\u2019un malaxeur \u00e9lectrique \u00e0 faible vitesse de rotation pendant environ 3 \u00e0 5 minutes afin d\u2019obtenir une p\u00e2te cr\u00e9meuse et homog\u00e8ne.<span class=\"Apple-converted-space\">\u00a0 <\/span>Le mortier reste utilisable pendant 2 heures.<\/p>\n<p>Le mortier est appliqu\u00e9 \u00e0 la main ou m\u00e9caniquement sur une \u00e9paisseur voulue.<span class=\"Apple-converted-space\">\u00a0 <\/span>Un temps de s\u00e9chage de 1 \u00e0 2 jours est de vigueur.<\/p>\n<p>Le mortier de corps d\u2019enduit Unilit 25 ne peut \u00eatre en contact direct avec le sol. Les plinthes et les zones o\u00f9 des probl\u00e8mes d\u2019humidit\u00e9 capillaire subsistent, doivent auparavant \u00eatre trait\u00e9es d\u2019un mortier d\u2019assainissement Unilit 30. A hauteur des fissures nous conseillons l\u2019emploi d\u2019un treillis c\u00e9ramique inoxydable.<\/p>\n<p>Le mortier ne peut pas \u00eatre appliqu\u00e9 \u00e0 des temp\u00e9ratures inf\u00e9rieures \u00e0 +5\u00b0C.<span class=\"Apple-converted-space\">\u00a0 <\/span>Ne jamais appliquer sur un support gel\u00e9, ni par temps de brouillard dense. En \u00e9t\u00e9 et par temps sec, prendre toutes les pr\u00e9cautions n\u00e9cessaires pour \u00e9viter un ass\u00e8chement trop rapide du mortier.<span class=\"Apple-converted-space\">\u00a0 <\/span>Le mortier doit \u00eatre prot\u00e9g\u00e9 du gel et du soleil intense pendant 48 \u00e0 72 heures apr\u00e8s l\u2019application.<\/p>\n<p><a href=\"https:\/\/arteconstructo.com\/wp-content\/uploads\/2020\/05\/UNILIT-25-fiche-tech.pdf\">T\u00e9l\u00e9chargez la version PDF<\/a><\/p>\n<p>[\/vc_column_text][\/vc_column][\/vc_row]<\/p>\n<\/div>","protected":false},"excerpt":{"rendered":"<p>[vc_row][vc_column][vc_column_text] UNILIT 25 (TD13 P) MORTIER DE CORPS D\u2019ENDUIT ALLEGE Cahier des charges : enduit int\u00e9rieur, enduit ext\u00e9rieur Description Unilit 25 est un mortier min\u00e9ral de corps d\u2019enduit all\u00e9g\u00e9, pr\u00eat-\u00e0-l\u2019emploi, compos\u00e9 de chaux hydraulique naturelle pure comme liant, et de silices expans\u00e9es selon une courbe granulom\u00e9trique s\u00e9lectionn\u00e9e. Unilit 25 est caract\u00e9ris\u00e9 par une adh\u00e9sion lente,&hellip;<\/p>\n","protected":false},"author":8,"featured_media":0,"parent":0,"menu_order":0,"comment_status":"closed","ping_status":"closed","template":"","meta":{"footnotes":""},"class_list":["post-16815","page","type-page","status-publish","hentry","description-off"],"_links":{"self":[{"href":"https:\/\/arteconstructo.com\/fr\/wp-json\/wp\/v2\/pages\/16815","targetHints":{"allow":["GET"]}}],"collection":[{"href":"https:\/\/arteconstructo.com\/fr\/wp-json\/wp\/v2\/pages"}],"about":[{"href":"https:\/\/arteconstructo.com\/fr\/wp-json\/wp\/v2\/types\/page"}],"author":[{"embeddable":true,"href":"https:\/\/arteconstructo.com\/fr\/wp-json\/wp\/v2\/users\/8"}],"replies":[{"embeddable":true,"href":"https:\/\/arteconstructo.com\/fr\/wp-json\/wp\/v2\/comments?post=16815"}],"version-history":[{"count":0,"href":"https:\/\/arteconstructo.com\/fr\/wp-json\/wp\/v2\/pages\/16815\/revisions"}],"wp:attachment":[{"href":"https:\/\/arteconstructo.com\/fr\/wp-json\/wp\/v2\/media?parent=16815"}],"curies":[{"name":"wp","href":"https:\/\/api.w.org\/{rel}","templated":true}]}}