{"id":16814,"date":"2018-07-20T10:07:04","date_gmt":"2018-07-20T09:07:04","guid":{"rendered":"https:\/\/arteconstructo.com\/fiches-techiques\/unilit\/unilit-20-volcalite-mortier-disolation\/"},"modified":"2020-05-25T09:25:43","modified_gmt":"2020-05-25T08:25:43","slug":"unilit-20-volcalite-mortier-disolation","status":"publish","type":"page","link":"https:\/\/arteconstructo.com\/fr\/unilit-20-volcalite-mortier-disolation\/","title":{"rendered":"UNILIT 20 (VOLCALITE) MORTIER D\u2019ISOLATION"},"content":{"rendered":"<div class=\"wpb-content-wrapper\"><p>[vc_row][vc_column][vc_column_text]<\/p>\n<p><b>UNILIT 20 (VOLCALITE) MORTIER D\u2019ISOLATION<\/b><\/p>\n<p>Cahier des charges : enduit int\u00e9rieur, enduit ext\u00e9rieur<\/p>\n<p><b>Description<\/b><\/p>\n<p>Unilit 20 est un mortier min\u00e9ral d\u2019isolation thermique pr\u00eat-\u00e0-l\u2019emploi, compos\u00e9 de chaux hydraulique naturelle pure comme liant, et de perlites et de silices expans\u00e9es.<span class=\"Apple-converted-space\">\u00a0 <\/span>Ces charges all\u00e8gent le mortier et augmentent fortement les propri\u00e9t\u00e9s d\u2019isolation thermique et de r\u00e9sistance m\u00e9canique.<\/p>\n<p>Unilit 20 est caract\u00e9ris\u00e9 par une adh\u00e9sion lente, mais assur\u00e9e, une plasticit\u00e9 \u00e9lev\u00e9e, une faible teneur en sels solubles et une excellente perm\u00e9abilit\u00e9 \u00e0 la vapeur d\u2019eau. Le mortier \u00e0 la chaux hydraulique naturelle<span class=\"Apple-converted-space\">\u00a0 <\/span>est parfaitement stable et soigneusement pr\u00e9par\u00e9 pour pouvoir \u00e9viter tout probl\u00e8me de microfissuration et d\u2019ass\u00e8chement trop rapide.<\/p>\n<p>Le liant, utilis\u00e9 pour la pr\u00e9paration du mortier, est conforme \u00e0 la norme europ\u00e9enne EN 459-1, NHL 5.<span class=\"Apple-converted-space\">\u00a0 <\/span>Le mortier Unilit 20 est conforme \u00e0 la norme europ\u00e9enne UNI EN 998-1.<\/p>\n<p><b>Domaine d\u2019Utilisation<\/b><\/p>\n<p>Unilit 20 peut \u00eatre appliqu\u00e9 en une couche uniforme et protectrice sur toute la surface ext\u00e9rieure, \u00e9liminant ainsi les ponts thermiques pr\u00e9sents dans la fa\u00e7ade.<span class=\"Apple-converted-space\">\u00a0 <\/span>Gr\u00e2ce \u00e0 ses hautes valeurs d\u2019isolation thermique, la valeur totale du mur sera augment\u00e9e d\u2019une fa\u00e7on consid\u00e9rable.<span class=\"Apple-converted-space\">\u00a0 <\/span>Unilit 20 contribue ainsi au d\u00e9placement du point de ros\u00e9 et permet donc de r\u00e9soudre les probl\u00e8mes de condensation interne.<\/p>\n<p>Unilit 20 est parfaitement applicable, aussi bien en restauration, en r\u00e9novation qu\u2019en construction neuve.<\/p>\n<p><b>Application<\/b><\/p>\n<p>Toutes les surfaces doivent \u00eatre propres, exemptes de graisse, poussi\u00e8re, huiles de d\u00e9coffrage, etc.<span class=\"Apple-converted-space\">\u00a0 <\/span>Humidifier l\u00e9g\u00e8rement le support avant l\u2019application.<span class=\"Apple-converted-space\">\u00a0 <\/span>Eviter une saturation en eau du support au moment de l\u2019application, afin de ne pas compromettre la bonne adh\u00e9rence m\u00e9canique et la qualit\u00e9 du mortier.<\/p>\n<p>Le mortier est m\u00e9lang\u00e9 \u00e0 environ 9 \u00e0 10 l d\u2019eau propre pour un sac de mortier \u00e0 la chaux hydraulique naturelle de 13 kg. Le m\u00e9lange s\u2019effectue \u00e0 l\u2019aide d\u2019un malaxeur \u00e9lectrique \u00e0 faible vitesse de rotation pendant environ 3 \u00e0 5 minutes afin d\u2019obtenir une p\u00e2te cr\u00e9meuse et homog\u00e8ne. Le mortier reste utilisable pendant 6 heures.<\/p>\n<p>Le mortier isolant est appliqu\u00e9 \u00e0 la main ou m\u00e9caniquement, \u00e0 l\u2019aide d\u2019une machine \u00e0 projeter traditionnelle, jusqu\u2019\u00e0 l\u2019\u00e9paisseur voulue. Des \u00e9paisseurs de plus de 30 mm doivent \u00eatre appliqu\u00e9es en plusieures couches, en respectant un temps de s\u00e9chage d\u2019au moins 7 heures. Un temps de s\u00e9chage d\u2019au moins 1 semaine, 3 semaines en hiver, est de vigueur pour pouvoir recouvrir le mortier d\u2019isolation avec les couches de finition : 1 couche de Unilit 15P2H et 1 couche de Unilit 65F en cas d\u2019application ext\u00e9rieure, 2 couches de Unilit 65F en cas d\u2019application int\u00e9rieure.<\/p>\n<p>Le mortier isolant Unilit 20 ne peut \u00eatre en contact direct avec le sol. Les plinthes et les zones o\u00f9 des probl\u00e8mes d\u2019humidit\u00e9 capillaire subsistent, doivent auparavant \u00eatre trait\u00e9es \u00e0 l\u2019aide d\u2019un mortier d\u2019assainissement<\/p>\n<p>Unilit 30 et Unilit PEDES M comme finition. A hauteur des fissures nous conseillons l\u2019emploi d\u2019un treillis c\u00e9ramique inoxydable.<\/p>\n<p>Le mortier ne peut pas \u00eatre appliqu\u00e9 \u00e0 des temp\u00e9ratures inf\u00e9rieures \u00e0 +5\u00b0C.<span class=\"Apple-converted-space\">\u00a0 <\/span>Ne jamais appliquer sur un support gel\u00e9, ni par temps de brouillard dense. En \u00e9t\u00e9 et par temps sec, prendre toutes les pr\u00e9cautions n\u00e9cessaires pour \u00e9viter un ass\u00e8chement trop rapide du mortier.<span class=\"Apple-converted-space\">\u00a0 <\/span>Le mortier doit \u00eatre prot\u00e9g\u00e9 du gel et du soleil intense pendant 48 \u00e0 72 heures apr\u00e8s l\u2019application.<\/p>\n<p><a href=\"https:\/\/arteconstructo.com\/wp-content\/uploads\/2020\/05\/UNILIT-20-fiche-tech.pdf\">T\u00e9l\u00e9chargez la version PDF<\/a><\/p>\n<p>[\/vc_column_text][\/vc_column][\/vc_row]<\/p>\n<\/div>","protected":false},"excerpt":{"rendered":"<p>[vc_row][vc_column][vc_column_text] UNILIT 20 (VOLCALITE) MORTIER D\u2019ISOLATION Cahier des charges : enduit int\u00e9rieur, enduit ext\u00e9rieur Description Unilit 20 est un mortier min\u00e9ral d\u2019isolation thermique pr\u00eat-\u00e0-l\u2019emploi, compos\u00e9 de chaux hydraulique naturelle pure comme liant, et de perlites et de silices expans\u00e9es.\u00a0 Ces charges all\u00e8gent le mortier et augmentent fortement les propri\u00e9t\u00e9s d\u2019isolation thermique et de r\u00e9sistance m\u00e9canique.&hellip;<\/p>\n","protected":false},"author":8,"featured_media":0,"parent":0,"menu_order":0,"comment_status":"closed","ping_status":"closed","template":"","meta":{"footnotes":""},"class_list":["post-16814","page","type-page","status-publish","hentry","description-off"],"_links":{"self":[{"href":"https:\/\/arteconstructo.com\/fr\/wp-json\/wp\/v2\/pages\/16814","targetHints":{"allow":["GET"]}}],"collection":[{"href":"https:\/\/arteconstructo.com\/fr\/wp-json\/wp\/v2\/pages"}],"about":[{"href":"https:\/\/arteconstructo.com\/fr\/wp-json\/wp\/v2\/types\/page"}],"author":[{"embeddable":true,"href":"https:\/\/arteconstructo.com\/fr\/wp-json\/wp\/v2\/users\/8"}],"replies":[{"embeddable":true,"href":"https:\/\/arteconstructo.com\/fr\/wp-json\/wp\/v2\/comments?post=16814"}],"version-history":[{"count":0,"href":"https:\/\/arteconstructo.com\/fr\/wp-json\/wp\/v2\/pages\/16814\/revisions"}],"wp:attachment":[{"href":"https:\/\/arteconstructo.com\/fr\/wp-json\/wp\/v2\/media?parent=16814"}],"curies":[{"name":"wp","href":"https:\/\/api.w.org\/{rel}","templated":true}]}}