{"id":16813,"date":"2018-07-20T10:05:58","date_gmt":"2018-07-20T09:05:58","guid":{"rendered":"https:\/\/arteconstructo.com\/fiches-techiques\/unilit\/unilit-15-p0-p1-p2-td13-p0-p1-p2-mortier-dadherence-polyvalent\/"},"modified":"2020-05-25T09:29:28","modified_gmt":"2020-05-25T08:29:28","slug":"unilit-15-p0-p1-p2-td13-p0-p1-p2-mortier-dadherence-polyvalent","status":"publish","type":"page","link":"https:\/\/arteconstructo.com\/fr\/unilit-15-p0-p1-p2-td13-p0-p1-p2-mortier-dadherence-polyvalent\/","title":{"rendered":"UNILIT 15 P0 \u2013 P1 \u2013 P2 (TD13 P0\/P1\/P2) MORTIER D\u2019ADHERENCE POLYVALENT"},"content":{"rendered":"<div class=\"wpb-content-wrapper\"><p>[vc_row][vc_column][vc_column_text]<\/p>\n<p><b>UNILIT 15 P0 \u2013 P1 \u2013 P2 (TD13 P0\/P1\/P2) MORTIER D\u2019ADHERENCE POLYVALENT<\/b><\/p>\n<p>Cahier des charges : sols, enduit int\u00e9rieur, toitures, chaulage<\/p>\n<p><b>Description<\/b><\/p>\n<p>Unilit 15 est un mortier min\u00e9ral d\u2019adh\u00e9rence polyvalent, pr\u00eat-\u00e0-l\u2019emploi, compos\u00e9 de chaux hydraulique naturelle pure comme liant, et d\u2019aggr\u00e9gats appropri\u00e9s selon<span class=\"Apple-converted-space\">\u00a0 <\/span>une courbe granulom\u00e9trique s\u00e9lectionn\u00e9e.<\/p>\n<p>Unilit 15 est caract\u00e9ris\u00e9 par une adh\u00e9sion lente, mais assur\u00e9e, une plasticit\u00e9 \u00e9lev\u00e9e, une faible teneur en sels solubles et une excellente perm\u00e9abilit\u00e9 \u00e0 la vapeur d\u2019eau. Le mortier \u00e0 la chaux hydraulique naturelle est parfaitement stable et soigneusement pr\u00e9par\u00e9 pour \u00e9viter les probl\u00e8mes de microfissuration et d\u2019ass\u00e8chement trop rapide.<\/p>\n<p>Le liant, utilis\u00e9 pour la pr\u00e9paration du mortier, est conforme \u00e0 la norme europ\u00e9enne EN 459-1, NHL 5.<span class=\"Apple-converted-space\">\u00a0 <\/span>Le mortier Unilit 15 est conforme \u00e0 la norme europ\u00e9enne UNI EN 998-1.<\/p>\n<p><b>Domaine d\u2019Utilisation<\/b><\/p>\n<p>Unilit 15 est utilis\u00e9 comme couche d\u2019accroche sur un support en mauvais \u00e9tat ou instable, comme du b\u00e9ton arm\u00e9, de la vieille ma\u00e7onnerie, un vieil enduit, etc. <span class=\"Apple-converted-space\">\u00a0 <\/span>Unilit 15 est ainsi utilis\u00e9 quand le support n\u2019est pas dans un \u00e9tat qui peut garantir une accroche optimale des couches de fond et de finition.<\/p>\n<p>Unilit 15 \u00e9vite les efflorescences dans la couche de finition suite \u00e0 l\u2019assemblage de mat\u00e9riaux cons\u00e9cutives et favorise \u00e9galement l\u2019ass\u00e8chement du support.<\/p>\n<p>Unilit 15\/P0 s\u2019utilisera plut\u00f4t comme fine couche d\u2019\u00e9galisation sur des anciennes couches de chaux friables.<\/p>\n<p>Unilit 15\/P1 sera appliqu\u00e9 \u00e0 la brosse en une fine couche pour un badigeon (chaulage), ou sur une \u00e9paisseur de 2 \u00e0 4 mm pour un enduit mince.<\/p>\n<p>Unilit 15\/P2 sera plut\u00f4t utilis\u00e9 comme corps d\u2019enduit avec 5 \u00e0 8 mm d\u2019 \u00e9paisseur maximale.<\/p>\n<p><b>Application<\/b><\/p>\n<p>Toutes les surfaces doivent \u00eatre propres, exemptes de graisse, poussi\u00e8re, huiles de d\u00e9coffrage, etc.<span class=\"Apple-converted-space\">\u00a0 <\/span>Humidifier l\u00e9g\u00e8rement le support avant l\u2019application.<span class=\"Apple-converted-space\">\u00a0 <\/span>Eviter une saturation du support en eau au moment de l\u2019application, afin de ne pas compromettre la bonne adh\u00e9rence m\u00e9canique et la qualit\u00e9 du mortier.<\/p>\n<p>Le mortier est m\u00e9lang\u00e9 \u00e0 environ 5 \u00e0 6 l d\u2019eau propre pour un sac de mortier pr\u00eat-\u00e0-l\u2019emploi de 30 kg (25 kg dans le cas de Unilit 15\/P1). Le m\u00e9lange s\u2019effectue \u00e0 l\u2019aide d\u2019un malaxeur \u00e9lectrique \u00e0 faible vitesse de rotation pendant environ 3 \u00e0 5 minutes afin d\u2019obtenir une p\u00e2te cr\u00e9meuse et homog\u00e8ne. Le mortier reste utilisable pendant 2 heures.<\/p>\n<p>Le mortier est appliqu\u00e9 manuellement ou m\u00e9caniquement comme enduit mince jusqu\u2019\u00e0 l\u2019\u00e9paisseur voulue.<span class=\"Apple-converted-space\">\u00a0 <\/span>Pour un badigeon le mortier est appliqu\u00e9 en deux couches, frais sur frais avec une brosse rectangulaire.<span class=\"Apple-converted-space\">\u00a0 <\/span>Une attention particuli\u00e8re est apport\u00e9e au remplissage des fissures et creux.<span class=\"Apple-converted-space\">\u00a0 <\/span>Il faudra tenir compte d\u2019un temps de s\u00e9chage de 1 \u00e0 2 jours.<\/p>\n<p>Le mortier ne peut pas \u00eatre appliqu\u00e9 \u00e0 des temp\u00e9ratures inf\u00e9rieures \u00e0 +5\u00b0C.<span class=\"Apple-converted-space\">\u00a0 <\/span>Ne jamais appliquer sur un support gel\u00e9, ni par temps de brouillard dense. En \u00e9t\u00e9 et par temps sec, prendre toutes les pr\u00e9cautions n\u00e9cessaires pour \u00e9viter un ass\u00e8chement trop rapide du mortier.<span class=\"Apple-converted-space\">\u00a0 <\/span>Le mortier doit \u00eatre prot\u00e9g\u00e9 du gel et du soleil intense pendant 48 \u00e0 72 heures apr\u00e8s l\u2019application.<\/p>\n<p><a href=\"https:\/\/arteconstructo.com\/wp-content\/uploads\/2020\/05\/UNILIT-15-fiche-tech.pdf\">T\u00e9l\u00e9chargez la version PDF<\/a><\/p>\n<p>[\/vc_column_text][\/vc_column][\/vc_row]<\/p>\n<\/div>","protected":false},"excerpt":{"rendered":"<p>[vc_row][vc_column][vc_column_text] UNILIT 15 P0 \u2013 P1 \u2013 P2 (TD13 P0\/P1\/P2) MORTIER D\u2019ADHERENCE POLYVALENT Cahier des charges : sols, enduit int\u00e9rieur, toitures, chaulage Description Unilit 15 est un mortier min\u00e9ral d\u2019adh\u00e9rence polyvalent, pr\u00eat-\u00e0-l\u2019emploi, compos\u00e9 de chaux hydraulique naturelle pure comme liant, et d\u2019aggr\u00e9gats appropri\u00e9s selon\u00a0 une courbe granulom\u00e9trique s\u00e9lectionn\u00e9e. Unilit 15 est caract\u00e9ris\u00e9 par une adh\u00e9sion&hellip;<\/p>\n","protected":false},"author":8,"featured_media":0,"parent":0,"menu_order":0,"comment_status":"closed","ping_status":"closed","template":"","meta":{"footnotes":""},"class_list":["post-16813","page","type-page","status-publish","hentry","description-off"],"_links":{"self":[{"href":"https:\/\/arteconstructo.com\/fr\/wp-json\/wp\/v2\/pages\/16813","targetHints":{"allow":["GET"]}}],"collection":[{"href":"https:\/\/arteconstructo.com\/fr\/wp-json\/wp\/v2\/pages"}],"about":[{"href":"https:\/\/arteconstructo.com\/fr\/wp-json\/wp\/v2\/types\/page"}],"author":[{"embeddable":true,"href":"https:\/\/arteconstructo.com\/fr\/wp-json\/wp\/v2\/users\/8"}],"replies":[{"embeddable":true,"href":"https:\/\/arteconstructo.com\/fr\/wp-json\/wp\/v2\/comments?post=16813"}],"version-history":[{"count":0,"href":"https:\/\/arteconstructo.com\/fr\/wp-json\/wp\/v2\/pages\/16813\/revisions"}],"wp:attachment":[{"href":"https:\/\/arteconstructo.com\/fr\/wp-json\/wp\/v2\/media?parent=16813"}],"curies":[{"name":"wp","href":"https:\/\/api.w.org\/{rel}","templated":true}]}}