{"id":16811,"date":"2018-07-20T10:03:58","date_gmt":"2018-07-20T09:03:58","guid":{"rendered":"https:\/\/arteconstructo.com\/fiches-techiques\/unilit\/unilit-10-td13-pa-couche-dadherence\/"},"modified":"2018-12-03T17:19:26","modified_gmt":"2018-12-03T16:19:26","slug":"unilit-10-td13-pa-couche-dadherence","status":"publish","type":"page","link":"https:\/\/arteconstructo.com\/fr\/unilit-10-td13-pa-couche-dadherence\/","title":{"rendered":"UNILIT 10 (TD13 PA) COUCHE D\u2019ADHERENCE"},"content":{"rendered":"<p><b>UNILIT 10 (TD13 PA) COUCHE D\u2019ADHERENCE<\/b><\/p>\n<p>Cahier des charges : enduit int\u00e9rieur, enduit ext\u00e9rieur<\/p>\n<p><b>Description<\/b><\/p>\n<p>Unilit 10 est un mortier min\u00e9ral d\u2019adh\u00e9rence polyvalent, pr\u00eat-\u00e0-l\u2019emploi,<span class=\"Apple-converted-space\">\u00a0 <\/span>compos\u00e9 de chaux hydraulique naturelle pure comme liant, et d\u2019 aggr\u00e9gats appropri\u00e9s selon une courbe granulom\u00e9trique s\u00e9lectionn\u00e9e.<\/p>\n<p>Unilit 10 est caract\u00e9ris\u00e9 par une adh\u00e9sion lente, mais assur\u00e9e, une plasticit\u00e9 \u00e9lev\u00e9e, une faible teneur en sels solubles et une excellente perm\u00e9abilit\u00e9 \u00e0 la vapeur d\u2019eau. Le mortier \u00e0 la chaux hydraulique naturelle est parfaitement stable et soigneusement pr\u00e9par\u00e9 pour pouvoir \u00e9viter les probl\u00e8mes de microfissuration et d\u2019ass\u00e8chement trop rapide.<\/p>\n<p>Le liant, utilis\u00e9 pour la pr\u00e9paration du mortier, est conforme \u00e0 la norme europ\u00e9enne EN 459-1, NHL 5.<span class=\"Apple-converted-space\">\u00a0 <\/span>Le mortier Unilit 10 est conforme \u00e0 la norme europ\u00e9enne UNI EN 998-1.<\/p>\n<p><b>Domaine d\u2019Utilisation<\/b><\/p>\n<p>Unilit 10 est utilis\u00e9 comme couche d\u2019adh\u00e9rence sur un support qui n\u2019est pas en \u00e9tat de garantir une accroche optimale, soit dans le cas d\u2019un support fort abim\u00e9 comme de la vieille ma\u00e7onnerie pulv\u00e9ris\u00e9e, soit dans le cas d\u2019un support peu poreux, comme du b\u00e9ton lisse, de la pierre bleue, du schiste ou du granite.<\/p>\n<p>Unilit 10 est \u00e9galement utilis\u00e9 comme couche d\u2019adh\u00e9rence sur des supports satur\u00e9s d\u2019eau ou de sels.<\/p>\n<p><b>Application<\/b><\/p>\n<p>Toutes les surfaces doivent \u00eatre propres, exemptes de graisse, poussi\u00e8re, huiles de d\u00e9coffrage, etc.<span class=\"Apple-converted-space\">\u00a0 <\/span>Humidifier l\u00e9g\u00e8rement le support avant l\u2019application.<span class=\"Apple-converted-space\">\u00a0 <\/span>Eviter une saturation en eau du support au moment de l\u2019application, afin de ne pas compromettre la bonne adh\u00e9rence m\u00e9canique et la qualit\u00e9 du mortier.<\/p>\n<p>Le mortier est m\u00e9lang\u00e9 \u00e0 environ 7 \u00e0 8 l d\u2019eau propre pour un sac de mortier pr\u00eat-\u00e0-l\u2019emploi de 30 kg. Le m\u00e9lange s\u2019effectue \u00e0 l\u2019aide d\u2019un malaxeur \u00e9lectrique \u00e0 faible vitesse de rotation pendant environ 3 \u00e0 5 minutes afin d\u2019obtenir une p\u00e2te cr\u00e9meuse et homog\u00e8ne. Le mortier reste utilisable pendant 2 heures.<\/p>\n<p>Le mortier est appliqu\u00e9 de fa\u00e7on manuelle ou m\u00e9canique dans une structure ouverte (toile d\u2019araign\u00e9e).<span class=\"Apple-converted-space\">\u00a0 <\/span>La couche d\u2019adh\u00e9rence ne peut couvrir plus de 70 % de la surface totale.<span class=\"Apple-converted-space\">\u00a0 <\/span>Il faudra tenir compte d\u2019un temps de s\u00e9chage minimal de 4 heures.<\/p>\n<p>Le mortier ne peut pas \u00eatre appliqu\u00e9 \u00e0 des temp\u00e9ratures inf\u00e9rieures \u00e0 +5\u00b0C.<span class=\"Apple-converted-space\">\u00a0 <\/span>Ne jamais appliquer sur un support gel\u00e9, ni par temps de brouillard dense. En \u00e9t\u00e9 et par temps sec, prendre toutes les pr\u00e9cautions n\u00e9cessaires pour \u00e9viter un ass\u00e8chement trop rapide du mortier.<span class=\"Apple-converted-space\">\u00a0 <\/span>Le mortier doit \u00eatre prot\u00e9g\u00e9 du gel et du soleil intense pendant 48 \u00e0 72 heures apr\u00e8s l\u2019application.<\/p>\n<p><a href=\"https:\/\/arteconstructo.com\/wp-content\/uploads\/2018\/12\/UNILIT-10-fiche-tech-1.pdf\">T\u00e9l\u00e9chargez la version PDF<\/a><\/p>\n","protected":false},"excerpt":{"rendered":"<p>UNILIT 10 (TD13 PA) COUCHE D\u2019ADHERENCE Cahier des charges : enduit int\u00e9rieur, enduit ext\u00e9rieur Description Unilit 10 est un mortier min\u00e9ral d\u2019adh\u00e9rence polyvalent, pr\u00eat-\u00e0-l\u2019emploi,\u00a0 compos\u00e9 de chaux hydraulique naturelle pure comme liant, et d\u2019 aggr\u00e9gats appropri\u00e9s selon une courbe granulom\u00e9trique s\u00e9lectionn\u00e9e. Unilit 10 est caract\u00e9ris\u00e9 par une adh\u00e9sion lente, mais assur\u00e9e, une plasticit\u00e9 \u00e9lev\u00e9e, une&hellip;<\/p>\n","protected":false},"author":8,"featured_media":0,"parent":0,"menu_order":0,"comment_status":"closed","ping_status":"closed","template":"","meta":{"footnotes":""},"class_list":["post-16811","page","type-page","status-publish","hentry","description-off"],"_links":{"self":[{"href":"https:\/\/arteconstructo.com\/fr\/wp-json\/wp\/v2\/pages\/16811","targetHints":{"allow":["GET"]}}],"collection":[{"href":"https:\/\/arteconstructo.com\/fr\/wp-json\/wp\/v2\/pages"}],"about":[{"href":"https:\/\/arteconstructo.com\/fr\/wp-json\/wp\/v2\/types\/page"}],"author":[{"embeddable":true,"href":"https:\/\/arteconstructo.com\/fr\/wp-json\/wp\/v2\/users\/8"}],"replies":[{"embeddable":true,"href":"https:\/\/arteconstructo.com\/fr\/wp-json\/wp\/v2\/comments?post=16811"}],"version-history":[{"count":0,"href":"https:\/\/arteconstructo.com\/fr\/wp-json\/wp\/v2\/pages\/16811\/revisions"}],"wp:attachment":[{"href":"https:\/\/arteconstructo.com\/fr\/wp-json\/wp\/v2\/media?parent=16811"}],"curies":[{"name":"wp","href":"https:\/\/api.w.org\/{rel}","templated":true}]}}