{"id":16809,"date":"2018-07-20T09:59:54","date_gmt":"2018-07-20T08:59:54","guid":{"rendered":"https:\/\/arteconstructo.com\/fiches-techiques\/unilit\/unilit-fenxa-liant\/"},"modified":"2020-05-25T09:43:03","modified_gmt":"2020-05-25T08:43:03","slug":"unilit-fenxa-liant","status":"publish","type":"page","link":"https:\/\/arteconstructo.com\/fr\/unilit-fenxa-liant\/","title":{"rendered":"UNILIT FENXA LIANT"},"content":{"rendered":"<div class=\"wpb-content-wrapper\"><p>[vc_row][vc_column][vc_column_text]<\/p>\n<p><b>UNILIT FENXA LIANT<\/b><\/p>\n<p><b>Description<\/b><\/p>\n<p>Unilit Fen XA est un liant pur \u00e0 la chaux hydraulique naturelle, adapt\u00e9 \u00e0 confectionner, entre autres, des mortiers pour de la ma\u00e7onnerie, des corps d\u2019enduits, etc.<\/p>\n<p>Unilit Fen XA se caract\u00e9rise par une faible teneur en sels solubles et une adh\u00e9sion lente, mais assur\u00e9e.<span class=\"Apple-converted-space\">\u00a0 <\/span>Il est \u00e9galement parfaitement stable et soigneusement pr\u00e9par\u00e9 pour \u00e9viter les probl\u00e8mes de microfissuration et d\u2019ass\u00e8chement trop rapide.<\/p>\n<p>Unilit Fen XA est conforme \u00e0 la norme europ\u00e9enne EN 459-1, NHL 5.<span class=\"Apple-converted-space\">\u00a0 <\/span>Unilit Fen XA est obtenu par la cuisson \u00e0 basse temp\u00e9rature (1250 \u00b0C) de la pierre calcaire argileuse (Marne).<\/p>\n<p><b>Domaine d\u2019Utilisation<\/b><\/p>\n<p>Unilit Fen XA peut sans restrictions \u00eatre utilis\u00e9 comme mortier, moyennant la bonne proportion et la qualit\u00e9 ad\u00e9quate du sable et de l\u2019eau, dans des applications diverses, que ce soit en construction neuve, r\u00e9novation ou restauration ; entre autres pour de la ma\u00e7onnerie traditionnelle et moderne, les jointoiements, les couches de fond et de finition d\u2019enduits, les chapes, etc.<\/p>\n<p><b>Pr\u00e9paration<\/b><\/p>\n<p>Unilit Fen XA est m\u00e9lang\u00e9 avec du sable pur \u00e0 granulom\u00e9trie adapt\u00e9e \u00e9quilibr\u00e9e, dans une proportion de 380 \u00e0 450 kg de liant par m\u00b3 de sable; une compostion moyenne de 1 volume de liant pour 3 volumes de sable.<span class=\"Apple-converted-space\">\u00a0 <\/span>Le choix du sable est particuli\u00e8rement important pour l\u2019obtention d\u2019un bon mortier.<span class=\"Apple-converted-space\">\u00a0 <\/span>Les \u00e9tudes apprennent que d\u2019excellents r\u00e9sultats peuvent \u00eatre obtenus quand la granulom\u00e9trie r\u00e9pond \u00e0 la courbe id\u00e9ale de F\u00fcller.<\/p>\n<p>Il n\u2019est pas permis de rajouter de la brique, du ciment ou tout autre liant synth\u00e9tique, ni de produit du genre ralentisseurs, anti-gel, r\u00e9ducteurs d\u2019eau, entraineurs d\u2019air, etc.<\/p>\n<p><b>Application<\/b><\/p>\n<p>Toutes les surfaces doivent \u00eatre propres, exemptes de graisse, poussi\u00e8re, huiles de d\u00e9coffrage, etc.<span class=\"Apple-converted-space\">\u00a0 <\/span>Humidifier l\u00e9g\u00e8rement le support avant l\u2019application.<span class=\"Apple-converted-space\">\u00a0 <\/span>Eviter une saturation du support au moment de l\u2019application, afin de ne pas compromettre la bonne adh\u00e9rence m\u00e9canique et la qualit\u00e9 du mortier.<\/p>\n<p>Le mortier pr\u00e9par\u00e9 est m\u00e9lang\u00e9 \u00e0 environ 4 \u00e0 5 l d\u2019eau propre pour un sac de mortier \u00e0 la chaux hydraulique naturelle pr\u00eat-\u00e0-l\u2019emploi de 25 kg.<span class=\"Apple-converted-space\">\u00a0 <\/span>Le m\u00e9lange s\u2019effectue \u00e0 l\u2019aide d\u2019un malaxeur \u00e9lectrique \u00e0 faible vitesse de rotation pendant environ 5 \u00e0 8 minutes afin d\u2019obtenir une p\u00e2te cr\u00e9meuse et homog\u00e8ne.<span class=\"Apple-converted-space\">\u00a0 <\/span>Le mortier reste utilisable pendant 2 heures.<\/p>\n<p>Le mortier est appliqu\u00e9 \u00e0 la main ou m\u00e9caniquement d\u2019apr\u00e8s le genre d\u2019application.<\/p>\n<p>Un temps de s\u00e9chage de 1 \u00e0 2 jours est de vigueur.<\/p>\n<p>Le mortier pr\u00e9par\u00e9 ne peut pas \u00eatre appliqu\u00e9 \u00e0 des temp\u00e9ratures inf\u00e9rieures \u00e0 +5\u00b0C.<span class=\"Apple-converted-space\">\u00a0 <\/span>Ne jamais appliquer sur un support gel\u00e9, ni par temps de brouillard dense. En \u00e9t\u00e9 et par temps sec, prendre toutes les pr\u00e9cautions n\u00e9cessaires pour \u00e9viter un ass\u00e8chement trop rapide du mortier.<span class=\"Apple-converted-space\">\u00a0 <\/span>Le mortier doit \u00eatre prot\u00e9g\u00e9 du gel et du soleil intense pendant 48 \u00e0 72 heures apr\u00e8s l\u2019application.<\/p>\n<p><a href=\"https:\/\/arteconstructo.com\/wp-content\/uploads\/2020\/05\/UNILIT-Fen-XA-fiche-tech.pdf\">T\u00e9l\u00e9chargez la version PDF<\/a><\/p>\n<p>[\/vc_column_text][\/vc_column][\/vc_row]<\/p>\n<\/div>","protected":false},"excerpt":{"rendered":"<p>[vc_row][vc_column][vc_column_text] UNILIT FENXA LIANT Description Unilit Fen XA est un liant pur \u00e0 la chaux hydraulique naturelle, adapt\u00e9 \u00e0 confectionner, entre autres, des mortiers pour de la ma\u00e7onnerie, des corps d\u2019enduits, etc. Unilit Fen XA se caract\u00e9rise par une faible teneur en sels solubles et une adh\u00e9sion lente, mais assur\u00e9e.\u00a0 Il est \u00e9galement parfaitement stable&hellip;<\/p>\n","protected":false},"author":8,"featured_media":0,"parent":0,"menu_order":0,"comment_status":"closed","ping_status":"closed","template":"","meta":{"footnotes":""},"class_list":["post-16809","page","type-page","status-publish","hentry","description-off"],"_links":{"self":[{"href":"https:\/\/arteconstructo.com\/fr\/wp-json\/wp\/v2\/pages\/16809","targetHints":{"allow":["GET"]}}],"collection":[{"href":"https:\/\/arteconstructo.com\/fr\/wp-json\/wp\/v2\/pages"}],"about":[{"href":"https:\/\/arteconstructo.com\/fr\/wp-json\/wp\/v2\/types\/page"}],"author":[{"embeddable":true,"href":"https:\/\/arteconstructo.com\/fr\/wp-json\/wp\/v2\/users\/8"}],"replies":[{"embeddable":true,"href":"https:\/\/arteconstructo.com\/fr\/wp-json\/wp\/v2\/comments?post=16809"}],"version-history":[{"count":0,"href":"https:\/\/arteconstructo.com\/fr\/wp-json\/wp\/v2\/pages\/16809\/revisions"}],"wp:attachment":[{"href":"https:\/\/arteconstructo.com\/fr\/wp-json\/wp\/v2\/media?parent=16809"}],"curies":[{"name":"wp","href":"https:\/\/api.w.org\/{rel}","templated":true}]}}