{"id":15811,"date":"2016-03-01T15:19:43","date_gmt":"2016-03-01T15:19:43","guid":{"rendered":"https:\/\/arteconstructo.com\/fr\/?page_id=15811"},"modified":"2020-12-29T14:11:04","modified_gmt":"2020-12-29T13:11:04","slug":"contact","status":"publish","type":"page","link":"https:\/\/arteconstructo.com\/fr\/contact\/","title":{"rendered":"contact"},"content":{"rendered":"<div class=\"wpb-content-wrapper\"><p>[vc_row type=&#8221;1&#8243; margin_top=&#8221;-50&#8243; padding_top=&#8221;100&#8243; padding_bottom=&#8221;100&#8243; bg_color=&#8221;#ffffff&#8221; bg_position=&#8221;center&#8221; bg_image=&#8221;https:\/\/arteconstructo.com\/wp-content\/uploads\/2020\/05\/header-contact.jpg&#8221;][vc_column][vc_custom_heading text=&#8221;Contact&#8221; font_container=&#8221;tag:h2|font_size:36px|text_align:center|color:%23ffffff&#8221; use_theme_fonts=&#8221;yes&#8221;][\/vc_column][\/vc_row][vc_row full_width_row=&#8221;true&#8221; padding_left=&#8221;30px&#8221; padding_right=&#8221;30px&#8221;][vc_column][vc_empty_space height=&#8221;30px&#8221;][vc_row_inner][vc_column_inner width=&#8221;1\/3&#8243;][\/vc_column_inner][vc_column_inner width=&#8221;1\/3&#8243;][vc_single_image image=&#8221;106&#8243; img_size=&#8221;full&#8221; alignment=&#8221;center&#8221; image_hovers=&#8221;false&#8221;][\/vc_column_inner][vc_column_inner width=&#8221;1\/3&#8243;][\/vc_column_inner][\/vc_row_inner][vc_empty_space height=&#8221;20px&#8221;][vc_column_text]<\/p>\n<h3 style=\"text-align: center;\">CONTACTEZ-NOUS<\/h3>\n<p>[\/vc_column_text][vc_empty_space height=&#8221;20px&#8221;][vc_row_inner][vc_column_inner width=&#8221;1\/6&#8243;][\/vc_column_inner][vc_column_inner width=&#8221;2\/3&#8243;][vc_column_text]<\/p>\n<p style=\"text-align: center;\">Nous sommes \u00e0 votre \u00e9coute par t\u00e9l\u00e9phone ou par mail.<br \/>\nMerci de remplir le formulaire ci-dessous si vous d\u00e9sireriez recevoir plus d\u2019informations.<br \/>\nChaque projet, ind\u00e9pendant de sa taille, m\u00e9rite une attention particuli\u00e8re.<br \/>\nNos experts feront en sorte de vous r\u00e9pondre au plus vite.<\/p>\n<p>[\/vc_column_text][\/vc_column_inner][vc_column_inner width=&#8221;1\/6&#8243;][\/vc_column_inner][\/vc_row_inner][vc_empty_space height=&#8221;50px&#8221;][\/vc_column][\/vc_row][vc_row full_width_row=&#8221;true&#8221; padding_left=&#8221;30px&#8221; padding_right=&#8221;30px&#8221;][vc_column width=&#8221;1\/3&#8243;][vc_column_text]<\/p>\n<h3>Nos coordonn\u00e9es<\/h3>\n<p>[\/vc_column_text][vc_empty_space height=&#8221;34px&#8221;][vc_column_text]<span style=\"color: #000000;\"><strong>Arte Constructo BVBA<\/strong><\/span>[\/vc_column_text][vc_empty_space height=&#8221;16px&#8221;][vc_column_text]<span class=\"color-title\">Adresse (magasin &amp; bureau):<\/span><br \/>\nMolenberglei 18,<br \/>\n2627 Schelle &#8211; Belgique[\/vc_column_text][vc_empty_space height=&#8221;16px&#8221;][vc_column_text]<span class=\"color-title\">Telephone:<\/span><br \/>\n+32 (0)3 880 73 73[\/vc_column_text][vc_empty_space height=&#8221;16px&#8221;][vc_column_text]<span class=\"color-title\">Fax:<\/span><br \/>\n+32 (0)3 880 73 70[\/vc_column_text][vc_empty_space height=&#8221;16px&#8221;][vc_column_text]<span class=\"color-title\">E-mail:<\/span><br \/>\n<span style=\"color: #3557f0;\"><a href=\"mailto:info@arteconstructo.be\">info@arteconstructo.be<\/a><\/span>[\/vc_column_text][vc_empty_space height=&#8221;16px&#8221;][vc_column_text]<span class=\"color-title\">N\u00b0 de TVA:<\/span><br \/>\nBE 0458.463.075[\/vc_column_text][vc_empty_space height=&#8221;16px&#8221;][vc_column_text]<span class=\"color-title\"><span style=\"text-decoration: underline;\">Commandes:<\/span><br \/>\n<\/span>par mail \u00e0 <span style=\"color: #000000;\"><a style=\"color: #000000;\" href=\"mailto:logistic@arteconstructo.be\">logistic@arteconstructo.be<\/a><\/span><br \/>\nou par fax au +32 (0)3 880 73 70[\/vc_column_text][vc_empty_space height=&#8221;16px&#8221;][vc_column_text]<span class=\"color-title\"><span style=\"text-decoration: underline;\">Enl\u00e8vements:<\/span><br \/>\n<\/span>Du lundi au jeudi:<br \/>\n9.00-12.30 &amp; 13.30-17.00<br \/>\nLe vendredi:<br \/>\n9.00-12.30 &amp; 13.30-16.00[\/vc_column_text][vc_empty_space height=&#8221;16px&#8221;][vc_column_text]<span class=\"color-title\"><span style=\"text-decoration: underline;\">Conseils techniques:<\/span><br \/>\n<\/span>Sur rendez-vous, en nous t\u00e9l\u00e9phonant au bureau,<br \/>\nou par e-mail : <span style=\"color: #3557f0;\"><a href=\"mailto:technical@arteconstructo.be\">technical@arteconstructo.be<\/a><\/span>[\/vc_column_text][vc_empty_space height=&#8221;16px&#8221;][vc_column_text]<span class=\"color-title\"><u>Ancien site:<\/u><\/span><br \/>\n<span style=\"color: #3557f0;\">www.arteconstructo.be<\/span>[\/vc_column_text][vc_empty_space height=&#8221;40px&#8221;][\/vc_column][vc_column width=&#8221;2\/3&#8243;][vc_column_text]<\/p>\n<h3>Posez-nous votre question, nous vous aiderons avec plaisir.<\/h3>\n<p>[\/vc_column_text][vc_empty_space height=&#8221;14px&#8221;][vc_raw_html]JTVCZm9ybWlkYWJsZSUyMGlkJTNENCU1RA==[\/vc_raw_html][vc_empty_space height=&#8221;40px&#8221;][\/vc_column][\/vc_row][vc_row][vc_column][vc_column_text]<\/p>\n<h3 style=\"text-align: center;\">Comment se rendre au bureau et au d\u00e9p\u00f4t<\/h3>\n<p>[\/vc_column_text][vc_empty_space height=&#8221;24px&#8221;][vc_gmaps link=&#8221;#E-8_JTNDaWZyYW1lJTIwc3JjJTNEJTIyaHR0cHMlM0ElMkYlMkZ3d3cuZ29vZ2xlLmNvbSUyRm1hcHMlMkZlbWJlZCUzRnBiJTNEJTIxMW0xOCUyMTFtMTIlMjExbTMlMjExZDgwMTMyLjkyNjc4MzQ0MzY5JTIxMmQ0LjMyOTE3NzMwNjI4ODg4JTIxM2Q1MS4xMjQwNjgwNzMzOTY1JTIxMm0zJTIxMWYwJTIxMmYwJTIxM2YwJTIxM20yJTIxMWkxMDI0JTIxMmk3NjglMjE0ZjEzLjElMjEzbTMlMjExbTIlMjExczB4NDdjM2YxZWM5Mzg2MDVkNyUyNTNBMHhmYjYyNjBhODc4YTRjM2JlJTIxMnNNb2xlbmJlcmdsZWklMkIxOCUyNTJDJTJCMjYyNyUyQlNjaGVsbGUlMjE1ZTAlMjEzbTIlMjExc25sJTIxMnNiZSUyMTR2MTQ0ODA0OTkzNTA5MiUyMiUyMHdpZHRoJTNEJTIyMTMwMCUyMiUyMGhlaWdodCUzRCUyMjQwMCUyMiUyMGZyYW1lYm9yZGVyJTNEJTIyMCUyMiUyMHN0eWxlJTNEJTIyYm9yZGVyJTNBMCUyMiUyMGFsbG93ZnVsbHNjcmVlbiUzRSUzQyUyRmlmcmFtZSUzRQ==&#8221; size=&#8221;400&#8243;][vc_empty_space height=&#8221;45px&#8221;][\/vc_column][\/vc_row][vc_row full_width=&#8221;true&#8221; margin_bottom=&#8221;-80&#8243;][vc_column width=&#8221;1\/4&#8243;]<div tabindex=\"0\" class=\"ult-new-ib ult-ib-effect-style2  ult-ib-resp ult-ib2-min-height \" data-min-width=\"768\" data-max-width=\"900\" style=\"background:#000000; opacity:0; \" data-opacity=\"1\" data-hover-opacity=\"0.5\"  data-min-height=\"428\" ><img decoding=\"async\" class=\"ult-new-ib-img\" style=\"opacity:1;\" alt=\"\" src=\"https:\/\/arteconstructo.com\/wp-content\/uploads\/2015\/11\/lavabo.jpg\"  data-min-height=\"428\"   \/><div id=\"interactive-banner-wrap-4247\" class=\"ult-new-ib-desc\" style=\"\"><h2 class=\"ult-new-ib-title ult-responsive\"  data-ultimate-target='#interactive-banner-wrap-4247 .ult-new-ib-title'  data-responsive-json-new='{\"font-size\":\"\",\"line-height\":\"\"}'  style=\"font-weight:normal;color:#ffffff;\">C H A U X<\/h2><\/div><a class=\"ult-new-ib-link\" href=\"http:\/\/arteconstructo.com\/fr\/chaux\/\" title=\"chaux\"  ><\/a><\/div>[\/vc_column][vc_column width=&#8221;1\/4&#8243;]<div tabindex=\"0\" class=\"ult-new-ib ult-ib-effect-style2  ult-ib-resp ult-ib2-min-height \" data-min-width=\"768\" data-max-width=\"900\" style=\"background:#000000; opacity:0; \" data-opacity=\"1\" data-hover-opacity=\"0.5\"  data-min-height=\"428\" ><img decoding=\"async\" class=\"ult-new-ib-img\" style=\"opacity:1;\" alt=\"\" src=\"https:\/\/arteconstructo.com\/wp-content\/uploads\/2015\/11\/trap.jpg\"  data-min-height=\"428\"   \/><div id=\"interactive-banner-wrap-5702\" class=\"ult-new-ib-desc\" style=\"\"><h2 class=\"ult-new-ib-title ult-responsive\"  data-ultimate-target='#interactive-banner-wrap-5702 .ult-new-ib-title'  data-responsive-json-new='{\"font-size\":\"\",\"line-height\":\"\"}'  style=\"font-weight:normal;color:#ffffff;\">P R O P R I E T E S<\/h2><\/div><a class=\"ult-new-ib-link\" href=\"http:\/\/arteconstructo.com\/fr\/proprietes\/\" title=\"proprietes\"  ><\/a><\/div>[\/vc_column][vc_column width=&#8221;1\/4&#8243;]<div tabindex=\"0\" class=\"ult-new-ib ult-ib-effect-style2  ult-ib-resp ult-ib2-min-height \" data-min-width=\"768\" data-max-width=\"900\" style=\"background:#000000; opacity:0; \" data-opacity=\"1\" data-hover-opacity=\"0.5\"  data-min-height=\"428\" ><img decoding=\"async\" class=\"ult-new-ib-img\" style=\"opacity:1;\" alt=\"\" src=\"https:\/\/arteconstructo.com\/wp-content\/uploads\/2015\/11\/paint.jpg\"  data-min-height=\"428\"   \/><div id=\"interactive-banner-wrap-4021\" class=\"ult-new-ib-desc\" style=\"\"><h2 class=\"ult-new-ib-title ult-responsive\"  data-ultimate-target='#interactive-banner-wrap-4021 .ult-new-ib-title'  data-responsive-json-new='{\"font-size\":\"\",\"line-height\":\"\"}'  style=\"font-weight:normal;color:#ffffff;\">I N T E R E S S A N T<\/h2><\/div><a class=\"ult-new-ib-link\" href=\"http:\/\/arteconstructo.com\/fr\/interessant\/\" title=\"interessant\"  ><\/a><\/div>[\/vc_column][vc_column width=&#8221;1\/4&#8243;]<div tabindex=\"0\" class=\"ult-new-ib ult-ib-effect-style2  ult-ib-resp ult-ib2-min-height \" data-min-width=\"768\" data-max-width=\"900\" style=\"background:#000000; opacity:0; \" data-opacity=\"1\" data-hover-opacity=\"0.5\"  data-min-height=\"428\" ><img decoding=\"async\" class=\"ult-new-ib-img\" style=\"opacity:1;\" alt=\"\" src=\"https:\/\/arteconstructo.com\/wp-content\/uploads\/2015\/11\/salon.jpg\"  data-min-height=\"428\"   \/><div id=\"interactive-banner-wrap-4349\" class=\"ult-new-ib-desc\" style=\"\"><h2 class=\"ult-new-ib-title ult-responsive\"  data-ultimate-target='#interactive-banner-wrap-4349 .ult-new-ib-title'  data-responsive-json-new='{\"font-size\":\"\",\"line-height\":\"\"}'  style=\"font-weight:normal;color:#ffffff;\">I M A G E S<\/h2><\/div><a class=\"ult-new-ib-link\" href=\"http:\/\/arteconstructo.com\/images\/\" title=\"images\"  ><\/a><\/div>[\/vc_column][\/vc_row]<\/p>\n<\/div>","protected":false},"excerpt":{"rendered":"<p>[vc_row type=&#8221;1&#8243; margin_top=&#8221;-50&#8243; padding_top=&#8221;100&#8243; padding_bottom=&#8221;100&#8243; bg_color=&#8221;#ffffff&#8221; bg_position=&#8221;center&#8221; bg_image=&#8221;https:\/\/arteconstructo.com\/wp-content\/uploads\/2020\/05\/header-contact.jpg&#8221;][vc_column][vc_custom_heading text=&#8221;Contact&#8221; font_container=&#8221;tag:h2|font_size:36px|text_align:center|color:%23ffffff&#8221; use_theme_fonts=&#8221;yes&#8221;][\/vc_column][\/vc_row][vc_row full_width_row=&#8221;true&#8221; padding_left=&#8221;30px&#8221; padding_right=&#8221;30px&#8221;][vc_column][vc_empty_space height=&#8221;30px&#8221;][vc_row_inner][vc_column_inner width=&#8221;1\/3&#8243;][\/vc_column_inner][vc_column_inner width=&#8221;1\/3&#8243;][vc_single_image image=&#8221;106&#8243; img_size=&#8221;full&#8221; alignment=&#8221;center&#8221; image_hovers=&#8221;false&#8221;][\/vc_column_inner][vc_column_inner width=&#8221;1\/3&#8243;][\/vc_column_inner][\/vc_row_inner][vc_empty_space height=&#8221;20px&#8221;][vc_column_text] CONTACTEZ-NOUS [\/vc_column_text][vc_empty_space height=&#8221;20px&#8221;][vc_row_inner][vc_column_inner width=&#8221;1\/6&#8243;][\/vc_column_inner][vc_column_inner width=&#8221;2\/3&#8243;][vc_column_text] Nous sommes \u00e0 votre \u00e9coute par t\u00e9l\u00e9phone ou par mail. Merci de remplir le formulaire ci-dessous si vous d\u00e9sireriez recevoir plus d\u2019informations. Chaque projet, ind\u00e9pendant de sa&hellip;<\/p>\n","protected":false},"author":8,"featured_media":0,"parent":0,"menu_order":9,"comment_status":"closed","ping_status":"closed","template":"","meta":{"footnotes":""},"class_list":["post-15811","page","type-page","status-publish","hentry","description-off"],"_links":{"self":[{"href":"https:\/\/arteconstructo.com\/fr\/wp-json\/wp\/v2\/pages\/15811","targetHints":{"allow":["GET"]}}],"collection":[{"href":"https:\/\/arteconstructo.com\/fr\/wp-json\/wp\/v2\/pages"}],"about":[{"href":"https:\/\/arteconstructo.com\/fr\/wp-json\/wp\/v2\/types\/page"}],"author":[{"embeddable":true,"href":"https:\/\/arteconstructo.com\/fr\/wp-json\/wp\/v2\/users\/8"}],"replies":[{"embeddable":true,"href":"https:\/\/arteconstructo.com\/fr\/wp-json\/wp\/v2\/comments?post=15811"}],"version-history":[{"count":0,"href":"https:\/\/arteconstructo.com\/fr\/wp-json\/wp\/v2\/pages\/15811\/revisions"}],"wp:attachment":[{"href":"https:\/\/arteconstructo.com\/fr\/wp-json\/wp\/v2\/media?parent=15811"}],"curies":[{"name":"wp","href":"https:\/\/api.w.org\/{rel}","templated":true}]}}