{"id":15799,"date":"2016-03-01T14:52:26","date_gmt":"2016-03-01T14:52:26","guid":{"rendered":"https:\/\/arteconstructo.com\/fr\/?page_id=15799"},"modified":"2024-10-07T14:48:49","modified_gmt":"2024-10-07T13:48:49","slug":"cartes-de-teintes-coridecor","status":"publish","type":"page","link":"https:\/\/arteconstructo.com\/fr\/cartes-de-teintes\/cartes-de-teintes-coridecor\/","title":{"rendered":"Cartes de teintes Coridecor"},"content":{"rendered":"<div class=\"wpb-content-wrapper\"><p>[vc_row][vc_column][vc_column_text]<\/p>\n<h3 style=\"text-align: center;\">C A R T E S \u00a0 D E \u00a0 T E I N T E S<\/h3>\n<h3 style=\"text-align: center;\">CORIDECOR<\/h3>\n<p>[\/vc_column_text][vc_empty_space][vc_column_text css=&#8221;&#8221;]<\/p>\n<p style=\"margin: 0in; font-family: Calibri; font-size: 11pt; text-align: center;\">\u00c9tant donn\u00e9 le caract\u00e8re naturel du produit, de l\u00e9g\u00e8res variations de couleur peuvent se produire lors de la production et de l&#8217;application.<\/p>\n<p style=\"margin: 0in; font-family: Calibri; font-size: 11pt; text-align: center;\">Toutes les couleurs de cette carte doivent donc \u00eatre consid\u00e9r\u00e9es comme <span style=\"font-weight: bold;\">indicatives<\/span>.<\/p>\n<p style=\"margin: 0in; font-family: Calibri; font-size: 11pt; text-align: center;\">Il est fortement recommand\u00e9 d&#8217;appliquer un \u00e9chantillon sur place afin de d\u00e9terminer la couleur finale.<\/p>\n<p>[\/vc_column_text][vc_empty_space][\/vc_column][\/vc_row][vc_row][vc_column][vc_single_image image=&#8221;21459&#8243; img_size=&#8221;full&#8221; alignment=&#8221;center&#8221; onclick=&#8221;custom_link&#8221; img_link_target=&#8221;_blank&#8221; link=&#8221;https:\/\/arteconstructo.com\/wp-content\/uploads\/2016\/01\/Kleurkaart-Corical-1.jpg&#8221;][vc_empty_space][vc_single_image image=&#8221;21455&#8243; img_size=&#8221;full&#8221; alignment=&#8221;center&#8221; onclick=&#8221;custom_link&#8221; img_link_target=&#8221;_blank&#8221; link=&#8221;https:\/\/arteconstructo.com\/wp-content\/uploads\/2016\/01\/Kleurkaart-Coristil-1.jpg&#8221;][vc_empty_space][vc_single_image image=&#8221;21451&#8243; img_size=&#8221;full&#8221; alignment=&#8221;center&#8221; onclick=&#8221;custom_link&#8221; img_link_target=&#8221;_blank&#8221; link=&#8221;https:\/\/arteconstructo.com\/wp-content\/uploads\/2016\/01\/Kleurkaart-Decorlux-1.jpg&#8221;][\/vc_column][\/vc_row]<\/p>\n<\/div>","protected":false},"excerpt":{"rendered":"<p>[vc_row][vc_column][vc_column_text] C A R T E S \u00a0 D E \u00a0 T E I N T E S CORIDECOR [\/vc_column_text][vc_empty_space][vc_column_text css=&#8221;&#8221;] \u00c9tant donn\u00e9 le caract\u00e8re naturel du produit, de l\u00e9g\u00e8res variations de couleur peuvent se produire lors de la production et de l&#8217;application. Toutes les couleurs de cette carte doivent donc \u00eatre consid\u00e9r\u00e9es comme indicatives.&hellip;<\/p>\n","protected":false},"author":8,"featured_media":0,"parent":15793,"menu_order":3,"comment_status":"closed","ping_status":"closed","template":"","meta":{"footnotes":""},"class_list":["post-15799","page","type-page","status-publish","hentry","description-off"],"_links":{"self":[{"href":"https:\/\/arteconstructo.com\/fr\/wp-json\/wp\/v2\/pages\/15799","targetHints":{"allow":["GET"]}}],"collection":[{"href":"https:\/\/arteconstructo.com\/fr\/wp-json\/wp\/v2\/pages"}],"about":[{"href":"https:\/\/arteconstructo.com\/fr\/wp-json\/wp\/v2\/types\/page"}],"author":[{"embeddable":true,"href":"https:\/\/arteconstructo.com\/fr\/wp-json\/wp\/v2\/users\/8"}],"replies":[{"embeddable":true,"href":"https:\/\/arteconstructo.com\/fr\/wp-json\/wp\/v2\/comments?post=15799"}],"version-history":[{"count":1,"href":"https:\/\/arteconstructo.com\/fr\/wp-json\/wp\/v2\/pages\/15799\/revisions"}],"predecessor-version":[{"id":23067,"href":"https:\/\/arteconstructo.com\/fr\/wp-json\/wp\/v2\/pages\/15799\/revisions\/23067"}],"up":[{"embeddable":true,"href":"https:\/\/arteconstructo.com\/fr\/wp-json\/wp\/v2\/pages\/15793"}],"wp:attachment":[{"href":"https:\/\/arteconstructo.com\/fr\/wp-json\/wp\/v2\/media?parent=15799"}],"curies":[{"name":"wp","href":"https:\/\/api.w.org\/{rel}","templated":true}]}}