{"id":15795,"date":"2016-03-01T14:46:04","date_gmt":"2016-03-01T14:46:04","guid":{"rendered":"https:\/\/arteconstructo.com\/fr\/?page_id=15795"},"modified":"2024-10-07T14:33:09","modified_gmt":"2024-10-07T13:33:09","slug":"cartes-de-teintes-unilit","status":"publish","type":"page","link":"https:\/\/arteconstructo.com\/fr\/cartes-de-teintes\/cartes-de-teintes-unilit\/","title":{"rendered":"Cartes de teintes Unilit"},"content":{"rendered":"<div class=\"wpb-content-wrapper\"><p>[vc_row][vc_column][vc_column_text css=&#8221;&#8221;]<\/p>\n<p style=\"margin: 0in; font-family: Calibri; font-size: 11pt; text-align: center;\">\u00c9tant donn\u00e9 le caract\u00e8re naturel du produit UNILIT, de l\u00e9g\u00e8res variations de couleur peuvent se produire lors de la production et de l&#8217;application.<\/p>\n<p style=\"margin: 0in; font-family: Calibri; font-size: 11pt; text-align: center;\">Toutes les couleurs de cette carte doivent donc \u00eatre consid\u00e9r\u00e9es comme <span style=\"font-weight: bold;\">indicatives<\/span>.<\/p>\n<p style=\"margin: 0in; font-family: Calibri; font-size: 11pt; text-align: center;\">Il est fortement recommand\u00e9 d&#8217;appliquer un \u00e9chantillon sur place afin de d\u00e9terminer la couleur finale.<\/p>\n<p>[\/vc_column_text][vc_empty_space][vc_column_text]<\/p>\n<h3 style=\"text-align: center;\">C A R T E S \u00a0 D E \u00a0 T E I N T E S<\/h3>\n<h3 style=\"text-align: center;\">UNILIT 15P1 &amp; 65F<\/h3>\n<p>[\/vc_column_text][vc_empty_space][\/vc_column][\/vc_row][vc_row][vc_column][vc_single_image image=&#8221;21479&#8243; img_size=&#8221;full&#8221; alignment=&#8221;center&#8221; onclick=&#8221;link_image&#8221;][\/vc_column][\/vc_row][vc_row][vc_column][vc_column_text]<\/p>\n<h3 style=\"text-align: center;\">C A R T E S \u00a0 D E \u00a0 T E I N T E S<\/h3>\n<h3 style=\"text-align: center;\">UNILIT PEDES M<\/h3>\n<p>[\/vc_column_text][vc_empty_space][\/vc_column][\/vc_row][vc_row][vc_column][vc_single_image image=&#8221;21475&#8243; img_size=&#8221;full&#8221; alignment=&#8221;center&#8221; onclick=&#8221;link_image&#8221;][\/vc_column][\/vc_row]<\/p>\n<\/div>","protected":false},"excerpt":{"rendered":"<p>[vc_row][vc_column][vc_column_text css=&#8221;&#8221;] \u00c9tant donn\u00e9 le caract\u00e8re naturel du produit UNILIT, de l\u00e9g\u00e8res variations de couleur peuvent se produire lors de la production et de l&#8217;application. Toutes les couleurs de cette carte doivent donc \u00eatre consid\u00e9r\u00e9es comme indicatives. Il est fortement recommand\u00e9 d&#8217;appliquer un \u00e9chantillon sur place afin de d\u00e9terminer la couleur finale. [\/vc_column_text][vc_empty_space][vc_column_text] C A&hellip;<\/p>\n","protected":false},"author":8,"featured_media":0,"parent":15793,"menu_order":1,"comment_status":"closed","ping_status":"closed","template":"","meta":{"footnotes":""},"class_list":["post-15795","page","type-page","status-publish","hentry","description-off"],"_links":{"self":[{"href":"https:\/\/arteconstructo.com\/fr\/wp-json\/wp\/v2\/pages\/15795","targetHints":{"allow":["GET"]}}],"collection":[{"href":"https:\/\/arteconstructo.com\/fr\/wp-json\/wp\/v2\/pages"}],"about":[{"href":"https:\/\/arteconstructo.com\/fr\/wp-json\/wp\/v2\/types\/page"}],"author":[{"embeddable":true,"href":"https:\/\/arteconstructo.com\/fr\/wp-json\/wp\/v2\/users\/8"}],"replies":[{"embeddable":true,"href":"https:\/\/arteconstructo.com\/fr\/wp-json\/wp\/v2\/comments?post=15795"}],"version-history":[{"count":3,"href":"https:\/\/arteconstructo.com\/fr\/wp-json\/wp\/v2\/pages\/15795\/revisions"}],"predecessor-version":[{"id":23050,"href":"https:\/\/arteconstructo.com\/fr\/wp-json\/wp\/v2\/pages\/15795\/revisions\/23050"}],"up":[{"embeddable":true,"href":"https:\/\/arteconstructo.com\/fr\/wp-json\/wp\/v2\/pages\/15793"}],"wp:attachment":[{"href":"https:\/\/arteconstructo.com\/fr\/wp-json\/wp\/v2\/media?parent=15795"}],"curies":[{"name":"wp","href":"https:\/\/api.w.org\/{rel}","templated":true}]}}