{"id":15793,"date":"2016-03-01T14:43:16","date_gmt":"2016-03-01T14:43:16","guid":{"rendered":"https:\/\/arteconstructo.com\/fr\/?page_id=15793"},"modified":"2024-10-07T14:19:32","modified_gmt":"2024-10-07T13:19:32","slug":"cartes-de-teintes","status":"publish","type":"page","link":"https:\/\/arteconstructo.com\/fr\/cartes-de-teintes\/","title":{"rendered":"cartes de teintes"},"content":{"rendered":"<div class=\"wpb-content-wrapper\"><p>[vc_row full_width=&#8221;true&#8221; margin_top=&#8221;-50px&#8221;][vc_column][vc_single_image image=&#8221;15642&#8243; img_size=&#8221;full&#8221; alignment=&#8221;center&#8221; image_hovers=&#8221;false&#8221;][\/vc_column][\/vc_row][vc_row full_width_row=&#8221;true&#8221; padding_left=&#8221;30px&#8221; padding_right=&#8221;30px&#8221;][vc_column][vc_empty_space height=&#8221;30px&#8221;][vc_row_inner][vc_column_inner width=&#8221;1\/3&#8243;][\/vc_column_inner][vc_column_inner width=&#8221;1\/3&#8243;][vc_single_image image=&#8221;187&#8243; img_size=&#8221;full&#8221; alignment=&#8221;center&#8221; image_hovers=&#8221;false&#8221;][\/vc_column_inner][vc_column_inner width=&#8221;1\/3&#8243;][\/vc_column_inner][\/vc_row_inner][vc_row_inner][vc_column_inner width=&#8221;1\/6&#8243;][\/vc_column_inner][vc_column_inner width=&#8221;2\/3&#8243;][vc_column_text]<\/p>\n<p style=\"text-align: center;\"><em>\u00ab\u00a0La couleur permet d&#8217;\u00e9largir ou de d\u00e9limiter un espace.<br \/>\nElle est n\u00e9cessaire pour ajouter une touche de magie \u00e0 un lieu&#8230;&#8221;<\/em><\/p>\n<p style=\"text-align: center;\"><strong>Luis Barrag\u00e1n (1902-1988)<\/strong><\/p>\n<p>[\/vc_column_text][\/vc_column_inner][vc_column_inner width=&#8221;1\/6&#8243;][\/vc_column_inner][\/vc_row_inner][vc_empty_space][\/vc_column][\/vc_row][vc_row type=&#8221;1&#8243; margin_top=&#8221;-50&#8243; bg_image=&#8221;https:\/\/arteconstructo.com\/wp-content\/uploads\/2015\/11\/achtergrond-medusa.jpg&#8221;][vc_column][vc_empty_space height=&#8221;60px&#8221;][vc_column_text]<\/p>\n<h3 style=\"text-align: center;\"><span style=\"color: #000000;\"><strong>LES CARTES DE TEINTES<\/strong><\/span><\/h3>\n<p>[\/vc_column_text][vc_empty_space][vc_column_text css=&#8221;&#8221; el_id=&#8221;Warning colour differences&#8221;]<\/p>\n<p style=\"margin: 0in; font-family: Calibri; font-size: 11pt; text-align: center;\">\u00c9tant donn\u00e9 le caract\u00e8re naturel des produits, de l\u00e9g\u00e8res variations de couleur peuvent se produire lors de la production et de l&#8217;application.<\/p>\n<p style=\"margin: 0in; font-family: Calibri; font-size: 11pt; text-align: center;\">Toutes les couleurs de cette carte doivent donc \u00eatre consid\u00e9r\u00e9es comme <span style=\"font-weight: bold;\">indicatives<\/span>.<\/p>\n<p style=\"margin: 0in; font-family: Calibri; font-size: 11pt; text-align: center;\">Il est fortement recommand\u00e9 d&#8217;appliquer un \u00e9chantillon sur place afin de d\u00e9terminer la couleur finale.<\/p>\n<p>[\/vc_column_text][vc_row_inner][vc_column_inner width=&#8221;1\/4&#8243;][vc_empty_space][vc_single_image image=&#8221;15552&#8243; img_size=&#8221;260&#215;140&#8243; alignment=&#8221;center&#8221; onclick=&#8221;custom_link&#8221; link=&#8221;https:\/\/arteconstructo.com\/fr\/cartes-de-teintes\/cartes-de-teintes-unilit\/&#8221;][\/vc_column_inner][vc_column_inner width=&#8221;1\/4&#8243;][vc_empty_space][vc_single_image image=&#8221;15550&#8243; img_size=&#8221;260&#215;140&#8243; alignment=&#8221;center&#8221; onclick=&#8221;custom_link&#8221; link=&#8221;https:\/\/arteconstructo.com\/fr\/cartes-de-teintes\/cartes-de-teintes-keim\/&#8221;][\/vc_column_inner][vc_column_inner width=&#8221;1\/4&#8243;][vc_empty_space][vc_single_image image=&#8221;15549&#8243; img_size=&#8221;260&#215;140&#8243; alignment=&#8221;center&#8221; onclick=&#8221;custom_link&#8221; link=&#8221;https:\/\/arteconstructo.com\/fr\/cartes-de-teintes\/cartes-de-teintes-coridecor\/&#8221;][\/vc_column_inner][vc_column_inner width=&#8221;1\/4&#8243;][vc_empty_space][vc_single_image image=&#8221;15551&#8243; img_size=&#8221;260&#215;140&#8243; alignment=&#8221;center&#8221; onclick=&#8221;custom_link&#8221; link=&#8221;https:\/\/arteconstructo.com\/fr\/cartes-de-teintes\/cartes-de-teintes-uula\/&#8221;][\/vc_column_inner][\/vc_row_inner][vc_empty_space][vc_empty_space height=&#8221;60px&#8221;][\/vc_column][\/vc_row][vc_row][vc_column][vc_empty_space height=&#8221;50px&#8221;][\/vc_column][\/vc_row][vc_row full_width=&#8221;true&#8221; margin_bottom=&#8221;-50&#8243;][vc_column width=&#8221;1\/4&#8243;]<div tabindex=\"0\" class=\"ult-new-ib ult-ib-effect-style2  ult-ib-resp ult-ib2-min-height \" data-min-width=\"768\" data-max-width=\"900\" style=\"background:#000000; opacity:0; \" data-opacity=\"1\" data-hover-opacity=\"0.5\"  data-min-height=\"428\" ><img decoding=\"async\" class=\"ult-new-ib-img\" style=\"opacity:1;\" alt=\"\" src=\"https:\/\/arteconstructo.com\/wp-content\/uploads\/2015\/11\/lavabo.jpg\"  data-min-height=\"428\"   \/><div id=\"interactive-banner-wrap-2982\" class=\"ult-new-ib-desc\" style=\"\"><h2 class=\"ult-new-ib-title ult-responsive\"  data-ultimate-target='#interactive-banner-wrap-2982 .ult-new-ib-title'  data-responsive-json-new='{\"font-size\":\"\",\"line-height\":\"\"}'  style=\"font-weight:normal;color:#ffffff;\">C H A U X<\/h2><\/div><a class=\"ult-new-ib-link\" href=\"http:\/\/arteconstructo.com\/fr\/chaux\/\" title=\"chaux\"  ><\/a><\/div>[\/vc_column][vc_column width=&#8221;1\/4&#8243;]<div tabindex=\"0\" class=\"ult-new-ib ult-ib-effect-style2  ult-ib-resp ult-ib2-min-height \" data-min-width=\"768\" data-max-width=\"900\" style=\"background:#000000; opacity:0; \" data-opacity=\"1\" data-hover-opacity=\"0.5\"  data-min-height=\"428\" ><img decoding=\"async\" class=\"ult-new-ib-img\" style=\"opacity:1;\" alt=\"\" src=\"https:\/\/arteconstructo.com\/wp-content\/uploads\/2015\/11\/trap.jpg\"  data-min-height=\"428\"   \/><div id=\"interactive-banner-wrap-1539\" class=\"ult-new-ib-desc\" style=\"\"><h2 class=\"ult-new-ib-title ult-responsive\"  data-ultimate-target='#interactive-banner-wrap-1539 .ult-new-ib-title'  data-responsive-json-new='{\"font-size\":\"\",\"line-height\":\"\"}'  style=\"font-weight:normal;color:#ffffff;\">P R O P R I E T E S<\/h2><\/div><a class=\"ult-new-ib-link\" href=\"http:\/\/arteconstructo.com\/fr\/proprietes\/\" title=\"proprietes\"  ><\/a><\/div>[\/vc_column][vc_column width=&#8221;1\/4&#8243;]<div tabindex=\"0\" class=\"ult-new-ib ult-ib-effect-style2  ult-ib-resp ult-ib2-min-height \" data-min-width=\"768\" data-max-width=\"900\" style=\"background:#000000; opacity:0; \" data-opacity=\"1\" data-hover-opacity=\"0.5\"  data-min-height=\"428\" ><img decoding=\"async\" class=\"ult-new-ib-img\" style=\"opacity:1;\" alt=\"\" src=\"https:\/\/arteconstructo.com\/wp-content\/uploads\/2015\/11\/paint.jpg\"  data-min-height=\"428\"   \/><div id=\"interactive-banner-wrap-3111\" class=\"ult-new-ib-desc\" style=\"\"><h2 class=\"ult-new-ib-title ult-responsive\"  data-ultimate-target='#interactive-banner-wrap-3111 .ult-new-ib-title'  data-responsive-json-new='{\"font-size\":\"\",\"line-height\":\"\"}'  style=\"font-weight:normal;color:#ffffff;\">I N T E R E S S A N T<\/h2><\/div><a class=\"ult-new-ib-link\" href=\"http:\/\/arteconstructo.com\/fr\/interessant\/\" title=\"interessant\"  ><\/a><\/div>[\/vc_column][vc_column width=&#8221;1\/4&#8243;]<div tabindex=\"0\" class=\"ult-new-ib ult-ib-effect-style2  ult-ib-resp ult-ib2-min-height \" data-min-width=\"768\" data-max-width=\"900\" style=\"background:#000000; opacity:0; \" data-opacity=\"1\" data-hover-opacity=\"0.5\"  data-min-height=\"428\" ><img decoding=\"async\" class=\"ult-new-ib-img\" style=\"opacity:1;\" alt=\"\" src=\"https:\/\/arteconstructo.com\/wp-content\/uploads\/2015\/11\/salon.jpg\"  data-min-height=\"428\"   \/><div id=\"interactive-banner-wrap-6240\" class=\"ult-new-ib-desc\" style=\"\"><h2 class=\"ult-new-ib-title ult-responsive\"  data-ultimate-target='#interactive-banner-wrap-6240 .ult-new-ib-title'  data-responsive-json-new='{\"font-size\":\"\",\"line-height\":\"\"}'  style=\"font-weight:normal;color:#ffffff;\">I M A G E S<\/h2><\/div><a class=\"ult-new-ib-link\" href=\"http:\/\/arteconstructo.com\/fr\/images\/\" title=\"images\"  ><\/a><\/div>[\/vc_column][\/vc_row]<\/p>\n<\/div>","protected":false},"excerpt":{"rendered":"<p>[vc_row full_width=&#8221;true&#8221; margin_top=&#8221;-50px&#8221;][vc_column][vc_single_image image=&#8221;15642&#8243; img_size=&#8221;full&#8221; alignment=&#8221;center&#8221; image_hovers=&#8221;false&#8221;][\/vc_column][\/vc_row][vc_row full_width_row=&#8221;true&#8221; padding_left=&#8221;30px&#8221; padding_right=&#8221;30px&#8221;][vc_column][vc_empty_space height=&#8221;30px&#8221;][vc_row_inner][vc_column_inner width=&#8221;1\/3&#8243;][\/vc_column_inner][vc_column_inner width=&#8221;1\/3&#8243;][vc_single_image image=&#8221;187&#8243; img_size=&#8221;full&#8221; alignment=&#8221;center&#8221; image_hovers=&#8221;false&#8221;][\/vc_column_inner][vc_column_inner width=&#8221;1\/3&#8243;][\/vc_column_inner][\/vc_row_inner][vc_row_inner][vc_column_inner width=&#8221;1\/6&#8243;][\/vc_column_inner][vc_column_inner width=&#8221;2\/3&#8243;][vc_column_text] \u00ab\u00a0La couleur permet d&#8217;\u00e9largir ou de d\u00e9limiter un espace. Elle est n\u00e9cessaire pour ajouter une touche de magie \u00e0 un lieu&#8230;&#8221; Luis Barrag\u00e1n (1902-1988) [\/vc_column_text][\/vc_column_inner][vc_column_inner width=&#8221;1\/6&#8243;][\/vc_column_inner][\/vc_row_inner][vc_empty_space][\/vc_column][\/vc_row][vc_row type=&#8221;1&#8243; margin_top=&#8221;-50&#8243; bg_image=&#8221;https:\/\/arteconstructo.com\/wp-content\/uploads\/2015\/11\/achtergrond-medusa.jpg&#8221;][vc_column][vc_empty_space height=&#8221;60px&#8221;][vc_column_text] LES CARTES DE TEINTES [\/vc_column_text][vc_empty_space][vc_column_text&hellip;<\/p>\n","protected":false},"author":8,"featured_media":0,"parent":0,"menu_order":5,"comment_status":"closed","ping_status":"closed","template":"","meta":{"footnotes":""},"class_list":["post-15793","page","type-page","status-publish","hentry","description-off"],"_links":{"self":[{"href":"https:\/\/arteconstructo.com\/fr\/wp-json\/wp\/v2\/pages\/15793","targetHints":{"allow":["GET"]}}],"collection":[{"href":"https:\/\/arteconstructo.com\/fr\/wp-json\/wp\/v2\/pages"}],"about":[{"href":"https:\/\/arteconstructo.com\/fr\/wp-json\/wp\/v2\/types\/page"}],"author":[{"embeddable":true,"href":"https:\/\/arteconstructo.com\/fr\/wp-json\/wp\/v2\/users\/8"}],"replies":[{"embeddable":true,"href":"https:\/\/arteconstructo.com\/fr\/wp-json\/wp\/v2\/comments?post=15793"}],"version-history":[{"count":3,"href":"https:\/\/arteconstructo.com\/fr\/wp-json\/wp\/v2\/pages\/15793\/revisions"}],"predecessor-version":[{"id":23034,"href":"https:\/\/arteconstructo.com\/fr\/wp-json\/wp\/v2\/pages\/15793\/revisions\/23034"}],"wp:attachment":[{"href":"https:\/\/arteconstructo.com\/fr\/wp-json\/wp\/v2\/media?parent=15793"}],"curies":[{"name":"wp","href":"https:\/\/api.w.org\/{rel}","templated":true}]}}