{"id":15781,"date":"2016-03-01T14:11:42","date_gmt":"2016-03-01T14:11:42","guid":{"rendered":"https:\/\/arteconstructo.com\/fr\/?page_id=15781"},"modified":"2020-06-09T11:48:03","modified_gmt":"2020-06-09T10:48:03","slug":"bioecologique","status":"publish","type":"page","link":"https:\/\/arteconstructo.com\/fr\/proprietes\/bioecologique\/","title":{"rendered":"Mat\u00e9riau Bioecologique"},"content":{"rendered":"<div class=\"wpb-content-wrapper\"><p>[vc_row full_width=&#8221;true&#8221; margin_top=&#8221;-50&#8243;][vc_column][vc_single_image image=&#8221;236&#8243; img_size=&#8221;full&#8221; alignment=&#8221;center&#8221; image_hovers=&#8221;false&#8221;][\/vc_column][\/vc_row][vc_row full_width_row=&#8221;true&#8221; padding_left=&#8221;30px&#8221; padding_right=&#8221;30px&#8221;][vc_column][vc_empty_space height=&#8221;60px&#8221;][vc_column_text]<\/p>\n<h3 style=\"text-align: center;\">MATERIAU BIOECOLOGIQUE<\/h3>\n<p>[\/vc_column_text][vc_empty_space height=&#8221;60px&#8221;][\/vc_column][\/vc_row][vc_row full_width_row=&#8221;true&#8221; padding_left=&#8221;30px&#8221; padding_right=&#8221;30px&#8221;][vc_column width=&#8221;2\/3&#8243;][vc_column_text]<\/p>\n<p style=\"text-align: justify;\">La nouvelle tendance est de construire dans le respect de la nature.\u00a0 De nouvelles techniques se d\u00e9veloppent et on recherche de plus en plus des mat\u00e9riaux locaux.<\/p>\n<p style=\"text-align: justify;\">La chaux est en elle-m\u00eame d\u00e9j\u00e0 \u00e9cologique.\u00a0 On peut la trouver partout et il n\u2019y a pas d\u2019additifs sp\u00e9ciaux n\u00e9cessaire afin d\u2019obtenir un mat\u00e9riau efficace.<\/p>\n<p style=\"text-align: justify;\">Compar\u00e9 avec la production du ciment, on est \u00e0 des temp\u00e9ratures bien inf\u00e9rieures en ce qui concerne la production de la chaux (1400-1800\u00b0C pour le ciment, et 800-1200\u00b0C pour la chaux).<\/p>\n<p style=\"text-align: justify;\">Gr\u00e2ce \u00e0 ses propri\u00e9t\u00e9s physiques on b\u00e9n\u00e9ficie \u00e9galement d\u2019un confort int\u00e9rieur qui est <strong>sain<\/strong>, et qui r\u00e9duit fortement les risques d\u2019allergies.<\/p>\n<p>[\/vc_column_text][\/vc_column][vc_column width=&#8221;1\/3&#8243;][vc_single_image image=&#8221;270&#8243; img_size=&#8221;full&#8221; alignment=&#8221;center&#8221; style=&#8221;vc_box_shadow&#8221; image_hovers=&#8221;false&#8221;][\/vc_column][\/vc_row][vc_row][vc_column][vc_empty_space height=&#8221;60px&#8221;][\/vc_column][\/vc_row][vc_row full_width=&#8221;true&#8221;][vc_column]<div tabindex=\"0\" class=\"ult-new-ib ult-ib-effect-style2  ult-ib-resp ult-ib2-min-height \" data-min-width=\"768\" data-max-width=\"900\" style=\"background:#000000; opacity:0; \" data-opacity=\"1\" data-hover-opacity=\"0.5\"  data-min-height=\"350\" ><img decoding=\"async\" class=\"ult-new-ib-img\" style=\"opacity:1;\" alt=\"\" src=\"https:\/\/arteconstructo.com\/wp-content\/uploads\/2015\/11\/sterkte.jpg\"  data-min-height=\"350\"   \/><div id=\"interactive-banner-wrap-8878\" class=\"ult-new-ib-desc\" style=\"\"><h2 class=\"ult-new-ib-title ult-responsive\"  data-ultimate-target='#interactive-banner-wrap-8878 .ult-new-ib-title'  data-responsive-json-new='{\"font-size\":\"desktop:24px;\",\"line-height\":\"\"}'  style=\"font-weight:normal;color:#ffffff;\">RESISTANCE MECANIQUE<\/h2><\/div><a class=\"ult-new-ib-link\" href=\"http:\/\/arteconstructo.com\/fr\/proprietes\/resistance\/\" title=\"R\u00e9sistance m\u00e9canique\"  ><\/a><\/div>[\/vc_column][\/vc_row][vc_row full_width=&#8221;true&#8221; margin_top=&#8221;-130&#8243; margin_bottom=&#8221;-30&#8243;][vc_column]<div tabindex=\"0\" class=\"ult-new-ib ult-ib-effect-style2  ult-ib-resp ult-ib2-min-height \" data-min-width=\"768\" data-max-width=\"900\" style=\"background:#000000; opacity:0; \" data-opacity=\"1\" data-hover-opacity=\"0.5\"  data-min-height=\"350\" ><img decoding=\"async\" class=\"ult-new-ib-img\" style=\"opacity:1;\" alt=\"\" src=\"https:\/\/arteconstructo.com\/wp-content\/uploads\/2015\/11\/bouwfysische.jpg\"  data-min-height=\"350\"   \/><div id=\"interactive-banner-wrap-2873\" class=\"ult-new-ib-desc\" style=\"\"><h2 class=\"ult-new-ib-title ult-responsive\"  data-ultimate-target='#interactive-banner-wrap-2873 .ult-new-ib-title'  data-responsive-json-new='{\"font-size\":\"desktop:24px;\",\"line-height\":\"\"}'  style=\"font-weight:normal;color:#ffffff;\">PHYSIQUE DU BATIMENT<\/h2><\/div><a class=\"ult-new-ib-link\" href=\"http:\/\/arteconstructo.com\/fr\/proprietes\/physique\/\" title=\"Physique du b\u00e2timent\"  ><\/a><\/div>[\/vc_column][\/vc_row][vc_row full_width=&#8221;true&#8221; margin_top=&#8221;-130&#8243; margin_bottom=&#8221;-30&#8243;][vc_column]<div tabindex=\"0\" class=\"ult-new-ib ult-ib-effect-style2  ult-ib-resp ult-ib2-min-height \" data-min-width=\"768\" data-max-width=\"900\" style=\"background:#000000; opacity:0; \" data-opacity=\"1\" data-hover-opacity=\"0.5\"  data-min-height=\"350\" ><img decoding=\"async\" class=\"ult-new-ib-img\" style=\"opacity:1;\" alt=\"\" src=\"https:\/\/arteconstructo.com\/wp-content\/uploads\/2015\/11\/esthetisch.jpg\"  data-min-height=\"350\"   \/><div id=\"interactive-banner-wrap-7788\" class=\"ult-new-ib-desc\" style=\"\"><h2 class=\"ult-new-ib-title ult-responsive\"  data-ultimate-target='#interactive-banner-wrap-7788 .ult-new-ib-title'  data-responsive-json-new='{\"font-size\":\"desktop:24px;\",\"line-height\":\"\"}'  style=\"font-weight:normal;color:#ffffff;\">ESTHETIQUE INTERIEURE ET EXTERIEURE<\/h2><\/div><a class=\"ult-new-ib-link\" href=\"http:\/\/arteconstructo.com\/fr\/proprietes\/esthetique\/\" title=\"Esth\u00e9tique int\u00e9rieure et ext\u00e9rieure\"  ><\/a><\/div>[\/vc_column][\/vc_row][vc_row][vc_column][vc_empty_space height=&#8221;65px&#8221;][\/vc_column][\/vc_row][vc_row full_width=&#8221;true&#8221; margin_bottom=&#8221;-80&#8243;][vc_column width=&#8221;1\/4&#8243;]<div tabindex=\"0\" class=\"ult-new-ib ult-ib-effect-style2  ult-ib-resp ult-ib2-min-height \" data-min-width=\"768\" data-max-width=\"900\" style=\"background:#000000; opacity:0; \" data-opacity=\"1\" data-hover-opacity=\"0.5\"  data-min-height=\"428\" ><img decoding=\"async\" class=\"ult-new-ib-img\" style=\"opacity:1;\" alt=\"\" src=\"https:\/\/arteconstructo.com\/wp-content\/uploads\/2015\/11\/lavabo.jpg\"  data-min-height=\"428\"   \/><div id=\"interactive-banner-wrap-5761\" class=\"ult-new-ib-desc\" style=\"\"><h2 class=\"ult-new-ib-title ult-responsive\"  data-ultimate-target='#interactive-banner-wrap-5761 .ult-new-ib-title'  data-responsive-json-new='{\"font-size\":\"\",\"line-height\":\"\"}'  style=\"font-weight:normal;color:#ffffff;\">C H A U X<\/h2><\/div><a class=\"ult-new-ib-link\" href=\"http:\/\/arteconstructo.com\/fr\/chaux\/\" title=\"chaux\"  ><\/a><\/div>[\/vc_column][vc_column width=&#8221;1\/4&#8243;]<div tabindex=\"0\" class=\"ult-new-ib ult-ib-effect-style2  ult-ib-resp ult-ib2-min-height \" data-min-width=\"768\" data-max-width=\"900\" style=\"background:#000000; opacity:0; \" data-opacity=\"1\" data-hover-opacity=\"0.5\"  data-min-height=\"428\" ><img decoding=\"async\" class=\"ult-new-ib-img\" style=\"opacity:1;\" alt=\"\" src=\"https:\/\/arteconstructo.com\/wp-content\/uploads\/2015\/11\/trap.jpg\"  data-min-height=\"428\"   \/><div id=\"interactive-banner-wrap-8863\" class=\"ult-new-ib-desc\" style=\"\"><h2 class=\"ult-new-ib-title ult-responsive\"  data-ultimate-target='#interactive-banner-wrap-8863 .ult-new-ib-title'  data-responsive-json-new='{\"font-size\":\"\",\"line-height\":\"\"}'  style=\"font-weight:normal;color:#ffffff;\">P R O P R I E T E S<\/h2><\/div><a class=\"ult-new-ib-link\" href=\"http:\/\/arteconstructo.com\/fr\/proprietes\/\" title=\"proprietes\"  ><\/a><\/div>[\/vc_column][vc_column width=&#8221;1\/4&#8243;]<div tabindex=\"0\" class=\"ult-new-ib ult-ib-effect-style2  ult-ib-resp ult-ib2-min-height \" data-min-width=\"768\" data-max-width=\"900\" style=\"background:#000000; opacity:0; \" data-opacity=\"1\" data-hover-opacity=\"0.5\"  data-min-height=\"428\" ><img decoding=\"async\" class=\"ult-new-ib-img\" style=\"opacity:1;\" alt=\"\" src=\"https:\/\/arteconstructo.com\/wp-content\/uploads\/2015\/11\/paint.jpg\"  data-min-height=\"428\"   \/><div id=\"interactive-banner-wrap-5049\" class=\"ult-new-ib-desc\" style=\"\"><h2 class=\"ult-new-ib-title ult-responsive\"  data-ultimate-target='#interactive-banner-wrap-5049 .ult-new-ib-title'  data-responsive-json-new='{\"font-size\":\"\",\"line-height\":\"\"}'  style=\"font-weight:normal;color:#ffffff;\">I N T E R E S S A N T<\/h2><\/div><a class=\"ult-new-ib-link\" href=\"http:\/\/arteconstructo.com\/fr\/interessant\/\" title=\"interessant\"  ><\/a><\/div>[\/vc_column][vc_column width=&#8221;1\/4&#8243;]<div tabindex=\"0\" class=\"ult-new-ib ult-ib-effect-style2  ult-ib-resp ult-ib2-min-height \" data-min-width=\"768\" data-max-width=\"900\" style=\"background:#000000; opacity:0; \" data-opacity=\"1\" data-hover-opacity=\"0.5\"  data-min-height=\"428\" ><img decoding=\"async\" class=\"ult-new-ib-img\" style=\"opacity:1;\" alt=\"\" src=\"https:\/\/arteconstructo.com\/wp-content\/uploads\/2015\/11\/salon.jpg\"  data-min-height=\"428\"   \/><div id=\"interactive-banner-wrap-1246\" class=\"ult-new-ib-desc\" style=\"\"><h2 class=\"ult-new-ib-title ult-responsive\"  data-ultimate-target='#interactive-banner-wrap-1246 .ult-new-ib-title'  data-responsive-json-new='{\"font-size\":\"\",\"line-height\":\"\"}'  style=\"font-weight:normal;color:#ffffff;\">I M A G E S<\/h2><\/div><a class=\"ult-new-ib-link\" href=\"http:\/\/arteconstructo.com\/fr\/images\/\" title=\"images\"  ><\/a><\/div>[\/vc_column][\/vc_row]<\/p>\n<\/div>","protected":false},"excerpt":{"rendered":"<p>[vc_row full_width=&#8221;true&#8221; margin_top=&#8221;-50&#8243;][vc_column][vc_single_image image=&#8221;236&#8243; img_size=&#8221;full&#8221; alignment=&#8221;center&#8221; image_hovers=&#8221;false&#8221;][\/vc_column][\/vc_row][vc_row full_width_row=&#8221;true&#8221; padding_left=&#8221;30px&#8221; padding_right=&#8221;30px&#8221;][vc_column][vc_empty_space height=&#8221;60px&#8221;][vc_column_text] MATERIAU BIOECOLOGIQUE [\/vc_column_text][vc_empty_space height=&#8221;60px&#8221;][\/vc_column][\/vc_row][vc_row full_width_row=&#8221;true&#8221; padding_left=&#8221;30px&#8221; padding_right=&#8221;30px&#8221;][vc_column width=&#8221;2\/3&#8243;][vc_column_text] La nouvelle tendance est de construire dans le respect de la nature.\u00a0 De nouvelles techniques se d\u00e9veloppent et on recherche de plus en plus des mat\u00e9riaux locaux. La chaux est en elle-m\u00eame d\u00e9j\u00e0 \u00e9cologique.\u00a0 On peut&hellip;<\/p>\n","protected":false},"author":8,"featured_media":0,"parent":15771,"menu_order":4,"comment_status":"closed","ping_status":"closed","template":"","meta":{"footnotes":""},"class_list":["post-15781","page","type-page","status-publish","hentry","description-off"],"_links":{"self":[{"href":"https:\/\/arteconstructo.com\/fr\/wp-json\/wp\/v2\/pages\/15781","targetHints":{"allow":["GET"]}}],"collection":[{"href":"https:\/\/arteconstructo.com\/fr\/wp-json\/wp\/v2\/pages"}],"about":[{"href":"https:\/\/arteconstructo.com\/fr\/wp-json\/wp\/v2\/types\/page"}],"author":[{"embeddable":true,"href":"https:\/\/arteconstructo.com\/fr\/wp-json\/wp\/v2\/users\/8"}],"replies":[{"embeddable":true,"href":"https:\/\/arteconstructo.com\/fr\/wp-json\/wp\/v2\/comments?post=15781"}],"version-history":[{"count":0,"href":"https:\/\/arteconstructo.com\/fr\/wp-json\/wp\/v2\/pages\/15781\/revisions"}],"up":[{"embeddable":true,"href":"https:\/\/arteconstructo.com\/fr\/wp-json\/wp\/v2\/pages\/15771"}],"wp:attachment":[{"href":"https:\/\/arteconstructo.com\/fr\/wp-json\/wp\/v2\/media?parent=15781"}],"curies":[{"name":"wp","href":"https:\/\/api.w.org\/{rel}","templated":true}]}}