{"id":17821,"date":"2019-03-18T16:04:00","date_gmt":"2019-03-18T15:04:00","guid":{"rendered":"https:\/\/arteconstructo.com\/unilit-membran\/"},"modified":"2019-06-26T16:25:35","modified_gmt":"2019-06-26T15:25:35","slug":"unilit-membran","status":"publish","type":"page","link":"https:\/\/arteconstructo.com\/de\/unilit-membran\/","title":{"rendered":"Unilit Membran"},"content":{"rendered":"<div class=\"wpb-content-wrapper\"><p>[vc_row][vc_column][vc_column_text]<\/p>\n<h2><b>Unilit Membran<\/b><\/h2>\n<p>&nbsp;<\/p>\n<p><b>Beschreibung<\/b><span class=\"Apple-converted-space\">\u00a0<\/span><\/p>\n<p>UNILIT MEMBRAN ist eine atmungsaktive Membrane f\u00fcr geneigte D\u00e4cher. Es kann auch als Regenschutz bei geschlossenen Fassaden oder hinter einem Putzsystem \/ Estrich verwendet werden.<br \/>\nUNILIT MEMBRAN besteht aus insgesamt vier sehr starken Schichten, die eine regenfeste und atmungsaktive Membran bilden. Es besteht aus zwei \u00e4u\u00dferen Polypropylengeweben, einer mikropor\u00f6sen Folie und einer Polypropylenverst\u00e4rkung. UNILIT MEMBRAN kann direkt auf den Untergrund oder die Struktur gelegt werden. Die Membranen liegen \u00fcbereinander (5-10 cm) und sind mit einem luftdichten Klebeband, z. wasserfester fester Kleber.<\/p>\n<p>&nbsp;<\/p>\n<p><a href=\"https:\/\/arteconstructo.com\/wp-content\/uploads\/2019\/03\/Unilit-membraan-tech-fiche-1.pdf\"><strong>Die PDF Version finden Sie hier<\/strong><\/a>[\/vc_column_text][\/vc_column][\/vc_row]<\/p>\n<\/div>","protected":false},"excerpt":{"rendered":"<p>[vc_row][vc_column][vc_column_text] Unilit Membran &nbsp; Beschreibung\u00a0 UNILIT MEMBRAN ist eine atmungsaktive Membrane f\u00fcr geneigte D\u00e4cher. Es kann auch als Regenschutz bei geschlossenen Fassaden oder hinter einem Putzsystem \/ Estrich verwendet werden. UNILIT MEMBRAN besteht aus insgesamt vier sehr starken Schichten, die eine regenfeste und atmungsaktive Membran bilden. Es besteht aus zwei \u00e4u\u00dferen Polypropylengeweben, einer mikropor\u00f6sen Folie&hellip;<\/p>\n","protected":false},"author":8,"featured_media":0,"parent":0,"menu_order":0,"comment_status":"closed","ping_status":"closed","template":"","meta":{"footnotes":""},"class_list":["post-17821","page","type-page","status-publish","hentry","description-off"],"_links":{"self":[{"href":"https:\/\/arteconstructo.com\/de\/wp-json\/wp\/v2\/pages\/17821","targetHints":{"allow":["GET"]}}],"collection":[{"href":"https:\/\/arteconstructo.com\/de\/wp-json\/wp\/v2\/pages"}],"about":[{"href":"https:\/\/arteconstructo.com\/de\/wp-json\/wp\/v2\/types\/page"}],"author":[{"embeddable":true,"href":"https:\/\/arteconstructo.com\/de\/wp-json\/wp\/v2\/users\/8"}],"replies":[{"embeddable":true,"href":"https:\/\/arteconstructo.com\/de\/wp-json\/wp\/v2\/comments?post=17821"}],"version-history":[{"count":0,"href":"https:\/\/arteconstructo.com\/de\/wp-json\/wp\/v2\/pages\/17821\/revisions"}],"wp:attachment":[{"href":"https:\/\/arteconstructo.com\/de\/wp-json\/wp\/v2\/media?parent=17821"}],"curies":[{"name":"wp","href":"https:\/\/api.w.org\/{rel}","templated":true}]}}